{"id":3709,"date":"2024-04-26T11:41:49","date_gmt":"2024-04-26T11:41:49","guid":{"rendered":"https:\/\/www.sknh.ch\/?page_id=3709"},"modified":"2025-03-25T10:21:20","modified_gmt":"2025-03-25T10:21:20","slug":"wissenswertes","status":"publish","type":"page","link":"https:\/\/www.sknh.ch\/fr\/wissenswertes\/","title":{"rendered":"Informations utiles"},"content":{"rendered":"<style>.kadence-column3709_c20a71-ef > .kt-inside-inner-col,.kadence-column3709_c20a71-ef > .kt-inside-inner-col:before{border-top-left-radius:0px;border-top-right-radius:0px;border-bottom-right-radius:0px;border-bottom-left-radius:0px;}.kadence-column3709_c20a71-ef > .kt-inside-inner-col{column-gap:var(--global-kb-gap-sm, 1rem);}.kadence-column3709_c20a71-ef > .kt-inside-inner-col{flex-direction:column;}.kadence-column3709_c20a71-ef > .kt-inside-inner-col > .aligncenter{width:100%;}.kadence-column3709_c20a71-ef > .kt-inside-inner-col{background-image:linear-gradient(135deg,rgb(6,147,227) 0%,rgb(20,39,109) 100%);}.kadence-column3709_c20a71-ef > .kt-inside-inner-col:before{opacity:1;background-image:linear-gradient(135deg,rgb(48,118,190) 0%,var(--global-palette6,#718096) 53%,rgb(72,140,209) 100%);}.kadence-column3709_c20a71-ef{position:relative;}.kadence-column3709_c20a71-ef, .kt-inside-inner-col > .kadence-column3709_c20a71-ef:not(.specificity){margin-top:var(--global-kb-spacing-lg, 3rem);margin-bottom:var(--global-kb-spacing-lg, 3rem);}@media all and (max-width: 1024px){.kadence-column3709_c20a71-ef > .kt-inside-inner-col{flex-direction:column;justify-content:center;}}@media all and (max-width: 767px){.kadence-column3709_c20a71-ef > .kt-inside-inner-col{flex-direction:column;justify-content:center;}}<\/style>\n<div class=\"wp-block-kadence-column kadence-column3709_c20a71-ef kb-section-has-overlay\"><div class=\"kt-inside-inner-col\"><style>.wp-block-kadence-advancedheading.kt-adv-heading3709_403fd6-91, .wp-block-kadence-advancedheading.kt-adv-heading3709_403fd6-91[data-kb-block=\"kb-adv-heading3709_403fd6-91\"]{padding-top:var(--global-kb-spacing-xxs, 0.5rem);padding-bottom:var(--global-kb-spacing-xxs, 0.5rem);padding-left:var(--global-kb-spacing-xs, 1rem);font-style:normal;color:#ffffff;}.wp-block-kadence-advancedheading.kt-adv-heading3709_403fd6-91 mark.kt-highlight, .wp-block-kadence-advancedheading.kt-adv-heading3709_403fd6-91[data-kb-block=\"kb-adv-heading3709_403fd6-91\"] mark.kt-highlight{font-style:normal;color:#f76a0c;-webkit-box-decoration-break:clone;box-decoration-break:clone;padding-top:0px;padding-right:0px;padding-bottom:0px;padding-left:0px;}.wp-block-kadence-advancedheading.kt-adv-heading3709_403fd6-91 img.kb-inline-image, .wp-block-kadence-advancedheading.kt-adv-heading3709_403fd6-91[data-kb-block=\"kb-adv-heading3709_403fd6-91\"] img.kb-inline-image{width:150px;vertical-align:baseline;}<\/style>\n<h2 class=\"kt-adv-heading3709_403fd6-91 wp-block-kadence-advancedheading\" data-kb-block=\"kb-adv-heading3709_403fd6-91\">Informations utiles<\/h2>\n<\/div><\/div>\n\n\n\n<p>Sur cette page, nous te fournissons r\u00e9guli\u00e8rement des informations, des astuces et des suggestions de lecture sur des sujets tels que la sant\u00e9, la formation initiale et continue, les r\u00e9glementations pour les propri\u00e9taires, l'attestation de comp\u00e9tences, etc.&nbsp;<\/p>\n\n\n\n<p><strong>Le virus de l'herp\u00e8s CHV1 dans l'\u00e9levage canin<\/strong><br><a href=\"http:\/\/sknh.ch\/wp-content\/uploads\/2019\/09\/Herpesartikel-Andrea.pdf\" target=\"_blank\" rel=\"noreferrer noopener\">&#8211; Zusammenfassung des Referates von Frau Prof. Dr. med. vet. S. Arnold&nbsp;\u00a9&nbsp;Andrea Eicher<\/a><\/p>\n\n\n\n<p><strong>Plus d'examens oculaires lors des expositions<\/strong><br><a href=\"http:\/\/sknh.ch\/wp-content\/uploads\/2019\/09\/Sammelmail-SAVO.pdf\" target=\"_blank\" rel=\"noreferrer noopener\">La SCS et la SAVO (Swiss Association of Veterinary Ophthalmologists) informent sur les nouveaut\u00e9s \u00e0 partir de janvier 2020<\/a><a href=\"http:\/\/Swiss Association of Veterinary Ophtalmologists.\">&nbsp;<\/a><\/p>\n\n\n\n<p><strong>Maladies oculaires chez le chien<br><\/strong><a href=\"http:\/\/www.eyevet.ch\/augerkrankg.html#_blank\" target=\"_blank\" rel=\"noreferrer noopener\">\u203a http:\/\/www.eyevet.ch\/augerkrankg.html (en allemand)<\/a><\/p>\n\n\n\n<p><strong>Sp\u00e9cialistes de la vue reconnus par l'ECVO<\/strong><br><a href=\"https:\/\/ecvo.origin.no\/en\/\" target=\"_blank\" rel=\"noreferrer noopener\">https:\/\/ecvo.origin.no\/en\/<\/a><\/p>\n\n\n\n<p><strong>Premiers secours chez le chien<br><\/strong><a href=\"https:\/\/svk-asmpa.ch\/fr\/\" target=\"_blank\" rel=\"noreferrer noopener\">&gt; https:\/\/svk-asmpa.ch\/fr\/<\/a><\/p>\n\n\n\n<p><strong>Procr\u00e9ation m\u00e9dicalement assist\u00e9e chez le chien<br><\/strong><a href=\"https:\/\/www.ennetseeklinik.ch\/fachbereiche\/fortpflanzungsmedizin\" target=\"_blank\" rel=\"noreferrer noopener\">&gt; https:\/\/www.ennetseeklinik.ch\/fachbereiche\/fortpflanzungsmedizin<\/a><\/p>\n\n\n\n<p><strong>\u00c9coles d'\u00e9ducation canines pour les races nordiques<br><\/strong><a href=\"https:\/\/www.sknh.ch\/wp-content\/uploads\/2022\/11\/Hundeschulen.pdf\" target=\"_blank\" rel=\"noreferrer noopener\">&gt; Hundeschulen&nbsp;<\/a><\/p>\n\n\n\n<p><\/p>","protected":false},"excerpt":{"rendered":"<p>Wissenswertes Auf dieser Seite stellen wir dir laufend Informationen, Tipps und Literaturvorschl\u00e4ge zu Themen wie Gesundheit, Aus- und Weiterbildung, Haltervorschriften, Sachkundenachweis etc. zur Verf\u00fcgung.&nbsp; Das Herpesvirus CHV1 in der Hundezucht&#8211; Zusammenfassung des Referates von Frau Prof. Dr. med. vet. S. Arnold&nbsp;\u00a9&nbsp;Andrea Eicher Keine Augenuntersuchungen an Ausstellungen mehr&#8211; Die SKG und die SAVO informieren \u00fcber die&#8230;<\/p>","protected":false},"author":2,"featured_media":0,"parent":0,"menu_order":0,"comment_status":"closed","ping_status":"closed","template":"","meta":{"_kad_post_transparent":"","_kad_post_title":"","_kad_post_layout":"","_kad_post_sidebar_id":"","_kad_post_content_style":"","_kad_post_vertical_padding":"","_kad_post_feature":"","_kad_post_feature_position":"","_kad_post_header":false,"_kad_post_footer":false,"footnotes":""},"wf_page_folders":[10],"class_list":["post-3709","page","type-page","status-publish","hentry"],"_links":{"self":[{"href":"https:\/\/www.sknh.ch\/fr\/wp-json\/wp\/v2\/pages\/3709","targetHints":{"allow":["GET"]}}],"collection":[{"href":"https:\/\/www.sknh.ch\/fr\/wp-json\/wp\/v2\/pages"}],"about":[{"href":"https:\/\/www.sknh.ch\/fr\/wp-json\/wp\/v2\/types\/page"}],"author":[{"embeddable":true,"href":"https:\/\/www.sknh.ch\/fr\/wp-json\/wp\/v2\/users\/2"}],"replies":[{"embeddable":true,"href":"https:\/\/www.sknh.ch\/fr\/wp-json\/wp\/v2\/comments?post=3709"}],"version-history":[{"count":6,"href":"https:\/\/www.sknh.ch\/fr\/wp-json\/wp\/v2\/pages\/3709\/revisions"}],"predecessor-version":[{"id":4279,"href":"https:\/\/www.sknh.ch\/fr\/wp-json\/wp\/v2\/pages\/3709\/revisions\/4279"}],"wp:attachment":[{"href":"https:\/\/www.sknh.ch\/fr\/wp-json\/wp\/v2\/media?parent=3709"}],"wp:term":[{"taxonomy":"wf_page_folders","embeddable":true,"href":"https:\/\/www.sknh.ch\/fr\/wp-json\/wp\/v2\/wf_page_folders?post=3709"}],"curies":[{"name":"wp","href":"https:\/\/api.w.org\/{rel}","templated":true}]}}