{"id":3637,"date":"2024-04-26T08:12:05","date_gmt":"2024-04-26T08:12:05","guid":{"rendered":"https:\/\/www.sknh.ch\/?page_id=3637"},"modified":"2024-05-03T15:10:13","modified_gmt":"2024-05-03T15:10:13","slug":"kontaktiere-uns","status":"publish","type":"page","link":"https:\/\/www.sknh.ch\/fr\/kontaktiere-uns\/","title":{"rendered":"Contactez-nous"},"content":{"rendered":"<div class=\"wp-block-image\">\n<figure class=\"aligncenter size-large\"><img loading=\"lazy\" decoding=\"async\" width=\"1024\" height=\"683\" src=\"https:\/\/www.sknh.ch\/wp-content\/uploads\/2024\/03\/PeterMGruetter001-1024x683.jpg\" alt=\"\" class=\"wp-image-3069\" srcset=\"https:\/\/www.sknh.ch\/wp-content\/uploads\/2024\/03\/PeterMGruetter001-1024x683.jpg 1024w, https:\/\/www.sknh.ch\/wp-content\/uploads\/2024\/03\/PeterMGruetter001-300x200.jpg 300w, https:\/\/www.sknh.ch\/wp-content\/uploads\/2024\/03\/PeterMGruetter001-768x512.jpg 768w, https:\/\/www.sknh.ch\/wp-content\/uploads\/2024\/03\/PeterMGruetter001-1536x1025.jpg 1536w, https:\/\/www.sknh.ch\/wp-content\/uploads\/2024\/03\/PeterMGruetter001-1320x880.jpg 1320w, https:\/\/www.sknh.ch\/wp-content\/uploads\/2024\/03\/PeterMGruetter001.jpg 2048w\" sizes=\"auto, (max-width: 1024px) 100vw, 1024px\" \/><\/figure><\/div>\n\n\n<h2 class=\"wp-block-heading has-text-align-center\">Tu as une question ou une pr\u00e9occupation ? N'h\u00e9site pas \u00e0 nous contacter!<br>Ci-dessous tu trouves le lien vers le sujet correspondant.<\/h2>\n\n\n<style>.kb-row-layout-id3637_5c59e6-aa > .kt-row-column-wrap{align-content:start;}:where(.kb-row-layout-id3637_5c59e6-aa > .kt-row-column-wrap) > .wp-block-kadence-column{justify-content:start;}.kb-row-layout-id3637_5c59e6-aa > .kt-row-column-wrap{column-gap:var(--global-kb-gap-md, 2rem);row-gap:var(--global-kb-gap-md, 2rem);max-width:var( --global-content-width, 1290px );padding-left:var(--global-content-edge-padding);padding-right:var(--global-content-edge-padding);padding-top:var(--global-kb-spacing-sm, 1.5rem);padding-bottom:var(--global-kb-spacing-sm, 1.5rem);grid-template-columns:repeat(2, minmax(0, 1fr));}.kb-row-layout-id3637_5c59e6-aa > .kt-row-layout-overlay{opacity:0.30;}@media all and (max-width: 1024px){.kb-row-layout-id3637_5c59e6-aa > .kt-row-column-wrap{grid-template-columns:repeat(2, minmax(0, 1fr));}}@media all and (max-width: 767px){.kb-row-layout-id3637_5c59e6-aa > .kt-row-column-wrap{grid-template-columns:minmax(0, 1fr);}}<\/style><div class=\"kb-row-layout-wrap kb-row-layout-id3637_5c59e6-aa alignnone wp-block-kadence-rowlayout\"><div class=\"kt-row-column-wrap kt-has-2-columns kt-row-layout-equal kt-tab-layout-inherit kt-mobile-layout-row kt-row-valign-top kt-inner-column-height-full kb-theme-content-width\">\n<style>.kadence-column3637_1a2bef-1b > .kt-inside-inner-col{padding-top:var(--global-kb-spacing-xs, 1rem);padding-right:var(--global-kb-spacing-xs, 1rem);padding-bottom:var(--global-kb-spacing-xs, 1rem);padding-left:var(--global-kb-spacing-xs, 1rem);}.kadence-column3637_1a2bef-1b > .kt-inside-inner-col{border-top:2px solid var(--global-palette6, #718096);border-right:2px solid var(--global-palette6, #718096);border-bottom:2px solid var(--global-palette6, #718096);border-left:2px solid var(--global-palette6, #718096);}.kadence-column3637_1a2bef-1b > .kt-inside-inner-col,.kadence-column3637_1a2bef-1b > .kt-inside-inner-col:before{border-top-left-radius:15px;border-top-right-radius:15px;border-bottom-right-radius:15px;border-bottom-left-radius:15px;}.kadence-column3637_1a2bef-1b > .kt-inside-inner-col{column-gap:var(--global-kb-gap-sm, 1rem);}.kadence-column3637_1a2bef-1b > .kt-inside-inner-col{flex-direction:column;}.kadence-column3637_1a2bef-1b > .kt-inside-inner-col > .aligncenter{width:100%;}.kadence-column3637_1a2bef-1b > .kt-inside-inner-col:before{opacity:0.3;}.kadence-column3637_1a2bef-1b{position:relative;}@media all and (max-width: 1024px){.kadence-column3637_1a2bef-1b > .kt-inside-inner-col{border-top:2px solid var(--global-palette6, #718096);border-right:2px solid var(--global-palette6, #718096);border-bottom:2px solid var(--global-palette6, #718096);border-left:2px solid var(--global-palette6, #718096);flex-direction:column;justify-content:center;}}@media all and (max-width: 767px){.kadence-column3637_1a2bef-1b > .kt-inside-inner-col{border-top:2px solid var(--global-palette6, #718096);border-right:2px solid var(--global-palette6, #718096);border-bottom:2px solid var(--global-palette6, #718096);border-left:2px solid var(--global-palette6, #718096);flex-direction:column;justify-content:center;}}<\/style>\n<div class=\"wp-block-kadence-column kadence-column3637_1a2bef-1b\"><div class=\"kt-inside-inner-col\">\n<h2 class=\"wp-block-heading has-text-align-center\">Elevage et commission d'\u00e9levage<\/h2>\n\n\n<style>.wp-block-kadence-advancedbtn.kb-btns3637_b74af6-78{gap:var(--global-kb-gap-xs, 0.5rem );justify-content:center;align-items:center;}.kt-btns3637_b74af6-78 .kt-button{font-weight:normal;font-style:normal;}.kt-btns3637_b74af6-78 .kt-btn-wrap-0{margin-right:5px;}.wp-block-kadence-advancedbtn.kt-btns3637_b74af6-78 .kt-btn-wrap-0 .kt-button{color:#555555;border-color:#555555;}.wp-block-kadence-advancedbtn.kt-btns3637_b74af6-78 .kt-btn-wrap-0 .kt-button:hover, .wp-block-kadence-advancedbtn.kt-btns3637_b74af6-78 .kt-btn-wrap-0 .kt-button:focus{color:#ffffff;border-color:#444444;}.wp-block-kadence-advancedbtn.kt-btns3637_b74af6-78 .kt-btn-wrap-0 .kt-button::before{display:none;}.wp-block-kadence-advancedbtn.kt-btns3637_b74af6-78 .kt-btn-wrap-0 .kt-button:hover, .wp-block-kadence-advancedbtn.kt-btns3637_b74af6-78 .kt-btn-wrap-0 .kt-button:focus{background:#444444;}<\/style>\n<div class=\"wp-block-kadence-advancedbtn kb-buttons-wrap kb-btns3637_b74af6-78\"><style>ul.menu .wp-block-kadence-advancedbtn .kb-btn3637_a41d63-57.kb-button{width:initial;}<\/style><a class=\"kb-button kt-button button kb-btn3637_a41d63-57 kt-btn-size-standard kt-btn-width-type-full kb-btn-global-inherit  kt-btn-has-text-true kt-btn-has-svg-false  wp-block-button__link wp-block-kadence-singlebtn\" href=\"mailto:  zuko@sknh.ch zuko.admin webmaster@sknh.ch@sknh.ch?subject=SKNH Kontaktaufnahme betreffend Zuko\"><span class=\"kt-btn-inner-text\">Questions g\u00e9n\u00e9rales sur l'\u00e9levage<\/span><\/a><\/div>\n\n\n<style>.wp-block-kadence-advancedbtn.kb-btns3637_161803-bf{gap:var(--global-kb-gap-xs, 0.5rem );justify-content:center;align-items:center;}.kt-btns3637_161803-bf .kt-button{font-weight:normal;font-style:normal;}.kt-btns3637_161803-bf .kt-btn-wrap-0{margin-right:5px;}.wp-block-kadence-advancedbtn.kt-btns3637_161803-bf .kt-btn-wrap-0 .kt-button{color:#555555;border-color:#555555;}.wp-block-kadence-advancedbtn.kt-btns3637_161803-bf .kt-btn-wrap-0 .kt-button:hover, .wp-block-kadence-advancedbtn.kt-btns3637_161803-bf .kt-btn-wrap-0 .kt-button:focus{color:#ffffff;border-color:#444444;}.wp-block-kadence-advancedbtn.kt-btns3637_161803-bf .kt-btn-wrap-0 .kt-button::before{display:none;}.wp-block-kadence-advancedbtn.kt-btns3637_161803-bf .kt-btn-wrap-0 .kt-button:hover, .wp-block-kadence-advancedbtn.kt-btns3637_161803-bf .kt-btn-wrap-0 .kt-button:focus{background:#444444;}<\/style>\n<div class=\"wp-block-kadence-advancedbtn kb-buttons-wrap kb-btns3637_161803-bf\"><style>ul.menu .wp-block-kadence-advancedbtn .kb-btn3637_b37eed-ba.kb-button{width:initial;}<\/style><a class=\"kb-button kt-button button kb-btn3637_b37eed-ba kt-btn-size-standard kt-btn-width-type-full kb-btn-global-inherit  kt-btn-has-text-true kt-btn-has-svg-false  wp-block-button__link wp-block-kadence-singlebtn\" href=\"mailto:  zuko@sknh.ch malamute@sknh.ch webmaster@sknh.ch?subject=SKNH Kontaktaufnahme betreffend Alaskan Malamute\"><span class=\"kt-btn-inner-text\">Malamute de l'Alaska<\/span><\/a><\/div>\n\n\n<style>.wp-block-kadence-advancedbtn.kb-btns3637_d186e9-95{gap:var(--global-kb-gap-xs, 0.5rem );justify-content:center;align-items:center;}.kt-btns3637_d186e9-95 .kt-button{font-weight:normal;font-style:normal;}.kt-btns3637_d186e9-95 .kt-btn-wrap-0{margin-right:5px;}.wp-block-kadence-advancedbtn.kt-btns3637_d186e9-95 .kt-btn-wrap-0 .kt-button{color:#555555;border-color:#555555;}.wp-block-kadence-advancedbtn.kt-btns3637_d186e9-95 .kt-btn-wrap-0 .kt-button:hover, .wp-block-kadence-advancedbtn.kt-btns3637_d186e9-95 .kt-btn-wrap-0 .kt-button:focus{color:#ffffff;border-color:#444444;}.wp-block-kadence-advancedbtn.kt-btns3637_d186e9-95 .kt-btn-wrap-0 .kt-button::before{display:none;}.wp-block-kadence-advancedbtn.kt-btns3637_d186e9-95 .kt-btn-wrap-0 .kt-button:hover, .wp-block-kadence-advancedbtn.kt-btns3637_d186e9-95 .kt-btn-wrap-0 .kt-button:focus{background:#444444;}<\/style>\n<div class=\"wp-block-kadence-advancedbtn kb-buttons-wrap kb-btns3637_d186e9-95\"><style>ul.menu .wp-block-kadence-advancedbtn .kb-btn3637_3d8557-44.kb-button{width:initial;}<\/style><a class=\"kb-button kt-button button kb-btn3637_3d8557-44 kt-btn-size-standard kt-btn-width-type-full kb-btn-global-inherit  kt-btn-has-text-true kt-btn-has-svg-false  wp-block-button__link wp-block-kadence-singlebtn\" href=\"mailto:  zuko@sknh.ch greenlanddog@sknh.ch webmaster@sknh.ch?subject=SKNH Kontaktaufnahme betreffend Gr\u00f6nlandhund, Canadian Eskimo Dog\"><span class=\"kt-btn-inner-text\">Groenlandais \/ Canadian Eskimo Dog<\/span><\/a><\/div>\n\n\n<style>.wp-block-kadence-advancedbtn.kb-btns3637_db4529-50{gap:var(--global-kb-gap-xs, 0.5rem );justify-content:center;align-items:center;}.kt-btns3637_db4529-50 .kt-button{font-weight:normal;font-style:normal;}.kt-btns3637_db4529-50 .kt-btn-wrap-0{margin-right:5px;}.wp-block-kadence-advancedbtn.kt-btns3637_db4529-50 .kt-btn-wrap-0 .kt-button{color:#555555;border-color:#555555;}.wp-block-kadence-advancedbtn.kt-btns3637_db4529-50 .kt-btn-wrap-0 .kt-button:hover, .wp-block-kadence-advancedbtn.kt-btns3637_db4529-50 .kt-btn-wrap-0 .kt-button:focus{color:#ffffff;border-color:#444444;}.wp-block-kadence-advancedbtn.kt-btns3637_db4529-50 .kt-btn-wrap-0 .kt-button::before{display:none;}.wp-block-kadence-advancedbtn.kt-btns3637_db4529-50 .kt-btn-wrap-0 .kt-button:hover, .wp-block-kadence-advancedbtn.kt-btns3637_db4529-50 .kt-btn-wrap-0 .kt-button:focus{background:#444444;}<\/style>\n<div class=\"wp-block-kadence-advancedbtn kb-buttons-wrap kb-btns3637_db4529-50\"><style>ul.menu .wp-block-kadence-advancedbtn .kb-btn3637_16ba71-77.kb-button{width:initial;}<\/style><a class=\"kb-button kt-button button kb-btn3637_16ba71-77 kt-btn-size-standard kt-btn-width-type-full kb-btn-global-inherit  kt-btn-has-text-true kt-btn-has-svg-false  wp-block-button__link wp-block-kadence-singlebtn\" href=\"mailto:  zuko@sknh.ch samojede@sknh.ch webmaster@sknh.ch?subject=SKNH Kontaktaufnahme betreffend Samojede\"><span class=\"kt-btn-inner-text\">Samoy\u00e8de<\/span><\/a><\/div>\n\n\n<style>.wp-block-kadence-advancedbtn.kb-btns3637_a71eed-41{gap:var(--global-kb-gap-xs, 0.5rem );justify-content:center;align-items:center;}.kt-btns3637_a71eed-41 .kt-button{font-weight:normal;font-style:normal;}.kt-btns3637_a71eed-41 .kt-btn-wrap-0{margin-right:5px;}.wp-block-kadence-advancedbtn.kt-btns3637_a71eed-41 .kt-btn-wrap-0 .kt-button{color:#555555;border-color:#555555;}.wp-block-kadence-advancedbtn.kt-btns3637_a71eed-41 .kt-btn-wrap-0 .kt-button:hover, .wp-block-kadence-advancedbtn.kt-btns3637_a71eed-41 .kt-btn-wrap-0 .kt-button:focus{color:#ffffff;border-color:#444444;}.wp-block-kadence-advancedbtn.kt-btns3637_a71eed-41 .kt-btn-wrap-0 .kt-button::before{display:none;}.wp-block-kadence-advancedbtn.kt-btns3637_a71eed-41 .kt-btn-wrap-0 .kt-button:hover, .wp-block-kadence-advancedbtn.kt-btns3637_a71eed-41 .kt-btn-wrap-0 .kt-button:focus{background:#444444;}<\/style>\n<div class=\"wp-block-kadence-advancedbtn kb-buttons-wrap kb-btns3637_a71eed-41\"><style>ul.menu .wp-block-kadence-advancedbtn .kb-btn3637_3e2a3f-d0.kb-button{width:initial;}<\/style><a class=\"kb-button kt-button button kb-btn3637_3e2a3f-d0 kt-btn-size-standard kt-btn-width-type-full kb-btn-global-inherit  kt-btn-has-text-true kt-btn-has-svg-false  wp-block-button__link wp-block-kadence-singlebtn\" href=\"mailto:  zuko@sknh.ch husky1@sknh.ch webmaster@sknh.ch?subject=SKNH Kontaktaufnahme betreffend Siberian Husky\"><span class=\"kt-btn-inner-text\">Husky de Sib\u00e9rie<\/span><\/a><\/div>\n\n\n<style>.wp-block-kadence-advancedbtn.kb-btns3637_1f47a3-66{gap:var(--global-kb-gap-xs, 0.5rem );justify-content:center;align-items:center;}.kt-btns3637_1f47a3-66 .kt-button{font-weight:normal;font-style:normal;}.kt-btns3637_1f47a3-66 .kt-btn-wrap-0{margin-right:5px;}.wp-block-kadence-advancedbtn.kt-btns3637_1f47a3-66 .kt-btn-wrap-0 .kt-button{color:#555555;border-color:#555555;}.wp-block-kadence-advancedbtn.kt-btns3637_1f47a3-66 .kt-btn-wrap-0 .kt-button:hover, .wp-block-kadence-advancedbtn.kt-btns3637_1f47a3-66 .kt-btn-wrap-0 .kt-button:focus{color:#ffffff;border-color:#444444;}.wp-block-kadence-advancedbtn.kt-btns3637_1f47a3-66 .kt-btn-wrap-0 .kt-button::before{display:none;}.wp-block-kadence-advancedbtn.kt-btns3637_1f47a3-66 .kt-btn-wrap-0 .kt-button:hover, .wp-block-kadence-advancedbtn.kt-btns3637_1f47a3-66 .kt-btn-wrap-0 .kt-button:focus{background:#444444;}<\/style>\n<div class=\"wp-block-kadence-advancedbtn kb-buttons-wrap kb-btns3637_1f47a3-66\"><style>ul.menu .wp-block-kadence-advancedbtn .kb-btn3637_5ee184-0d.kb-button{width:initial;}<\/style><a class=\"kb-button kt-button button kb-btn3637_5ee184-0d kt-btn-size-standard kt-btn-width-type-full kb-btn-global-inherit  kt-btn-has-text-true kt-btn-has-svg-false  wp-block-button__link wp-block-kadence-singlebtn\" href=\"mailto:  zuko@sknh.ch jwh@sknh.ch webmaster@sknh.ch?subject=SKNH Kontaktaufnahme betreffend Jagd-, Wach- H\u00fctehund\"><span class=\"kt-btn-inner-text\">Chiens de chasse, de garde et de berger<\/span><\/a><\/div>\n<\/div><\/div>\n\n\n<style>.kadence-column3637_6e363d-c8 > .kt-inside-inner-col{padding-top:var(--global-kb-spacing-xs, 1rem);padding-right:var(--global-kb-spacing-xs, 1rem);padding-bottom:var(--global-kb-spacing-xs, 1rem);padding-left:var(--global-kb-spacing-xs, 1rem);}.kadence-column3637_6e363d-c8 > .kt-inside-inner-col{border-top:2px solid var(--global-palette6, #718096);border-right:2px solid var(--global-palette6, #718096);border-bottom:2px solid var(--global-palette6, #718096);border-left:2px solid var(--global-palette6, #718096);}.kadence-column3637_6e363d-c8 > .kt-inside-inner-col,.kadence-column3637_6e363d-c8 > .kt-inside-inner-col:before{border-top-left-radius:15px;border-top-right-radius:15px;border-bottom-right-radius:15px;border-bottom-left-radius:15px;}.kadence-column3637_6e363d-c8 > .kt-inside-inner-col{column-gap:var(--global-kb-gap-sm, 1rem);}.kadence-column3637_6e363d-c8 > .kt-inside-inner-col{flex-direction:column;}.kadence-column3637_6e363d-c8 > .kt-inside-inner-col > .aligncenter{width:100%;}.kadence-column3637_6e363d-c8 > .kt-inside-inner-col:before{opacity:0.3;}.kadence-column3637_6e363d-c8{position:relative;}@media all and (max-width: 1024px){.kadence-column3637_6e363d-c8 > .kt-inside-inner-col{border-top:2px solid var(--global-palette6, #718096);border-right:2px solid var(--global-palette6, #718096);border-bottom:2px solid var(--global-palette6, #718096);border-left:2px solid var(--global-palette6, #718096);flex-direction:column;justify-content:center;}}@media all and (max-width: 767px){.kadence-column3637_6e363d-c8 > .kt-inside-inner-col{border-top:2px solid var(--global-palette6, #718096);border-right:2px solid var(--global-palette6, #718096);border-bottom:2px solid var(--global-palette6, #718096);border-left:2px solid var(--global-palette6, #718096);flex-direction:column;justify-content:center;}}<\/style>\n<div class=\"wp-block-kadence-column kadence-column3637_6e363d-c8\"><div class=\"kt-inside-inner-col\">\n<h2 class=\"wp-block-heading has-text-align-center\">G\u00e9n\u00e9ralit\u00e9s<\/h2>\n\n\n<style>.wp-block-kadence-advancedbtn.kb-btns3637_e639ff-c0{gap:var(--global-kb-gap-xs, 0.5rem );justify-content:center;align-items:center;}.kt-btns3637_e639ff-c0 .kt-button{font-weight:normal;font-style:normal;}.kt-btns3637_e639ff-c0 .kt-btn-wrap-0{margin-right:5px;}.wp-block-kadence-advancedbtn.kt-btns3637_e639ff-c0 .kt-btn-wrap-0 .kt-button{color:#555555;border-color:#555555;}.wp-block-kadence-advancedbtn.kt-btns3637_e639ff-c0 .kt-btn-wrap-0 .kt-button:hover, .wp-block-kadence-advancedbtn.kt-btns3637_e639ff-c0 .kt-btn-wrap-0 .kt-button:focus{color:#ffffff;border-color:#444444;}.wp-block-kadence-advancedbtn.kt-btns3637_e639ff-c0 .kt-btn-wrap-0 .kt-button::before{display:none;}.wp-block-kadence-advancedbtn.kt-btns3637_e639ff-c0 .kt-btn-wrap-0 .kt-button:hover, .wp-block-kadence-advancedbtn.kt-btns3637_e639ff-c0 .kt-btn-wrap-0 .kt-button:focus{background:#444444;}<\/style>\n<div class=\"wp-block-kadence-advancedbtn kb-buttons-wrap kb-btns3637_e639ff-c0\"><style>ul.menu .wp-block-kadence-advancedbtn .kb-btn3637_b6e13b-32.kb-button{width:initial;}<\/style><a class=\"kb-button kt-button button kb-btn3637_b6e13b-32 kt-btn-size-standard kt-btn-width-type-full kb-btn-global-inherit  kt-btn-has-text-true kt-btn-has-svg-false  wp-block-button__link wp-block-kadence-singlebtn\" href=\"mailto: contact@sknh.ch vize@sknh.ch webmaster@sknh.ch?subject=SKNH Kontaktaufnahme betreffend Klub\"><span class=\"kt-btn-inner-text\">uestions g\u00e9n\u00e9rales au club<\/span><\/a><\/div>\n\n\n<style>.wp-block-kadence-advancedbtn.kb-btns3637_a46089-76{gap:var(--global-kb-gap-xs, 0.5rem );justify-content:center;align-items:center;}.kt-btns3637_a46089-76 .kt-button{font-weight:normal;font-style:normal;}.kt-btns3637_a46089-76 .kt-btn-wrap-0{margin-right:5px;}.wp-block-kadence-advancedbtn.kt-btns3637_a46089-76 .kt-btn-wrap-0 .kt-button{color:#555555;border-color:#555555;}.wp-block-kadence-advancedbtn.kt-btns3637_a46089-76 .kt-btn-wrap-0 .kt-button:hover, .wp-block-kadence-advancedbtn.kt-btns3637_a46089-76 .kt-btn-wrap-0 .kt-button:focus{color:#ffffff;border-color:#444444;}.wp-block-kadence-advancedbtn.kt-btns3637_a46089-76 .kt-btn-wrap-0 .kt-button::before{display:none;}.wp-block-kadence-advancedbtn.kt-btns3637_a46089-76 .kt-btn-wrap-0 .kt-button:hover, .wp-block-kadence-advancedbtn.kt-btns3637_a46089-76 .kt-btn-wrap-0 .kt-button:focus{background:#444444;}<\/style>\n<div class=\"wp-block-kadence-advancedbtn kb-buttons-wrap kb-btns3637_a46089-76\"><style>ul.menu .wp-block-kadence-advancedbtn .kb-btn3637_2c0825-01.kb-button{width:initial;}<\/style><a class=\"kb-button kt-button button kb-btn3637_2c0825-01 kt-btn-size-standard kt-btn-width-type-full kb-btn-global-inherit  kt-btn-has-text-true kt-btn-has-svg-false  wp-block-button__link wp-block-kadence-singlebtn\" href=\"mailto: contact@sknh.ch kasse@sknh.ch webmaster@sknh.ch?subject=SKNH Kontaktaufnahme betreffend Werbung\"><span class=\"kt-btn-inner-text\">Publication d'une annonce<\/span><\/a><\/div>\n\n\n<style>.wp-block-kadence-advancedbtn.kb-btns3637_23b6b7-6c{gap:var(--global-kb-gap-xs, 0.5rem );justify-content:center;align-items:center;}.kt-btns3637_23b6b7-6c .kt-button{font-weight:normal;font-style:normal;}.kt-btns3637_23b6b7-6c .kt-btn-wrap-0{margin-right:5px;}.wp-block-kadence-advancedbtn.kt-btns3637_23b6b7-6c .kt-btn-wrap-0 .kt-button{color:#555555;border-color:#555555;}.wp-block-kadence-advancedbtn.kt-btns3637_23b6b7-6c .kt-btn-wrap-0 .kt-button:hover, .wp-block-kadence-advancedbtn.kt-btns3637_23b6b7-6c .kt-btn-wrap-0 .kt-button:focus{color:#ffffff;border-color:#444444;}.wp-block-kadence-advancedbtn.kt-btns3637_23b6b7-6c .kt-btn-wrap-0 .kt-button::before{display:none;}.wp-block-kadence-advancedbtn.kt-btns3637_23b6b7-6c .kt-btn-wrap-0 .kt-button:hover, .wp-block-kadence-advancedbtn.kt-btns3637_23b6b7-6c .kt-btn-wrap-0 .kt-button:focus{background:#444444;}<\/style>\n<div class=\"wp-block-kadence-advancedbtn kb-buttons-wrap kb-btns3637_23b6b7-6c\"><style>ul.menu .wp-block-kadence-advancedbtn .kb-btn3637_d3229e-44.kb-button{width:initial;}<\/style><a class=\"kb-button kt-button button kb-btn3637_d3229e-44 kt-btn-size-standard kt-btn-width-type-full kb-btn-global-inherit  kt-btn-has-text-true kt-btn-has-svg-false  wp-block-button__link wp-block-kadence-singlebtn\" href=\"mailto: contact@sknh.ch kasse@sknh.ch webmaster@sknh.ch?subject=SKNH Kontaktaufnahme betreffend Kasse\"><span class=\"kt-btn-inner-text\">Finance<\/span><\/a><\/div>\n\n\n<style>.wp-block-kadence-advancedbtn.kb-btns3637_ef5f08-51{gap:var(--global-kb-gap-xs, 0.5rem );justify-content:center;align-items:center;}.kt-btns3637_ef5f08-51 .kt-button{font-weight:normal;font-style:normal;}.kt-btns3637_ef5f08-51 .kt-btn-wrap-0{margin-right:5px;}.wp-block-kadence-advancedbtn.kt-btns3637_ef5f08-51 .kt-btn-wrap-0 .kt-button{color:#555555;border-color:#555555;}.wp-block-kadence-advancedbtn.kt-btns3637_ef5f08-51 .kt-btn-wrap-0 .kt-button:hover, .wp-block-kadence-advancedbtn.kt-btns3637_ef5f08-51 .kt-btn-wrap-0 .kt-button:focus{color:#ffffff;border-color:#444444;}.wp-block-kadence-advancedbtn.kt-btns3637_ef5f08-51 .kt-btn-wrap-0 .kt-button::before{display:none;}.wp-block-kadence-advancedbtn.kt-btns3637_ef5f08-51 .kt-btn-wrap-0 .kt-button:hover, .wp-block-kadence-advancedbtn.kt-btns3637_ef5f08-51 .kt-btn-wrap-0 .kt-button:focus{background:#444444;}<\/style>\n<div class=\"wp-block-kadence-advancedbtn kb-buttons-wrap kb-btns3637_ef5f08-51\"><style>ul.menu .wp-block-kadence-advancedbtn .kb-btn3637_b6c3c3-ab.kb-button{width:initial;}<\/style><a class=\"kb-button kt-button button kb-btn3637_b6c3c3-ab kt-btn-size-standard kt-btn-width-type-full kb-btn-global-inherit  kt-btn-has-text-true kt-btn-has-svg-false  wp-block-button__link wp-block-kadence-singlebtn\" href=\"mailto: contact@sknh.ch bulletin1@sknh.ch webmaster@sknh.ch?subject=SKNH Kontaktaufnahme betreffend Bulletin und Redaktion\"><span class=\"kt-btn-inner-text\">Redaction | Bulletin<\/span><\/a><\/div>\n\n\n<style>.wp-block-kadence-advancedbtn.kb-btns3637_f16167-89{gap:var(--global-kb-gap-xs, 0.5rem );justify-content:center;align-items:center;}.kt-btns3637_f16167-89 .kt-button{font-weight:normal;font-style:normal;}.kt-btns3637_f16167-89 .kt-btn-wrap-0{margin-right:5px;}.wp-block-kadence-advancedbtn.kt-btns3637_f16167-89 .kt-btn-wrap-0 .kt-button{color:#555555;border-color:#555555;}.wp-block-kadence-advancedbtn.kt-btns3637_f16167-89 .kt-btn-wrap-0 .kt-button:hover, .wp-block-kadence-advancedbtn.kt-btns3637_f16167-89 .kt-btn-wrap-0 .kt-button:focus{color:#ffffff;border-color:#444444;}.wp-block-kadence-advancedbtn.kt-btns3637_f16167-89 .kt-btn-wrap-0 .kt-button::before{display:none;}.wp-block-kadence-advancedbtn.kt-btns3637_f16167-89 .kt-btn-wrap-0 .kt-button:hover, .wp-block-kadence-advancedbtn.kt-btns3637_f16167-89 .kt-btn-wrap-0 .kt-button:focus{background:#444444;}<\/style>\n<div class=\"wp-block-kadence-advancedbtn kb-buttons-wrap kb-btns3637_f16167-89\"><style>ul.menu .wp-block-kadence-advancedbtn .kb-btn3637_902a38-83.kb-button{width:initial;}<\/style><a class=\"kb-button kt-button button kb-btn3637_902a38-83 kt-btn-size-standard kt-btn-width-type-full kb-btn-global-inherit  kt-btn-has-text-true kt-btn-has-svg-false  wp-block-button__link wp-block-kadence-singlebtn\" href=\"mailto: webmaster@sknh.ch?subject=SKNH Kontaktaufnahme betreffend Webseite\"><span class=\"kt-btn-inner-text\">Webmaster<\/span><\/a><\/div>\n<\/div><\/div>\n\n<\/div><\/div>","protected":false},"excerpt":{"rendered":"<p>Tu as une question ou une pr\u00e9occupation ? N'h\u00e9site pas \u00e0 nous contacter! Tu trouveras ici le lien vers le sujet correspondant: \u00c9levage, Commission d'\u00e9levage ou G\u00e9n\u00e9ralit\u00e9s<\/p>","protected":false},"author":2,"featured_media":0,"parent":0,"menu_order":0,"comment_status":"closed","ping_status":"closed","template":"","meta":{"_kad_post_transparent":"","_kad_post_title":"","_kad_post_layout":"","_kad_post_sidebar_id":"","_kad_post_content_style":"","_kad_post_vertical_padding":"","_kad_post_feature":"","_kad_post_feature_position":"","_kad_post_header":false,"_kad_post_footer":false,"footnotes":""},"wf_page_folders":[18],"class_list":["post-3637","page","type-page","status-publish","hentry"],"_links":{"self":[{"href":"https:\/\/www.sknh.ch\/fr\/wp-json\/wp\/v2\/pages\/3637","targetHints":{"allow":["GET"]}}],"collection":[{"href":"https:\/\/www.sknh.ch\/fr\/wp-json\/wp\/v2\/pages"}],"about":[{"href":"https:\/\/www.sknh.ch\/fr\/wp-json\/wp\/v2\/types\/page"}],"author":[{"embeddable":true,"href":"https:\/\/www.sknh.ch\/fr\/wp-json\/wp\/v2\/users\/2"}],"replies":[{"embeddable":true,"href":"https:\/\/www.sknh.ch\/fr\/wp-json\/wp\/v2\/comments?post=3637"}],"version-history":[{"count":8,"href":"https:\/\/www.sknh.ch\/fr\/wp-json\/wp\/v2\/pages\/3637\/revisions"}],"predecessor-version":[{"id":3694,"href":"https:\/\/www.sknh.ch\/fr\/wp-json\/wp\/v2\/pages\/3637\/revisions\/3694"}],"wp:attachment":[{"href":"https:\/\/www.sknh.ch\/fr\/wp-json\/wp\/v2\/media?parent=3637"}],"wp:term":[{"taxonomy":"wf_page_folders","embeddable":true,"href":"https:\/\/www.sknh.ch\/fr\/wp-json\/wp\/v2\/wf_page_folders?post=3637"}],"curies":[{"name":"wp","href":"https:\/\/api.w.org\/{rel}","templated":true}]}}