{"id":3414,"date":"2024-04-25T08:00:07","date_gmt":"2024-04-25T08:00:07","guid":{"rendered":"https:\/\/www.sknh.ch\/?page_id=3414"},"modified":"2025-12-17T15:04:38","modified_gmt":"2025-12-17T15:04:38","slug":"zuechtertafel","status":"publish","type":"page","link":"https:\/\/www.sknh.ch\/fr\/zuechtertafel\/","title":{"rendered":"Liste des \u00e9levages"},"content":{"rendered":"<style>.kadence-column3414_3d9e99-f4 > .kt-inside-inner-col,.kadence-column3414_3d9e99-f4 > .kt-inside-inner-col:before{border-top-left-radius:0px;border-top-right-radius:0px;border-bottom-right-radius:0px;border-bottom-left-radius:0px;}.kadence-column3414_3d9e99-f4 > .kt-inside-inner-col{column-gap:var(--global-kb-gap-sm, 1rem);}.kadence-column3414_3d9e99-f4 > .kt-inside-inner-col{flex-direction:column;}.kadence-column3414_3d9e99-f4 > .kt-inside-inner-col > .aligncenter{width:100%;}.kadence-column3414_3d9e99-f4 > .kt-inside-inner-col{background-image:linear-gradient(135deg,rgb(6,147,227) 0%,rgb(20,39,109) 100%);}.kadence-column3414_3d9e99-f4 > .kt-inside-inner-col:before{opacity:1;background-image:linear-gradient(135deg,rgb(48,118,190) 0%,var(--global-palette6,#718096) 53%,rgb(72,140,209) 100%);}.kadence-column3414_3d9e99-f4{position:relative;}.kadence-column3414_3d9e99-f4, .kt-inside-inner-col > .kadence-column3414_3d9e99-f4:not(.specificity){margin-top:var(--global-kb-spacing-lg, 3rem);}@media all and (max-width: 1024px){.kadence-column3414_3d9e99-f4 > .kt-inside-inner-col{flex-direction:column;justify-content:center;}}@media all and (max-width: 767px){.kadence-column3414_3d9e99-f4 > .kt-inside-inner-col{flex-direction:column;justify-content:center;}}<\/style>\n<div class=\"wp-block-kadence-column kadence-column3414_3d9e99-f4 kb-section-has-overlay\"><div class=\"kt-inside-inner-col\"><style>.wp-block-kadence-advancedheading.kt-adv-heading3414_912204-53, .wp-block-kadence-advancedheading.kt-adv-heading3414_912204-53[data-kb-block=\"kb-adv-heading3414_912204-53\"]{padding-top:var(--global-kb-spacing-xxs, 0.5rem);padding-bottom:var(--global-kb-spacing-xxs, 0.5rem);padding-left:var(--global-kb-spacing-xs, 1rem);font-style:normal;color:#ffffff;}.wp-block-kadence-advancedheading.kt-adv-heading3414_912204-53 mark.kt-highlight, .wp-block-kadence-advancedheading.kt-adv-heading3414_912204-53[data-kb-block=\"kb-adv-heading3414_912204-53\"] mark.kt-highlight{font-style:normal;color:#f76a0c;-webkit-box-decoration-break:clone;box-decoration-break:clone;padding-top:0px;padding-right:0px;padding-bottom:0px;padding-left:0px;}.wp-block-kadence-advancedheading.kt-adv-heading3414_912204-53 img.kb-inline-image, .wp-block-kadence-advancedheading.kt-adv-heading3414_912204-53[data-kb-block=\"kb-adv-heading3414_912204-53\"] img.kb-inline-image{width:150px;vertical-align:baseline;}<\/style>\n<h2 class=\"kt-adv-heading3414_912204-53 wp-block-kadence-advancedheading\" data-kb-block=\"kb-adv-heading3414_912204-53\">Liste des \u00e9levages<\/h2>\n<\/div><\/div>\n\n\n\n<h2 class=\"wp-block-heading\">Samoy\u00e8de<\/h2>\n\n\n\n<figure class=\"wp-block-table\"><table><tbody><tr><td><strong>Arctic Aivik<\/strong><br>Andrea &amp; Bruno Eicher<br>Pf\u00e4ffikonerstr. 49<br>CH &#8211; 8307 Effretikon<\/td><td>T: +41 (0) 52 345 05 73<br>E-Mail:&nbsp;<a href=\"mailto:andrea@samoyed.ch\">andrea@samoyed.ch<\/a><br>Web:&nbsp;<a href=\"http:\/\/www.samoyed.ch\/\">www.samoyed.ch<\/a><strong><a href=\"http:\/\/sknh.ch\/wp-content\/uploads\/2019\/09\/arctic_aivik.pdf\">\u203a <\/a><\/strong><br><strong><a href=\"http:\/\/sknh.ch\/wp-content\/uploads\/2019\/09\/arctic_aivik.pdf\">zum&nbsp;Z\u00fcchterprofil<\/a><\/strong><\/td><\/tr><tr><td><strong>of S\u00e1pmi Spirit<\/strong><br>Gudrun Weisshaupt<br>Sernftalstrasse 111<br>CH &#8211; 8765 Engi GL<\/td><td>T: +41 (0) 55 642 55 50<br>Facebook: <a href=\"http:\/\/www.facebook.com\/sapmi.spirit\" target=\"_blank\" rel=\"noreferrer noopener\">www.facebook.com\/sapmi.spirit<\/a><\/td><\/tr><tr><td><strong>Tein Matkan<\/strong><br>Christine Doerfel<br>Bl\u00fcemenen 2<br>CH &#8211; 8840 Einsiedeln<\/td><td>T: +41 (0) 55 412 32 29<br>E-Mail:&nbsp;<a href=\"mailto:cdoerfel@sihlnet.ch\">cdoerfel@sihlnet.ch<\/a>\u203a<br><\/td><\/tr><tr><td>&nbsp;<\/td><td>&nbsp;<\/td><\/tr><\/tbody><\/table><\/figure>\n\n\n\n<h2 class=\"wp-block-heading\">Husky de Sib\u00e9rie<\/h2>\n\n\n\n<figure class=\"wp-block-table\"><table><tbody><tr><td><strong>Back to basics<\/strong><br>Natalie &amp; Sebastian Fretz<\/td><td>T: +41 (0) 79 454 77 03<br>E-Mail: <a href=\"mailto:team@husky-passion.ch\" target=\"_blank\" rel=\"noreferrer noopener\">team@husky-passion.ch<\/a><br>Web: <a href=\"http:\/\/www.backtobasicskennel.ch\" target=\"_blank\" rel=\"noreferrer noopener\">www.backtobasicskennel.ch<\/a><\/td><\/tr><tr><td><strong>d\u2019Avanneq<\/strong><br>Dani\u00e8le Tock &amp; Thierry Maurer<br>La Chaux 102722<br>CH &#8211; Les Reussilles<\/td><td>T: +41 (0) 78 858 35 58<br>E-Mail:&nbsp;<a href=\"mailto:info@ventdunord.ch\">info@ventdunord.ch<\/a><br>Web:&nbsp;<a href=\"http:\/\/www.avanneq.ch\/\">www.avanneq.ch<\/a><strong><a href=\"http:\/\/sknh.ch\/wp-content\/uploads\/2019\/09\/Avanneq-Profil.pdf\">\u203a<\/a><\/strong><br><strong><a href=\"http:\/\/sknh.ch\/wp-content\/uploads\/2019\/09\/Avanneq-Profil.pdf\">Vers le profil de l'\u00e9levage<\/a><\/strong><\/td><\/tr><tr><td><strong>Des loups du Val de They<\/strong><br>Violaine Grau<br>Rte du Corbeau 22<br>CH \u2013 1875 Morgins<\/td><td>T: +41 (0) 78 664 61 61<br>E-Mail:&nbsp;<a href=\"mailto:violaine@alpes-huskies.ch\">violaine@alpes-huskies.ch<\/a><br>Web:&nbsp;<a href=\"http:\/\/www.alpes-huskies.ch\">www.alpes-huskies.ch<\/a><br><a href=\"https:\/\/www.sknh.ch\/wp-content\/uploads\/2024\/06\/Presentation-elevage-SKNH.pdf\" target=\"_blank\" rel=\"noreferrer noopener\"><strong> Vers le profil de l'\u00e9levage<\/strong><\/a><\/td><\/tr><tr><td><strong>Joiel&#8217;s Palace<\/strong><br>Selina &amp; Andreas M\u00fclli<br>8733 Eschenbach SG<\/td><td>E-Mail: <a href=\"mailto:siberian.husky@joiel.ch\">siberian.husky@joiel.ch<\/a><br>Web: <a href=\"https:\/\/www.joiel.ch\" target=\"_blank\" rel=\"noreferrer noopener\">www.joiel.ch<\/a><\/td><\/tr><tr><td><strong>Nuzzling Vulpes<\/strong><br>Brigitte Favre<br>Sous la Neuvevie 1<br>2350 Saignel\u00e9gier<\/td><td>T: +41 771 29 12<br>E-Mail: <a href=\"mailto:brix.favre@gmx.ch\">brix.favre@gmx.ch<\/a><br>Web: <a href=\"https:\/\/www.nuzzlingvulpes.ch\">www.nuzzlingvulpes.ch<\/a><\/td><\/tr><tr><td><strong>of Olenjok<\/strong><br>Manuela Walter<br>Landstrasse 34<br>CH &#8211; 5322 Koblenz<\/td><td>T: +41 (0) 56 246 00 38<br>E-Mail:&nbsp;<a href=\"mailto:olenjok@hotmail.com\">olenjok@hotmail.com<\/a><\/td><\/tr><tr><td><strong>Polar Wilderness<\/strong><br>Brigitte Oberholzer<br>M\u00e4ttliweg 18<br>CH &#8211; 9473 Gams<\/td><td>T: +41 (0) 81 771 49 24<br>E-Mail:<a href=\"mailto:reinioberholzer@bluewin.ch\">reinioberholzer@bluewin.ch<\/a><\/td><\/tr><tr><td><strong>Racing Chilkoot<\/strong><br>David Zimmermann<br>T\u00fcftelstrasse 20<br>5322 Koblenz<\/td><td>&nbsp;T: +41 79 514 91 63<br>E-Mail: <a href=\"mailto:dazimm@bluewin.ch\">dazimm@bluewin.ch<\/a><br>Web: <a href=\"https:\/\/www.racing-chilkoot.ch\">www.racing-chilkoot.ch<\/a><\/td><\/tr><\/tbody><\/table><\/figure>\n\n\n\n<h2 class=\"wp-block-heading\"><strong>Chiens nordiques de chasse, de garde et de berger<\/strong><\/h2>\n\n\n\n<p><strong>Chien d'ours de Car\u00e9lie<\/strong><\/p>\n\n\n\n<h4 class=\"wp-block-heading\"><strong>Chien d'ours de Car\u00e9lie<\/strong><\/h4>\n\n\n\n<figure class=\"wp-block-table\"><table><tbody><tr><td><strong>Casa Igloo<\/strong><br>Fabio &amp; Sonja Giussani<br>Via per Arogno<br>CH &#8211; 6821 Rovio<\/td><td>T: +41 (0) 91 649 31 48    M: +41 (0) 79 699 34 78<br>E-Mail:&nbsp;<a href=\"mailto:sonja.cevio@bluewin.ch\">sonja.cevio@bluewin.ch<\/a>\u203a<br>Vers le profil de l'\u00e9levage<\/td><\/tr><\/tbody><\/table><\/figure>\n\n\n\n<h2 class=\"wp-block-heading\">Tu souhaites pr\u00e9senter ton \u00e9levage sur ce tableau d'\u00e9leveurs ?<\/h2>\n\n\n<style>.wp-block-kadence-advancedheading.kt-adv-heading3414_9fc0fd-ce, .wp-block-kadence-advancedheading.kt-adv-heading3414_9fc0fd-ce[data-kb-block=\"kb-adv-heading3414_9fc0fd-ce\"]{font-style:normal;}.wp-block-kadence-advancedheading.kt-adv-heading3414_9fc0fd-ce mark.kt-highlight, .wp-block-kadence-advancedheading.kt-adv-heading3414_9fc0fd-ce[data-kb-block=\"kb-adv-heading3414_9fc0fd-ce\"] mark.kt-highlight{font-style:normal;color:#f76a0c;-webkit-box-decoration-break:clone;box-decoration-break:clone;padding-top:0px;padding-right:0px;padding-bottom:0px;padding-left:0px;}.wp-block-kadence-advancedheading.kt-adv-heading3414_9fc0fd-ce img.kb-inline-image, .wp-block-kadence-advancedheading.kt-adv-heading3414_9fc0fd-ce[data-kb-block=\"kb-adv-heading3414_9fc0fd-ce\"] img.kb-inline-image{width:150px;vertical-align:baseline;}<\/style>\n<p class=\"kt-adv-heading3414_9fc0fd-ce wp-block-kadence-advancedheading\" data-kb-block=\"kb-adv-heading3414_9fc0fd-ce\">Adresse ta demandew au webmaster <a href=\"mailto:webmaster@sknh.ch\">Webmaster<\/a>.<\/p>","protected":false},"excerpt":{"rendered":"<p>Z\u00fcchtertafel Samojede Arctic AivikAndrea &amp; Bruno EicherPf\u00e4ffikonerstr. 49CH &#8211; 8307 Effretikon T: +41 (0) 52 345 05 73E-Mail:&nbsp;andrea@samoyed.chWeb:&nbsp;www.samoyed.ch\u203a zum&nbsp;Z\u00fcchterprofil of S\u00e1pmi SpiritGudrun WeisshauptSernftalstrasse 111CH &#8211; 8765 Engi GL T: +41 (0) 55 642 55 50Facebook: www.facebook.com\/sapmi.spirit Tein MatkanChristine DoerfelBl\u00fcemenen 2CH &#8211; 8840 Einsiedeln T: +41 (0) 55 412 32 29E-Mail:&nbsp;cdoerfel@sihlnet.ch\u203a &nbsp; &nbsp; Siberian Husky Back&#8230;<\/p>","protected":false},"author":2,"featured_media":0,"parent":0,"menu_order":0,"comment_status":"closed","ping_status":"closed","template":"","meta":{"_kad_post_transparent":"","_kad_post_title":"","_kad_post_layout":"","_kad_post_sidebar_id":"","_kad_post_content_style":"","_kad_post_vertical_padding":"","_kad_post_feature":"","_kad_post_feature_position":"","_kad_post_header":false,"_kad_post_footer":false,"footnotes":""},"wf_page_folders":[12],"class_list":["post-3414","page","type-page","status-publish","hentry"],"_links":{"self":[{"href":"https:\/\/www.sknh.ch\/fr\/wp-json\/wp\/v2\/pages\/3414","targetHints":{"allow":["GET"]}}],"collection":[{"href":"https:\/\/www.sknh.ch\/fr\/wp-json\/wp\/v2\/pages"}],"about":[{"href":"https:\/\/www.sknh.ch\/fr\/wp-json\/wp\/v2\/types\/page"}],"author":[{"embeddable":true,"href":"https:\/\/www.sknh.ch\/fr\/wp-json\/wp\/v2\/users\/2"}],"replies":[{"embeddable":true,"href":"https:\/\/www.sknh.ch\/fr\/wp-json\/wp\/v2\/comments?post=3414"}],"version-history":[{"count":20,"href":"https:\/\/www.sknh.ch\/fr\/wp-json\/wp\/v2\/pages\/3414\/revisions"}],"predecessor-version":[{"id":4388,"href":"https:\/\/www.sknh.ch\/fr\/wp-json\/wp\/v2\/pages\/3414\/revisions\/4388"}],"wp:attachment":[{"href":"https:\/\/www.sknh.ch\/fr\/wp-json\/wp\/v2\/media?parent=3414"}],"wp:term":[{"taxonomy":"wf_page_folders","embeddable":true,"href":"https:\/\/www.sknh.ch\/fr\/wp-json\/wp\/v2\/wf_page_folders?post=3414"}],"curies":[{"name":"wp","href":"https:\/\/api.w.org\/{rel}","templated":true}]}}