{"id":3395,"date":"2024-04-25T07:20:33","date_gmt":"2024-04-25T07:20:33","guid":{"rendered":"https:\/\/www.sknh.ch\/?page_id=3395"},"modified":"2026-04-10T06:01:16","modified_gmt":"2026-04-10T06:01:16","slug":"kluborgane","status":"publish","type":"page","link":"https:\/\/www.sknh.ch\/fr\/kluborgane\/","title":{"rendered":"Organes du club"},"content":{"rendered":"<style>.kadence-column3395_ce33bc-69 > .kt-inside-inner-col,.kadence-column3395_ce33bc-69 > .kt-inside-inner-col:before{border-top-left-radius:0px;border-top-right-radius:0px;border-bottom-right-radius:0px;border-bottom-left-radius:0px;}.kadence-column3395_ce33bc-69 > .kt-inside-inner-col{column-gap:var(--global-kb-gap-sm, 1rem);}.kadence-column3395_ce33bc-69 > .kt-inside-inner-col{flex-direction:column;}.kadence-column3395_ce33bc-69 > .kt-inside-inner-col > .aligncenter{width:100%;}.kadence-column3395_ce33bc-69 > .kt-inside-inner-col{background-image:linear-gradient(135deg,rgb(6,147,227) 0%,rgb(20,39,109) 100%);}.kadence-column3395_ce33bc-69 > .kt-inside-inner-col:before{opacity:1;background-image:linear-gradient(135deg,rgb(48,118,190) 0%,var(--global-palette6,#718096) 53%,rgb(72,140,209) 100%);}.kadence-column3395_ce33bc-69{position:relative;}.kadence-column3395_ce33bc-69, .kt-inside-inner-col > .kadence-column3395_ce33bc-69:not(.specificity){margin-top:var(--global-kb-spacing-lg, 3rem);margin-bottom:var(--global-kb-spacing-lg, 3rem);}@media all and (max-width: 1024px){.kadence-column3395_ce33bc-69 > .kt-inside-inner-col{flex-direction:column;justify-content:center;}}@media all and (max-width: 767px){.kadence-column3395_ce33bc-69 > .kt-inside-inner-col{flex-direction:column;justify-content:center;}}<\/style>\n<div class=\"wp-block-kadence-column kadence-column3395_ce33bc-69 kb-section-has-overlay\"><div class=\"kt-inside-inner-col\"><style>.wp-block-kadence-advancedheading.kt-adv-heading3395_361d46-4c, .wp-block-kadence-advancedheading.kt-adv-heading3395_361d46-4c[data-kb-block=\"kb-adv-heading3395_361d46-4c\"]{padding-top:var(--global-kb-spacing-xxs, 0.5rem);padding-bottom:var(--global-kb-spacing-xxs, 0.5rem);padding-left:var(--global-kb-spacing-xs, 1rem);font-style:normal;color:#ffffff;}.wp-block-kadence-advancedheading.kt-adv-heading3395_361d46-4c mark.kt-highlight, .wp-block-kadence-advancedheading.kt-adv-heading3395_361d46-4c[data-kb-block=\"kb-adv-heading3395_361d46-4c\"] mark.kt-highlight{font-style:normal;color:#f76a0c;-webkit-box-decoration-break:clone;box-decoration-break:clone;padding-top:0px;padding-right:0px;padding-bottom:0px;padding-left:0px;}.wp-block-kadence-advancedheading.kt-adv-heading3395_361d46-4c img.kb-inline-image, .wp-block-kadence-advancedheading.kt-adv-heading3395_361d46-4c[data-kb-block=\"kb-adv-heading3395_361d46-4c\"] img.kb-inline-image{width:150px;vertical-align:baseline;}<\/style>\n<h2 class=\"kt-adv-heading3395_361d46-4c wp-block-kadence-advancedheading\" data-kb-block=\"kb-adv-heading3395_361d46-4c\">Organes du club<\/h2>\n<\/div><\/div>\n\n\n\n<h2 class=\"wp-block-heading\">Le comit\u00e9<\/h2>\n\n\n\n<figure class=\"wp-block-table\"><table><tbody><tr><td><strong>Fonction<\/strong><\/td><td><strong>Membre | Lien e-mail<\/strong><\/td><td><strong>Num\u00e9ro de t\u00e9l\u00e9phone<\/strong><\/td><\/tr><tr><td> Pr\u00e9sident<\/td><td><a href=\"mailto:contact@sknh.ch\">Thierry Maurer<\/a><\/td><td>+41 (0) 78 858 35 58<\/td><\/tr><tr><td>Vizepr\u00e4sident<\/td><td><a href=\"mailto:vize@sknh.ch\">David Zimmermann<\/a><\/td><td>+41 (0) 79 406 13 40<\/td><\/tr><tr><td> Secr\u00e9taire<\/td><td><a href=\"mailto:sekretariat@sknh.ch\" target=\"_blank\" rel=\"noreferrer noopener\">Beatrix Wahlen<\/a><\/td><td>+41 (0) 62 961 21 17<\/td><\/tr><tr><td> Caissier<\/td><td><a href=\"mailto:kasse@sknh.ch\">Ren\u00e9 Unterbusch<\/a><\/td><td>+41 (0) 79 409 55 13<\/td><\/tr><tr><td> Pr\u00e9sidente de la commission d'\u00e9levage<\/td><td><a href=\"mailto:zuko@sknh.ch\">Brigitte Favre<\/a><\/td><td>+41 (0) 79 771 29 12<\/td><\/tr><tr><td> R\u00e9daction<\/td><td><a href=\"mailto:bulletin1@sknh.ch\">David Zimmermann<\/a><\/td><td>+41 (0) 79 514 91 63<\/td><\/tr><tr><td> Assesseur<\/td><td><a href=\"mailto:beisitz1@sknh.ch\">V\u00e9ronique Andersson<\/a><\/td><td>+41 (0) 79 514 91 63<\/td><\/tr><\/tbody><\/table><\/figure>\n\n\n\n<h2 class=\"wp-block-heading\">La commission d'\u00e9levage<\/h2>\n\n\n\n<figure class=\"wp-block-table\"><table><tbody><tr><td><strong>Fonction<\/strong><\/td><td><strong>Membre | Lien e-mail<\/strong><\/td><td><strong><strong>Num\u00e9ro de t\u00e9l\u00e9phone<\/strong><\/strong><\/td><\/tr><tr><td>Pr\u00e9sidente<\/td><td><a href=\"mailto:zuko@sknh.ch\">Brigitte Favre<\/a><\/td><td>+41 (0) 79 771 29 12<\/td><\/tr><tr><td>Secr\u00e9tariat et bureau de coordination\nElevages et contr\u00f4le des port\u00e9es<br>Zuchtst\u00e4tten &amp; Wurfkontrolle<\/td><td><a href=\"mailto:zuko.admin@sknh.ch\">Natalie Fretz<\/a><\/td><td>+41 (0) 79 454 77 03<\/td><\/tr><tr><td>Surveillante d'\u00e9levage\nGr\u00f6nlandais et Canadian Eskimo Dog<\/td><td><a href=\"mailto:greenlanddog@sknh.ch\">Brigitte Favre<\/a><\/td><td>+41 (0) 79 771 29 12<\/td><\/tr><tr><td>Surveillante d'\u00e9levage\nSamoy\u00e8de<\/td><td><a href=\"mailto:samojede@sknh.ch\">samojede@sknh.ch<\/a><\/td><td>+41 (0) 79 771 29 12<\/td><\/tr><tr><td>Surveillante d'\u00e9levage\nMalamute de l'Alaska<\/td><td><a href=\"mailto: malamute@sknh.ch\">Petra Cadenas<\/a><\/td><td>+41 (0) 77 493 16 19<\/td><\/tr><tr><td>Surveillante d'\u00e9levage\nHusky de Sib\u00e9rie<\/td><td><a href=\"mailto: husky1@sknh.ch\">Brigitte Favre<\/a><\/td><td>+41 (0) 79 771 29 12<\/td><\/tr><tr><td>Surveillante d'\u00e9levage\nChien de chasse, de garde et de berger<\/td><td><a href=\"mailto:jwh@sknh.ch\">Alessia Buchm\u00fcller<\/a><\/td><td>+41 (0) 79 379 59 37<\/td><\/tr><tr><td>Expositions<\/td><td><a href=\"mailto:expo@sknh.ch\">Tijana Kovacevic<\/a><\/td><td>+41 (0)&nbsp;76 317 11 08<\/td><\/tr><tr><td>S\u00e9lection d'ext\u00e9rieur et de comportement<\/td><td><a href=\"mailto:ankoerung@sknh.ch\">Isabella M\u00fcller<\/a><\/td><td>+41 (0) 79 385 56 25<\/td><\/tr><tr><td>Assesseur<\/td><td><a href=\"mailto:zuko-beisitz1@sknh.ch\">V\u00e9ronique Andersson<\/a><\/td><td>+41 (0) 79 406 13 40<\/td><\/tr><tr><td>Membre d'office de la commission d'\u00e9levage<\/td><td><a href=\"mailto:contact@sknh.ch\">Thierry Maurer<\/a><\/td><td>+41 (0) 78 858 35 58<\/td><\/tr><\/tbody><\/table><\/figure>\n\n\n\n<h2 class=\"wp-block-heading\">Juges de s\u00e9lection et juges sp\u00e9ciaux<\/h2>\n\n\n\n<figure class=\"wp-block-table\"><table><tbody><tr><td><strong>Fonction<\/strong><\/td><td><strong>Membre | Lien e-mail<\/strong><\/td><td><strong><strong>Num\u00e9ro de t\u00e9l\u00e9phone<\/strong><\/strong><\/td><\/tr><tr><td>Pour tous les chiens nordiques<\/td><td><a href=\"mailto:vize@sknh.ch\" target=\"_blank\" rel=\"noreferrer noopener\">Maya Delaquis<\/a><\/td><td>+41 (0) 33 335 16 39<\/td><\/tr><tr><td>F\u00fcr Nordische Schlitten-, Wach- &amp; H\u00fctehunde<\/td><td><a href=\"mailto:zuko@sknh.ch\" target=\"_blank\" rel=\"noreferrer noopener\">Andrea Eicher<\/a><\/td><td>+41 (0) 52 345 05 73<\/td><\/tr><tr><td>Pour tous les chiens nordiques<\/td><td><a href=\"mailto:beatrix.maerki.casanova@bluewin.ch\">Beatrix M\u00e4rki Casanova<\/a><\/td><td>+41 (0) 26 655 15 85<\/td><\/tr><\/tbody><\/table><\/figure>\n\n\n\n<h2 class=\"wp-block-heading\">Web, informatique<\/h2>\n\n\n\n<figure class=\"wp-block-table\"><table><tbody><tr><td>Webmaster:<\/td><td><a href=\"mailto:webmaster@sknh.ch\">webmaster@sknh.ch<\/a><\/td><\/tr><\/tbody><\/table><\/figure>","protected":false},"excerpt":{"rendered":"<p>Kluborgane Der Vorstand Funktion Mitglied | Email link Telefonnummer_kontakt Pr\u00e4sident Thierry Maurer +41 (0) 78 858 35 58 Vizepr\u00e4sident David Zimmermann +41 (0) 79 406 13 40 Sekret\u00e4rin Beatrix Wahlen +41 (0) 62 961 21 17 Kassier Ren\u00e9 Unterbusch +41 (0) 79 409 55 13 Zuchtkommissions-Pr\u00e4sidentin Brigitte Favre +41 (0) 79 771 29 12 Redaktion&#8230;<\/p>","protected":false},"author":2,"featured_media":0,"parent":0,"menu_order":0,"comment_status":"closed","ping_status":"closed","template":"","meta":{"_kad_post_transparent":"default","_kad_post_title":"default","_kad_post_layout":"","_kad_post_sidebar_id":"","_kad_post_content_style":"","_kad_post_vertical_padding":"","_kad_post_feature":"","_kad_post_feature_position":"","_kad_post_header":false,"_kad_post_footer":false,"footnotes":""},"wf_page_folders":[10],"class_list":["post-3395","page","type-page","status-publish","hentry"],"_links":{"self":[{"href":"https:\/\/www.sknh.ch\/fr\/wp-json\/wp\/v2\/pages\/3395","targetHints":{"allow":["GET"]}}],"collection":[{"href":"https:\/\/www.sknh.ch\/fr\/wp-json\/wp\/v2\/pages"}],"about":[{"href":"https:\/\/www.sknh.ch\/fr\/wp-json\/wp\/v2\/types\/page"}],"author":[{"embeddable":true,"href":"https:\/\/www.sknh.ch\/fr\/wp-json\/wp\/v2\/users\/2"}],"replies":[{"embeddable":true,"href":"https:\/\/www.sknh.ch\/fr\/wp-json\/wp\/v2\/comments?post=3395"}],"version-history":[{"count":18,"href":"https:\/\/www.sknh.ch\/fr\/wp-json\/wp\/v2\/pages\/3395\/revisions"}],"predecessor-version":[{"id":4398,"href":"https:\/\/www.sknh.ch\/fr\/wp-json\/wp\/v2\/pages\/3395\/revisions\/4398"}],"wp:attachment":[{"href":"https:\/\/www.sknh.ch\/fr\/wp-json\/wp\/v2\/media?parent=3395"}],"wp:term":[{"taxonomy":"wf_page_folders","embeddable":true,"href":"https:\/\/www.sknh.ch\/fr\/wp-json\/wp\/v2\/wf_page_folders?post=3395"}],"curies":[{"name":"wp","href":"https:\/\/api.w.org\/{rel}","templated":true}]}}