{"id":3392,"date":"2024-04-25T07:15:38","date_gmt":"2024-04-25T07:15:38","guid":{"rendered":"https:\/\/www.sknh.ch\/?page_id=3392"},"modified":"2024-05-15T12:36:51","modified_gmt":"2024-05-15T12:36:51","slug":"derklub","status":"publish","type":"page","link":"https:\/\/www.sknh.ch\/fr\/derklub\/","title":{"rendered":"Le club"},"content":{"rendered":"<style>.kadence-column3392_6e9b37-35 > .kt-inside-inner-col,.kadence-column3392_6e9b37-35 > .kt-inside-inner-col:before{border-top-left-radius:0px;border-top-right-radius:0px;border-bottom-right-radius:0px;border-bottom-left-radius:0px;}.kadence-column3392_6e9b37-35 > .kt-inside-inner-col{column-gap:var(--global-kb-gap-sm, 1rem);}.kadence-column3392_6e9b37-35 > .kt-inside-inner-col{flex-direction:column;}.kadence-column3392_6e9b37-35 > .kt-inside-inner-col > .aligncenter{width:100%;}.kadence-column3392_6e9b37-35 > .kt-inside-inner-col{background-image:linear-gradient(135deg,rgb(6,147,227) 0%,rgb(20,39,109) 100%);}.kadence-column3392_6e9b37-35 > .kt-inside-inner-col:before{opacity:1;background-image:linear-gradient(135deg,rgb(48,118,190) 0%,var(--global-palette6,#718096) 53%,rgb(72,140,209) 100%);}.kadence-column3392_6e9b37-35{position:relative;}.kadence-column3392_6e9b37-35, .kt-inside-inner-col > .kadence-column3392_6e9b37-35:not(.specificity){margin-top:var(--global-kb-spacing-lg, 3rem);margin-bottom:var(--global-kb-spacing-lg, 3rem);}@media all and (max-width: 1024px){.kadence-column3392_6e9b37-35 > .kt-inside-inner-col{flex-direction:column;justify-content:center;}}@media all and (max-width: 767px){.kadence-column3392_6e9b37-35 > .kt-inside-inner-col{flex-direction:column;justify-content:center;}}<\/style>\n<div class=\"wp-block-kadence-column kadence-column3392_6e9b37-35 kb-section-has-overlay\"><div class=\"kt-inside-inner-col\"><style>.wp-block-kadence-advancedheading.kt-adv-heading3392_1e7162-00, .wp-block-kadence-advancedheading.kt-adv-heading3392_1e7162-00[data-kb-block=\"kb-adv-heading3392_1e7162-00\"]{padding-top:var(--global-kb-spacing-xxs, 0.5rem);padding-bottom:var(--global-kb-spacing-xxs, 0.5rem);padding-left:var(--global-kb-spacing-xs, 1rem);font-style:normal;color:#ffffff;}.wp-block-kadence-advancedheading.kt-adv-heading3392_1e7162-00 mark.kt-highlight, .wp-block-kadence-advancedheading.kt-adv-heading3392_1e7162-00[data-kb-block=\"kb-adv-heading3392_1e7162-00\"] mark.kt-highlight{font-style:normal;color:#f76a0c;-webkit-box-decoration-break:clone;box-decoration-break:clone;padding-top:0px;padding-right:0px;padding-bottom:0px;padding-left:0px;}.wp-block-kadence-advancedheading.kt-adv-heading3392_1e7162-00 img.kb-inline-image, .wp-block-kadence-advancedheading.kt-adv-heading3392_1e7162-00[data-kb-block=\"kb-adv-heading3392_1e7162-00\"] img.kb-inline-image{width:150px;vertical-align:baseline;}<\/style>\n<h2 class=\"kt-adv-heading3392_1e7162-00 wp-block-kadence-advancedheading\" data-kb-block=\"kb-adv-heading3392_1e7162-00\">Le club<\/h2>\n<\/div><\/div>\n\n\n\n<p>Le Club Suisse des Chiens Nordiques (CSCN) a \u00e9t\u00e9 fond\u00e9 en 1959. Il a pour objectif statutaire de promouvoir l'\u00e9levage et la conservation des races qu'il repr\u00e9sente. Il est une section de la Soci\u00e9t\u00e9 Cynologique Suisse (SCS), qui est affili\u00e9e \u00e0 la F\u00e9d\u00e9ration Cynologique Internationale (FCI), l'organisation internationale regroupant toutes les associations cynologiques nationales.<\/p>\n\n\n\n<p>Les standards de race officiels \u00e9tablis par les pays d'origine et reconnus par la FCI servent de base aux activit\u00e9s d'\u00e9levage.<\/p>\n\n\n\n<p><strong>Le CSCNH s'occupe actuellement de 19 races de chiens du groupe 5 de la FCI (Spitz et chiens de type primitif), qui se r\u00e9partissent en sous-groupes : chiens nordiques de tra\u00eeneau, chiens nordiques de chasse  et chiens nordiques de garde et de berger.<\/strong><\/p>\n\n\n\n<p>Le CSCN organise des s\u00e9lections (examens d'aptitude \u00e0 l'\u00e9levage), des expositions de club (avec attribution du CAC) avec une participation internationale, des expositions sp\u00e9ciales dans le cadre des expositions canines internationales de la SCS, ainsi que des s\u00e9minaires sur des th\u00e8mes choisis.<\/p>\n\n\n\n<p>Le CSCN agit en tant que bureau d'information et de placement en conseillant les personnes int\u00e9ress\u00e9es par l'achat de chiens nordiques. Il apporte son soutien dans le domaine de l'\u00e9levage et veille au respect des prescriptions et des r\u00e8glements en vigueur. Il enregistre les animaux d'\u00e9levage s\u00e9lectionn\u00e9s, tient un registre des \u00e9v\u00e9nements d'\u00e9levage et sert de centre d'information pour les questions relatives \u00e0 la race \u00e0 la  cynologie en g\u00e9n\u00e9ral. En plus du comit\u00e9, la commission d'\u00e9levage constitue un organe important. Elle regroupe les personnes responsables des diff\u00e9rentes races ainsi que les responsables des expositions et des s\u00e9lections.&nbsp;&nbsp;&nbsp;<\/p>\n\n\n\n<p>Depuis 1965, le CSCH s'est engag\u00e9 en premi\u00e8re ligne dans le sport europ\u00e9en du chien de tra\u00eeneau. A l'\u00e9poque, il a fait figure de pionnier en introduisant ce sport en Europe centrale. Par la suite, le sport de chien de tra\u00eeneau s'est r\u00e9pandu depuis la Suisse vers les pays proches et lointains. Aujourd'hui, le travail du club est principalement consacr\u00e9 \u00e0 l'\u00e9levage de races et moins au sport de comp\u00e9tition. Le CSCN prend \u00e9galement position lors des consultations sur de nouvelles lois sur la protection des animaux et les r\u00e9glementations.<\/p>\n\n\n\n<p><strong>Parties de texte tir\u00e9es de :<\/strong><br>\u201eUnsere nordischen Hunderassen in Wort und Bild\u201c par le Dr T. Althaus<br>(red. E. Aegerter)<\/p>","protected":false},"excerpt":{"rendered":"<p>Der Klub Der Schweizerische Klub f\u00fcr Nordische Hunde (SKNH) wurde 1959 gegr\u00fcndet. Er hat zum statutarischen Ziel, die Haltung und Reinzucht der von ihm betreuten Rassen zu pflegen und zu f\u00f6rdern. Er ist eine Sektion der Schweizerischen Kynologischen Gesellschaft (SKG). Diese untersteht der F\u00e9d\u00e9ration Cynologique Internationale (FCI), der Dachorganisation aller L\u00e4nderverb\u00e4nde und-gesellschaften. Als Grundlage der&#8230;<\/p>","protected":false},"author":2,"featured_media":0,"parent":0,"menu_order":0,"comment_status":"closed","ping_status":"closed","template":"","meta":{"_kad_post_transparent":"default","_kad_post_title":"default","_kad_post_layout":"default","_kad_post_sidebar_id":"","_kad_post_content_style":"","_kad_post_vertical_padding":"","_kad_post_feature":"","_kad_post_feature_position":"","_kad_post_header":false,"_kad_post_footer":false,"footnotes":""},"wf_page_folders":[10],"class_list":["post-3392","page","type-page","status-publish","hentry"],"_links":{"self":[{"href":"https:\/\/www.sknh.ch\/fr\/wp-json\/wp\/v2\/pages\/3392","targetHints":{"allow":["GET"]}}],"collection":[{"href":"https:\/\/www.sknh.ch\/fr\/wp-json\/wp\/v2\/pages"}],"about":[{"href":"https:\/\/www.sknh.ch\/fr\/wp-json\/wp\/v2\/types\/page"}],"author":[{"embeddable":true,"href":"https:\/\/www.sknh.ch\/fr\/wp-json\/wp\/v2\/users\/2"}],"replies":[{"embeddable":true,"href":"https:\/\/www.sknh.ch\/fr\/wp-json\/wp\/v2\/comments?post=3392"}],"version-history":[{"count":3,"href":"https:\/\/www.sknh.ch\/fr\/wp-json\/wp\/v2\/pages\/3392\/revisions"}],"predecessor-version":[{"id":3700,"href":"https:\/\/www.sknh.ch\/fr\/wp-json\/wp\/v2\/pages\/3392\/revisions\/3700"}],"wp:attachment":[{"href":"https:\/\/www.sknh.ch\/fr\/wp-json\/wp\/v2\/media?parent=3392"}],"wp:term":[{"taxonomy":"wf_page_folders","embeddable":true,"href":"https:\/\/www.sknh.ch\/fr\/wp-json\/wp\/v2\/wf_page_folders?post=3392"}],"curies":[{"name":"wp","href":"https:\/\/api.w.org\/{rel}","templated":true}]}}