{"id":3309,"date":"2024-04-24T05:44:40","date_gmt":"2024-04-24T05:44:40","guid":{"rendered":"https:\/\/www.sknh.ch\/?page_id=3309"},"modified":"2025-11-18T10:43:30","modified_gmt":"2025-11-18T10:43:30","slug":"aktuelles","status":"publish","type":"page","link":"https:\/\/www.sknh.ch\/fr\/aktuelles\/","title":{"rendered":"Actualit\u00e9s"},"content":{"rendered":"<style>.kadence-column3309_076069-fd > .kt-inside-inner-col{padding-top:0px;}.kadence-column3309_076069-fd > .kt-inside-inner-col,.kadence-column3309_076069-fd > .kt-inside-inner-col:before{border-top-left-radius:0px;border-top-right-radius:0px;border-bottom-right-radius:0px;border-bottom-left-radius:0px;}.kadence-column3309_076069-fd > .kt-inside-inner-col{column-gap:var(--global-kb-gap-sm, 1rem);}.kadence-column3309_076069-fd > .kt-inside-inner-col{flex-direction:column;}.kadence-column3309_076069-fd > .kt-inside-inner-col > .aligncenter{width:100%;}.kadence-column3309_076069-fd > .kt-inside-inner-col{background-image:linear-gradient(135deg,rgb(6,147,227) 0%,rgb(20,39,109) 100%);}.kadence-column3309_076069-fd > .kt-inside-inner-col:before{opacity:1;background-image:linear-gradient(135deg,rgb(48,118,190) 0%,var(--global-palette6,#718096) 53%,rgb(72,140,209) 100%);}.kadence-column3309_076069-fd{position:relative;}.kadence-column3309_076069-fd, .kt-inside-inner-col > .kadence-column3309_076069-fd:not(.specificity){margin-top:var(--global-kb-spacing-xxs, 0.5rem);margin-bottom:var(--global-kb-spacing-lg, 3rem);}@media all and (max-width: 1024px){.kadence-column3309_076069-fd > .kt-inside-inner-col{flex-direction:column;justify-content:center;}}@media all and (max-width: 767px){.kadence-column3309_076069-fd > .kt-inside-inner-col{flex-direction:column;justify-content:center;}}<\/style>\n<div class=\"wp-block-kadence-column kadence-column3309_076069-fd kb-section-has-overlay\"><div class=\"kt-inside-inner-col\"><style>.wp-block-kadence-advancedheading.kt-adv-heading3309_a9da06-3c, .wp-block-kadence-advancedheading.kt-adv-heading3309_a9da06-3c[data-kb-block=\"kb-adv-heading3309_a9da06-3c\"]{padding-top:var(--global-kb-spacing-xxs, 0.5rem);padding-bottom:var(--global-kb-spacing-xxs, 0.5rem);padding-left:var(--global-kb-spacing-xs, 1rem);font-style:normal;color:#ffffff;}.wp-block-kadence-advancedheading.kt-adv-heading3309_a9da06-3c mark.kt-highlight, .wp-block-kadence-advancedheading.kt-adv-heading3309_a9da06-3c[data-kb-block=\"kb-adv-heading3309_a9da06-3c\"] mark.kt-highlight{font-style:normal;color:#f76a0c;-webkit-box-decoration-break:clone;box-decoration-break:clone;padding-top:0px;padding-right:0px;padding-bottom:0px;padding-left:0px;}.wp-block-kadence-advancedheading.kt-adv-heading3309_a9da06-3c img.kb-inline-image, .wp-block-kadence-advancedheading.kt-adv-heading3309_a9da06-3c[data-kb-block=\"kb-adv-heading3309_a9da06-3c\"] img.kb-inline-image{width:150px;vertical-align:baseline;}<\/style>\n<h2 class=\"kt-adv-heading3309_a9da06-3c wp-block-kadence-advancedheading\" data-kb-block=\"kb-adv-heading3309_a9da06-3c\">Actualit\u00e9s<\/h2>\n<\/div><\/div>\n\n\n<style>.kadence-column3309_f5fc07-51 > .kt-inside-inner-col,.kadence-column3309_f5fc07-51 > .kt-inside-inner-col:before{border-top-left-radius:0px;border-top-right-radius:0px;border-bottom-right-radius:0px;border-bottom-left-radius:0px;}.kadence-column3309_f5fc07-51 > .kt-inside-inner-col{column-gap:var(--global-kb-gap-sm, 1rem);}.kadence-column3309_f5fc07-51 > .kt-inside-inner-col{flex-direction:column;}.kadence-column3309_f5fc07-51 > .kt-inside-inner-col > .aligncenter{width:100%;}.kadence-column3309_f5fc07-51 > .kt-inside-inner-col:before{opacity:0.3;}.kadence-column3309_f5fc07-51{position:relative;}@media all and (max-width: 1024px){.kadence-column3309_f5fc07-51 > .kt-inside-inner-col{flex-direction:column;justify-content:center;}}@media all and (max-width: 767px){.kadence-column3309_f5fc07-51 > .kt-inside-inner-col{flex-direction:column;justify-content:center;}}<\/style>\n<div class=\"wp-block-kadence-column kadence-column3309_f5fc07-51\"><div class=\"kt-inside-inner-col\">\n<h3 class=\"wp-block-heading\">Le nouveau r\u00e8glement d'\u00e9levage a \u00e9t\u00e9 mis en ligne<\/h3>\n\n\n\n<p>Tu trouveras ici le lien correspondant - <a href=\"https:\/\/www.sknh.ch\/wp-content\/uploads\/2025\/11\/ReglementElevage_2024.pdf\" target=\"_blank\" rel=\"noreferrer noopener\">R\u00e8glement<\/a><\/p>\n\n\n<style>.wp-block-kadence-spacer.kt-block-spacer-3309_908482-d4 .kt-block-spacer{height:80px;}.wp-block-kadence-spacer.kt-block-spacer-3309_908482-d4 .kt-divider-stripe{height:4px;width:80%;}<\/style>\n<div class=\"wp-block-kadence-spacer aligncenter kt-block-spacer-3309_908482-d4\"><div class=\"kt-block-spacer kt-block-spacer-halign-center\"><span class=\"kt-divider-stripe\"><svg xmlns=\"http:\/\/www.w3.org\/2000\/svg\" width=\"100%\" height=\"100%\" class=\"kb-pattern-svg-divider kb-stripes-svg\"><defs><pattern id=\"pat3309_908482-d4\" width=\"7\" height=\"7\" patterntransform=\"rotate(40)\" patternunits=\"userSpaceOnUse\"><line x1=\"0\" y=\"0\" x2=\"0\" y2=\"7\" stroke=\"var(--global-palette6)\" stroke-width=\"4\"><\/line><\/pattern><\/defs><rect width=\"100%\" height=\"100%\" fill=\"url(#pat3309_908482-d4)\" opacity=\"1\"><\/rect><\/svg><\/span><\/div><\/div>\n<\/div><\/div>\n\n\n<style>.kadence-column3309_337e6a-be > .kt-inside-inner-col,.kadence-column3309_337e6a-be > .kt-inside-inner-col:before{border-top-left-radius:0px;border-top-right-radius:0px;border-bottom-right-radius:0px;border-bottom-left-radius:0px;}.kadence-column3309_337e6a-be > .kt-inside-inner-col{column-gap:var(--global-kb-gap-sm, 1rem);}.kadence-column3309_337e6a-be > .kt-inside-inner-col{flex-direction:column;}.kadence-column3309_337e6a-be > .kt-inside-inner-col > .aligncenter{width:100%;}.kadence-column3309_337e6a-be > .kt-inside-inner-col:before{opacity:0.3;}.kadence-column3309_337e6a-be{position:relative;}@media all and (max-width: 1024px){.kadence-column3309_337e6a-be > .kt-inside-inner-col{flex-direction:column;justify-content:center;}}@media all and (max-width: 767px){.kadence-column3309_337e6a-be > .kt-inside-inner-col{flex-direction:column;justify-content:center;}}<\/style>\n<div class=\"wp-block-kadence-column kadence-column3309_337e6a-be\"><div class=\"kt-inside-inner-col\">\n<h3 class=\"wp-block-heading\">Tests ADN: Nouvelles exigences de la SCS<\/h3>\n\n\n\n<p>Concerne: tous les \u00e9leveurs et les propri\u00e9taires de m\u00e2les reproducteurs - <a href=\"https:\/\/www.skg.ch\/fr\/adaptations-de-lordonnance-sur-la-protection-des-animaux-au-1er-fevrier-2025\/\" target=\"_blank\" rel=\"noreferrer noopener\">Informations ici<\/a><\/p>\n\n\n<style>.wp-block-kadence-spacer.kt-block-spacer-3309_18c3e4-1f .kt-block-spacer{height:80px;}.wp-block-kadence-spacer.kt-block-spacer-3309_18c3e4-1f .kt-divider-stripe{height:4px;width:80%;}<\/style>\n<div class=\"wp-block-kadence-spacer aligncenter kt-block-spacer-3309_18c3e4-1f\"><div class=\"kt-block-spacer kt-block-spacer-halign-center\"><span class=\"kt-divider-stripe\"><svg xmlns=\"http:\/\/www.w3.org\/2000\/svg\" width=\"100%\" height=\"100%\" class=\"kb-pattern-svg-divider kb-stripes-svg\"><defs><pattern id=\"pat3309_18c3e4-1f\" width=\"7\" height=\"7\" patterntransform=\"rotate(40)\" patternunits=\"userSpaceOnUse\"><line x1=\"0\" y=\"0\" x2=\"0\" y2=\"7\" stroke=\"var(--global-palette6)\" stroke-width=\"4\"><\/line><\/pattern><\/defs><rect width=\"100%\" height=\"100%\" fill=\"url(#pat3309_18c3e4-1f)\" opacity=\"1\"><\/rect><\/svg><\/span><\/div><\/div>\n<\/div><\/div>\n\n\n<style>.kadence-column3309_08ed9c-bd > .kt-inside-inner-col,.kadence-column3309_08ed9c-bd > .kt-inside-inner-col:before{border-top-left-radius:0px;border-top-right-radius:0px;border-bottom-right-radius:0px;border-bottom-left-radius:0px;}.kadence-column3309_08ed9c-bd > .kt-inside-inner-col{column-gap:var(--global-kb-gap-sm, 1rem);}.kadence-column3309_08ed9c-bd > .kt-inside-inner-col{flex-direction:column;}.kadence-column3309_08ed9c-bd > .kt-inside-inner-col > .aligncenter{width:100%;}.kadence-column3309_08ed9c-bd > .kt-inside-inner-col:before{opacity:0.3;}.kadence-column3309_08ed9c-bd{position:relative;}@media all and (max-width: 1024px){.kadence-column3309_08ed9c-bd > .kt-inside-inner-col{flex-direction:column;justify-content:center;}}@media all and (max-width: 767px){.kadence-column3309_08ed9c-bd > .kt-inside-inner-col{flex-direction:column;justify-content:center;}}<\/style>\n<div class=\"wp-block-kadence-column kadence-column3309_08ed9c-bd\"><div class=\"kt-inside-inner-col\">\n<h3 class=\"wp-block-heading\">Informations sur l\u2019examen des yeux - acc\u00e8s \u00e0 la plateforme<\/h3>\n\n\n\n<p><a href=\"https:\/\/www.sknh.ch\/wp-content\/uploads\/2023\/12\/lexamen-des-yeux-plateform.pdf\" target=\"_blank\" rel=\"noreferrer noopener\">l\u2019examen des yeux - Les informations<\/a><\/p>\n\n\n<style>.wp-block-kadence-spacer.kt-block-spacer-3309_b1e06b-81 .kt-block-spacer{height:80px;}.wp-block-kadence-spacer.kt-block-spacer-3309_b1e06b-81 .kt-divider-stripe{height:4px;width:80%;}<\/style>\n<div class=\"wp-block-kadence-spacer aligncenter kt-block-spacer-3309_b1e06b-81\"><div class=\"kt-block-spacer kt-block-spacer-halign-center\"><span class=\"kt-divider-stripe\"><svg xmlns=\"http:\/\/www.w3.org\/2000\/svg\" width=\"100%\" height=\"100%\" class=\"kb-pattern-svg-divider kb-stripes-svg\"><defs><pattern id=\"pat3309_b1e06b-81\" width=\"7\" height=\"7\" patterntransform=\"rotate(40)\" patternunits=\"userSpaceOnUse\"><line x1=\"0\" y=\"0\" x2=\"0\" y2=\"7\" stroke=\"var(--global-palette6)\" stroke-width=\"4\"><\/line><\/pattern><\/defs><rect width=\"100%\" height=\"100%\" fill=\"url(#pat3309_b1e06b-81)\" opacity=\"1\"><\/rect><\/svg><\/span><\/div><\/div>\n<\/div><\/div>\n\n\n<style>.kadence-column3309_ec7ddf-da > .kt-inside-inner-col,.kadence-column3309_ec7ddf-da > .kt-inside-inner-col:before{border-top-left-radius:0px;border-top-right-radius:0px;border-bottom-right-radius:0px;border-bottom-left-radius:0px;}.kadence-column3309_ec7ddf-da > .kt-inside-inner-col{column-gap:var(--global-kb-gap-sm, 1rem);}.kadence-column3309_ec7ddf-da > .kt-inside-inner-col{flex-direction:column;}.kadence-column3309_ec7ddf-da > .kt-inside-inner-col > .aligncenter{width:100%;}.kadence-column3309_ec7ddf-da > .kt-inside-inner-col:before{opacity:0.3;}.kadence-column3309_ec7ddf-da{position:relative;}@media all and (max-width: 1024px){.kadence-column3309_ec7ddf-da > .kt-inside-inner-col{flex-direction:column;justify-content:center;}}@media all and (max-width: 767px){.kadence-column3309_ec7ddf-da > .kt-inside-inner-col{flex-direction:column;justify-content:center;}}<\/style>\n<div class=\"wp-block-kadence-column kadence-column3309_ec7ddf-da\"><div class=\"kt-inside-inner-col\">\n<h3 class=\"wp-block-heading\">Pour la race Samoy\u00e8de, le poste de surveillant(e) d'\u00e9levage est \u00e0 pourvoir.<\/h3>\n\n\n\n<p>Si tu es int\u00e9ress\u00e9-e, contacte:<\/p>\n\n\n\n<p><a href=\"mailto:zuko@sknh.ch\">Brigitte Favre<\/a> (Pr\u00e9sidente de la commission d'\u00e9levage) ou<br><a href=\"mailto:contact@sknh.ch\">Thierry Maurer<\/a> (Pr\u00e9sident du CSCN)<br><\/p>\n\n\n<style>.wp-block-kadence-spacer.kt-block-spacer-3309_3c0053-c7 .kt-block-spacer{height:80px;}.wp-block-kadence-spacer.kt-block-spacer-3309_3c0053-c7 .kt-divider-stripe{height:4px;width:80%;}<\/style>\n<div class=\"wp-block-kadence-spacer aligncenter kt-block-spacer-3309_3c0053-c7\"><div class=\"kt-block-spacer kt-block-spacer-halign-center\"><span class=\"kt-divider-stripe\"><svg xmlns=\"http:\/\/www.w3.org\/2000\/svg\" width=\"100%\" height=\"100%\" class=\"kb-pattern-svg-divider kb-stripes-svg\"><defs><pattern id=\"pat3309_3c0053-c7\" width=\"7\" height=\"7\" patterntransform=\"rotate(40)\" patternunits=\"userSpaceOnUse\"><line x1=\"0\" y=\"0\" x2=\"0\" y2=\"7\" stroke=\"var(--global-palette6)\" stroke-width=\"4\"><\/line><\/pattern><\/defs><rect width=\"100%\" height=\"100%\" fill=\"url(#pat3309_3c0053-c7)\" opacity=\"1\"><\/rect><\/svg><\/span><\/div><\/div>\n<\/div><\/div>\n\n\n<style>.kadence-column3309_310dcb-06 > .kt-inside-inner-col,.kadence-column3309_310dcb-06 > .kt-inside-inner-col:before{border-top-left-radius:0px;border-top-right-radius:0px;border-bottom-right-radius:0px;border-bottom-left-radius:0px;}.kadence-column3309_310dcb-06 > .kt-inside-inner-col{column-gap:var(--global-kb-gap-sm, 1rem);}.kadence-column3309_310dcb-06 > .kt-inside-inner-col{flex-direction:column;}.kadence-column3309_310dcb-06 > .kt-inside-inner-col > .aligncenter{width:100%;}.kadence-column3309_310dcb-06 > .kt-inside-inner-col:before{opacity:0.3;}.kadence-column3309_310dcb-06{position:relative;}@media all and (max-width: 1024px){.kadence-column3309_310dcb-06 > .kt-inside-inner-col{flex-direction:column;justify-content:center;}}@media all and (max-width: 767px){.kadence-column3309_310dcb-06 > .kt-inside-inner-col{flex-direction:column;justify-content:center;}}<\/style>\n<div class=\"wp-block-kadence-column kadence-column3309_310dcb-06\"><div class=\"kt-inside-inner-col\">\n<h3 class=\"wp-block-heading\">Les r\u00e8glements ALP1 et ALP2 actualis\u00e9s sont en ligne (Nouveaux r\u00e8glements adopt\u00e9s lors de la 63e assembl\u00e9e g\u00e9n\u00e9rale ordinaire du 26.03.2023)<\/h3>\n\n\n\n<p><a href=\"https:\/\/www.sknh.ch\/wp-content\/uploads\/2023\/09\/Nouveau-re\u0300glement-ALP-1-2-2023_fr.pdf\" target=\"_blank\" rel=\"noreferrer noopener\">Nouvelles dispositions ALP 1 &amp; ALP 2 2023<\/a><br><a href=\"https:\/\/www.sknh.ch\/wp-content\/uploads\/2023\/09\/Nouveau-r\u00e8glement-ALP-1-2-2023_fr-1.pdf\"><br><\/a><a href=\"https:\/\/www.sknh.ch\/wp-content\/uploads\/2023\/09\/Formular-Anmeldung-Leistungsnachweis-ALP_Formulaire-avertissement-ALP-2.pdf\" target=\"_blank\" rel=\"noreferrer noopener\">Formulaire d'inscription pour la preuve de performance ALP<\/a><\/p>\n\n\n<style>.wp-block-kadence-spacer.kt-block-spacer-3309_37ec47-a2 .kt-block-spacer{height:80px;}.wp-block-kadence-spacer.kt-block-spacer-3309_37ec47-a2 .kt-divider-stripe{height:4px;width:80%;}<\/style>\n<div class=\"wp-block-kadence-spacer aligncenter kt-block-spacer-3309_37ec47-a2\"><div class=\"kt-block-spacer kt-block-spacer-halign-center\"><span class=\"kt-divider-stripe\"><svg xmlns=\"http:\/\/www.w3.org\/2000\/svg\" width=\"100%\" height=\"100%\" class=\"kb-pattern-svg-divider kb-stripes-svg\"><defs><pattern id=\"pat3309_37ec47-a2\" width=\"7\" height=\"7\" patterntransform=\"rotate(40)\" patternunits=\"userSpaceOnUse\"><line x1=\"0\" y=\"0\" x2=\"0\" y2=\"7\" stroke=\"var(--global-palette6)\" stroke-width=\"4\"><\/line><\/pattern><\/defs><rect width=\"100%\" height=\"100%\" fill=\"url(#pat3309_37ec47-a2)\" opacity=\"1\"><\/rect><\/svg><\/span><\/div><\/div>\n<\/div><\/div>\n\n\n<style>.kadence-column3309_ed315e-14 > .kt-inside-inner-col,.kadence-column3309_ed315e-14 > .kt-inside-inner-col:before{border-top-left-radius:0px;border-top-right-radius:0px;border-bottom-right-radius:0px;border-bottom-left-radius:0px;}.kadence-column3309_ed315e-14 > .kt-inside-inner-col{column-gap:var(--global-kb-gap-sm, 1rem);}.kadence-column3309_ed315e-14 > .kt-inside-inner-col{flex-direction:column;}.kadence-column3309_ed315e-14 > .kt-inside-inner-col > .aligncenter{width:100%;}.kadence-column3309_ed315e-14 > .kt-inside-inner-col:before{opacity:0.3;}.kadence-column3309_ed315e-14{position:relative;}@media all and (max-width: 1024px){.kadence-column3309_ed315e-14 > .kt-inside-inner-col{flex-direction:column;justify-content:center;}}@media all and (max-width: 767px){.kadence-column3309_ed315e-14 > .kt-inside-inner-col{flex-direction:column;justify-content:center;}}<\/style>\n<div class=\"wp-block-kadence-column kadence-column3309_ed315e-14\"><div class=\"kt-inside-inner-col\">\n<h3 class=\"wp-block-heading\">R\u00e9ductions sp\u00e9ciales pour les membres<\/h3>\n\n\n<style>.kadence-column3309_19ae5f-0b > .kt-inside-inner-col{display:flex;}.kadence-column3309_19ae5f-0b > .kt-inside-inner-col,.kadence-column3309_19ae5f-0b > .kt-inside-inner-col:before{border-top-left-radius:0px;border-top-right-radius:0px;border-bottom-right-radius:0px;border-bottom-left-radius:0px;}.kadence-column3309_19ae5f-0b > .kt-inside-inner-col{column-gap:var(--global-kb-gap-sm, 1rem);}.kadence-column3309_19ae5f-0b > .kt-inside-inner-col{flex-direction:column;align-items:flex-start;}.kadence-column3309_19ae5f-0b > .kt-inside-inner-col > .kb-image-is-ratio-size{align-self:stretch;}.kadence-column3309_19ae5f-0b > .kt-inside-inner-col > .wp-block-kadence-advancedgallery{align-self:stretch;}.kadence-column3309_19ae5f-0b > .kt-inside-inner-col > .aligncenter{width:100%;}.kadence-column3309_19ae5f-0b > .kt-inside-inner-col:before{opacity:0.3;}.kadence-column3309_19ae5f-0b{position:relative;}@media all and (max-width: 1024px){.kadence-column3309_19ae5f-0b > .kt-inside-inner-col{flex-direction:column;justify-content:center;align-items:flex-start;}}@media all and (max-width: 767px){.kadence-column3309_19ae5f-0b > .kt-inside-inner-col{flex-direction:column;justify-content:center;align-items:flex-start;}}<\/style>\n<div class=\"wp-block-kadence-column kadence-column3309_19ae5f-0b\"><div class=\"kt-inside-inner-col\"><style>.wp-block-kadence-advancedbtn.kb-btns3309_a8b2c7-55{gap:var(--global-kb-gap-xs, 0.5rem );justify-content:center;align-items:center;}.kt-btns3309_a8b2c7-55 .kt-button{font-weight:normal;font-style:normal;}.kt-btns3309_a8b2c7-55 .kt-btn-wrap-0{margin-right:5px;}.wp-block-kadence-advancedbtn.kt-btns3309_a8b2c7-55 .kt-btn-wrap-0 .kt-button{color:#555555;border-color:#555555;}.wp-block-kadence-advancedbtn.kt-btns3309_a8b2c7-55 .kt-btn-wrap-0 .kt-button:hover, .wp-block-kadence-advancedbtn.kt-btns3309_a8b2c7-55 .kt-btn-wrap-0 .kt-button:focus{color:#ffffff;border-color:#444444;}.wp-block-kadence-advancedbtn.kt-btns3309_a8b2c7-55 .kt-btn-wrap-0 .kt-button::before{display:none;}.wp-block-kadence-advancedbtn.kt-btns3309_a8b2c7-55 .kt-btn-wrap-0 .kt-button:hover, .wp-block-kadence-advancedbtn.kt-btns3309_a8b2c7-55 .kt-btn-wrap-0 .kt-button:focus{background:#444444;}<\/style>\n<div class=\"wp-block-kadence-advancedbtn kb-buttons-wrap kb-btns3309_a8b2c7-55\"><style>ul.menu .wp-block-kadence-advancedbtn .kb-btn3309_7cb35d-1d.kb-button{width:initial;}<\/style><a class=\"kb-button kt-button button kb-btn3309_7cb35d-1d kt-btn-size-standard kt-btn-width-type-auto kb-btn-global-inherit  kt-btn-has-text-true kt-btn-has-svg-false  wp-block-button__link wp-block-kadence-singlebtn\" href=\"https:\/\/www.sknh.ch\/fr\/sonderrabatte\/\" target=\"_blank\" rel=\"noreferrer noopener\"><span class=\"kt-btn-inner-text\">Informations sur les rabais<\/span><\/a><\/div>\n<\/div><\/div>\n\n\n<style>.wp-block-kadence-spacer.kt-block-spacer-3309_6d4069-ec .kt-block-spacer{height:80px;}.wp-block-kadence-spacer.kt-block-spacer-3309_6d4069-ec .kt-divider-stripe{height:4px;width:80%;}<\/style>\n<div class=\"wp-block-kadence-spacer aligncenter kt-block-spacer-3309_6d4069-ec\"><div class=\"kt-block-spacer kt-block-spacer-halign-center\"><span class=\"kt-divider-stripe\"><svg xmlns=\"http:\/\/www.w3.org\/2000\/svg\" width=\"100%\" height=\"100%\" class=\"kb-pattern-svg-divider kb-stripes-svg\"><defs><pattern id=\"pat3309_6d4069-ec\" width=\"7\" height=\"7\" patterntransform=\"rotate(40)\" patternunits=\"userSpaceOnUse\"><line x1=\"0\" y=\"0\" x2=\"0\" y2=\"7\" stroke=\"var(--global-palette6)\" stroke-width=\"4\"><\/line><\/pattern><\/defs><rect width=\"100%\" height=\"100%\" fill=\"url(#pat3309_6d4069-ec)\" opacity=\"1\"><\/rect><\/svg><\/span><\/div><\/div>\n<\/div><\/div>","protected":false},"excerpt":{"rendered":"<p>Aktuelles Das neue Zuchtreglement wurde aufgeschaltet Hier findest du gleich den Link &#8211; Reglement DNA Tests &#8211; Neue Anforderungen der SKG Betrifft alle Z\u00fcchter und Besitzer von Zuchtr\u00fcden &#8211; Informationen hier Information zur Plattform Augenuntersuchung Augenuntersuchung Plattform F\u00fcr die Rasse Samojede ist das Amt des Rassezuchtwarten zu besetzen. Bei Interesse, melde dich bei Brigitte Favre&#8230;<\/p>","protected":false},"author":2,"featured_media":0,"parent":0,"menu_order":0,"comment_status":"closed","ping_status":"closed","template":"","meta":{"_kad_post_transparent":"","_kad_post_title":"","_kad_post_layout":"","_kad_post_sidebar_id":"","_kad_post_content_style":"","_kad_post_vertical_padding":"","_kad_post_feature":"","_kad_post_feature_position":"","_kad_post_header":false,"_kad_post_footer":false,"footnotes":""},"wf_page_folders":[10],"class_list":["post-3309","page","type-page","status-publish","hentry"],"_links":{"self":[{"href":"https:\/\/www.sknh.ch\/fr\/wp-json\/wp\/v2\/pages\/3309","targetHints":{"allow":["GET"]}}],"collection":[{"href":"https:\/\/www.sknh.ch\/fr\/wp-json\/wp\/v2\/pages"}],"about":[{"href":"https:\/\/www.sknh.ch\/fr\/wp-json\/wp\/v2\/types\/page"}],"author":[{"embeddable":true,"href":"https:\/\/www.sknh.ch\/fr\/wp-json\/wp\/v2\/users\/2"}],"replies":[{"embeddable":true,"href":"https:\/\/www.sknh.ch\/fr\/wp-json\/wp\/v2\/comments?post=3309"}],"version-history":[{"count":34,"href":"https:\/\/www.sknh.ch\/fr\/wp-json\/wp\/v2\/pages\/3309\/revisions"}],"predecessor-version":[{"id":4370,"href":"https:\/\/www.sknh.ch\/fr\/wp-json\/wp\/v2\/pages\/3309\/revisions\/4370"}],"wp:attachment":[{"href":"https:\/\/www.sknh.ch\/fr\/wp-json\/wp\/v2\/media?parent=3309"}],"wp:term":[{"taxonomy":"wf_page_folders","embeddable":true,"href":"https:\/\/www.sknh.ch\/fr\/wp-json\/wp\/v2\/wf_page_folders?post=3309"}],"curies":[{"name":"wp","href":"https:\/\/api.w.org\/{rel}","templated":true}]}}