{"id":2874,"date":"2024-03-23T09:00:21","date_gmt":"2024-03-23T09:00:21","guid":{"rendered":"https:\/\/www.sknh.ch\/?page_id=2874"},"modified":"2024-04-23T17:26:38","modified_gmt":"2024-04-23T17:26:38","slug":"zucht-sknh-zuechter-multiple-forms","status":"publish","type":"page","link":"https:\/\/www.sknh.ch\/fr\/zucht-sknh-zuechter-multiple-forms\/","title":{"rendered":"Elevage et \u00e9leveurs CSCN - Informations diverses"},"content":{"rendered":"<h2>Zucht und SKNH Z\u00fcchter<\/h2>\n<p>\t\t\t\t\t\t\t\t\t\t\t\t\t\tPrevious slide<br \/>\n\t\t\t\t\t\t\t\t\t\t\t\t\t\tNext slide<\/p>\n<h3 style=\"text-align: center;\">\nDeck- und Wurfmeldungen k\u00f6nnen direkt Online ausgef\u00fcllt und an die zust\u00e4ndige Rassezuchtwartin versandt werden.<br \/>\n<\/h3>\n<h2>Deckmeldung Online<\/h2>\n<p>\t\t\t<a href=\"https:\/\/www.sknh.ch\/fr\/interne-deckmeldung-groenlandhund-und-canadian-eskimo-dog\/\"><br \/>\n\t\t\t\t\t\t\t\t\tGroenlandais \/ Canadian Eskimo Dog<br \/>\n\t\t\t\t\t<\/a><br \/>\n\t\t\t<a href=\"https:\/\/www.sknh.ch\/fr\/interne-deckmeldung-samojede\/\"><br \/>\n\t\t\t\t\t\t\t\t\tSamoy\u00e8de<br \/>\n\t\t\t\t\t<\/a><br \/>\n\t\t\t<a href=\"https:\/\/www.sknh.ch\/fr\/interne-deckmeldung-alaskan-malamute\/\"><br \/>\n\t\t\t\t\t\t\t\t\tMalamute de l'Alaska<br \/>\n\t\t\t\t\t<\/a><br \/>\n\t\t\t<a href=\"https:\/\/www.sknh.ch\/fr\/interne-deckmeldung-siberian-husky\/\"><br \/>\n\t\t\t\t\t\t\t\t\tHusky de Sib\u00e9rie<br \/>\n\t\t\t\t\t<\/a><br \/>\n\t\t\t<a href=\"https:\/\/www.sknh.ch\/fr\/interne-deckmeldung-jagdhunde-wach-und-huetehunde\/\"><br \/>\n\t\t\t\t\t\t\t\t\tJagdhunde, Wach- und H\u00fctehunde<br \/>\n\t\t\t\t\t<\/a><\/p>\n<p>Innerhalb von 14 Tagen nach dem Deckakt dem Rassezuchtwart einzusenden.<\/p>\n<p>\u00c0 retourner au surveillant d\u2019\u00e9levage dans les quinze jours suivant la saillie.<\/p>\n<h2>Wurfmeldung Online<\/h2>\n<p>\t\t\t<a href=\"https:\/\/www.sknh.ch\/fr\/interne-wurfmeldung-g-und-ced\/\"><br \/>\n\t\t\t\t\t\t\t\t\tGroenlandais \/ Canadian Eskimo Dog<br \/>\n\t\t\t\t\t<\/a><br \/>\n\t\t\t<a href=\"https:\/\/www.sknh.ch\/fr\/interne-wurfmeldung-s\/\"><br \/>\n\t\t\t\t\t\t\t\t\tSamoy\u00e8de<br \/>\n\t\t\t\t\t<\/a><br \/>\n\t\t\t<a href=\"https:\/\/www.sknh.ch\/fr\/interne-wurfmeldung-am\/\"><br \/>\n\t\t\t\t\t\t\t\t\tMalamute de l'Alaska<br \/>\n\t\t\t\t\t<\/a><br \/>\n\t\t\t<a href=\"https:\/\/www.sknh.ch\/fr\/interne-wurfmeldung-sh\/\"><br \/>\n\t\t\t\t\t\t\t\t\tHusky de Sib\u00e9rie<br \/>\n\t\t\t\t\t<\/a><br \/>\n\t\t\t<a href=\"https:\/\/www.sknh.ch\/fr\/interne-wurfmeldung-jwh\/\"><br \/>\n\t\t\t\t\t\t\t\t\tJagdhunde, Wach- und H\u00fctehunde<br \/>\n\t\t\t\t\t<\/a><\/p>\n<p>\u00c0 retourner au plus tard 7 jours apr\u00e8s  la naissance.<\/p>\n<p>\u00c0 retourner dans la semaine oui seul la naissance.<\/p>\n<p>\t\t\t\t\t\t\t\t\tAnnonces de saillie<br \/>\n\t\t\t\t\t\t\t\t\tAnnonces de mise bas<br \/>\n\t\t\t\t\t\t\t\t\tListe der Deckr\u00fcden<br \/>\n\t\t\t\t\t\t\t\t\tListe des \u00e9levages<br \/>\n\t\t\t\t\t\t\t\t\tAnnonces de saillie<br \/>\n\t\t\t\t\t<!--\n\n\n<tr>\n\n\n<td valign=\"top\" height=\"41\"><\/td>\n\n\n\n\n<td align=\"center\" valign=\"top\"><\/td>\n\n\n\n\n<td valign=\"top\"><\/td>\n\n\n\n\n<td valign=\"top\"><\/td>\n\n\n\n\n<td valign=\"top\"><\/td>\n\n\n<\/tr>\n\n\n--><\/p>\n<table border=\"1\" width=\"99%\">\n<tbody>\n<tr>\n<td valign=\"top\" width=\"97\" height=\"50\"><strong>Date de saillie<\/strong><\/td>\n<td align=\"center\" valign=\"top\" width=\"39\"><strong>Race<\/strong><\/td>\n<td valign=\"top\" width=\"269\"><strong>Eleveurs<br \/>\nP\u00e8re x M\u00e8re<\/strong><\/td>\n<td valign=\"top\" width=\"126\"><strong>Nom d'\u00e9levage<\/strong><\/td>\n<td valign=\"top\" width=\"144\"><strong>Surveillante d'\u00e9levage<\/strong><\/td>\n<\/tr>\n<tr><!--\n\n\n<tr>\n\n\n<td valign=\"top\" height=\"41\"><\/td>\n\n\n\n\n<td align=\"center\" valign=\"top\"><\/td>\n\n\n\n\n<td valign=\"top\"><\/td>\n\n\n\n\n<td valign=\"top\"><\/td>\n\n\n\n\n<td valign=\"top\"><\/td>\n\n\n<\/tr>\n\n\n--><\/tr>\n<\/tbody>\n<tbody>\n<tr>\n<td valign=\"top\" height=\"41\">22.03.2024<\/td>\n<td align=\"center\" valign=\"top\">SH<\/td>\n<td valign=\"top\"><b>David Zimmermann<\/b><br \/>\nAjuittuk Arre x Oh l\u00e0 l\u00e0 Fajara of Olenjok<\/td>\n<td valign=\"top\">Racing Chilkoot&#8217;s<\/td>\n<td valign=\"top\"><a style=\"font-size: 15px; font-style: normal; font-weight: 400;\" href=\"mailto:husky1@sknh.ch\">Brigitte Favre<\/a><\/td>\n<\/tr>\n<tr>\n<td valign=\"top\" height=\"41\">15.03.2024<\/td>\n<td align=\"center\" valign=\"top\">AM<\/td>\n<td valign=\"top\"><b>Reto &amp; Jessica Hotz<\/b><br \/>\nCheenik&#8217;s Red Breeze Cooper x Vasetmutten&#8217;s Ypperlige Emma Frost<\/td>\n<td valign=\"top\">Jagged Rascals<\/td>\n<td valign=\"top\"><a style=\"font-size: 15px; font-style: normal; font-weight: 400;\" href=\"mailto:malamute@sknh.ch\">Petra Cadenas<\/a><\/td>\n<\/tr>\n<tr>\n<td valign=\"top\" height=\"41\">07.01.2024<\/td>\n<td align=\"center\" valign=\"top\">SH<\/td>\n<td valign=\"top\"><b>Vivienne D\u00e9corvet<\/b><br \/>\nJoker Boy of Olenjok x Montana of Manapi-Dakota<\/td>\n<td valign=\"top\">Kennel of Sparkling Aniak<\/td>\n<td valign=\"top\"><a style=\"font-size: 15px; font-style: normal; font-weight: 400;\" href=\"mailto:husky1@sknh.ch\">Brigitte Favre<\/a><\/td>\n<\/tr>\n<\/tbody>\n<\/table>\n<p>\t\t\t\t\t\t\t\t\tAnnonces de mise bas<br \/>\n\t\t\t\t\t<!--\n\n\n<tr>\n\n\n<td valign=\"top\" height=\"41\"><\/td>\n\n\n\n\n<td align=\"center\" valign=\"top\"><\/td>\n\n\n\n\n<td valign=\"top\"><\/td>\n\n\n\n\n<td valign=\"top\"><\/td>\n\n\n\n\n<td valign=\"top\"><\/td>\n\n\n<\/tr>\n\n\n--><\/p>\n<table border=\"1\" width=\"99%\">\n<tbody>\n<tr>\n<td valign=\"top\" width=\"97\" height=\"50\"><strong>Date de mise bas<\/strong><\/td>\n<td align=\"center\" valign=\"top\" width=\"39\"><strong>Race<\/strong><\/td>\n<td valign=\"top\" width=\"269\"><strong>Eleveurs<br \/>\nP\u00e8re x M\u00e8re<\/strong><\/td>\n<td valign=\"top\" width=\"126\"><strong>Nom d'\u00e9levage<\/strong><\/td>\n<td align=\"center\" valign=\"top\" width=\"39\"><strong>M\/F<\/strong><\/td>\n<td valign=\"top\" width=\"144\"><strong>Surveillante d'\u00e9levage<\/strong><\/td>\n<\/tr>\n<p><!-- START START START START START START START --><\/p>\n<tr>\n<td valign=\"top\" width=\"97\" height=\"50\"><!-- DATUM DATUM DATUM DATUM DATUM DATUM --><br \/>\n13.03.2024<\/td>\n<td align=\"center\" valign=\"top\" width=\"39\"><!-- RASSE RASSE RASSE RASSE RASSE RASSE --><br \/>\nSH<\/td>\n<td valign=\"top\" width=\"269\">\n<!-- ZUECHTER ZUECHTER ZUECHTER ZUECHTER ZUECHTER --><br \/>\nVivienne D\u00e9corvet<br \/>\n<!-- VATER UND MUTTER VATER UND MUTTER VATER UND MUTTER --><br \/>\nJoker Boy of Olenjok x Montana of Manapi-Dakota\n<\/td>\n<td valign=\"top\" width=\"126\">\n<!-- ZUCHTNAME ZUCHTNAME ZUCHTNAME ZUCHTNAME ZUCHTNAME --><br \/>\nKennel of Sparkling Aniak\n<\/td>\n<td align=\"center\" valign=\"top\" width=\"39\"><!-- RUEDEN HUENDINNEN RUEDEN HUENDINNEN RUEDEN HUENDINNEN --><br \/>\n4\/3<\/td>\n<p><!-- MAILTO MAILTO MAILTO MAILTO MAILTO MAILTO MAILTO --><\/p>\n<td valign=\"top\" width=\"144\"><a href=\"mailto:husky1@sknh.ch\">Brigitte Favre<\/a><\/td>\n<\/tr>\n<p><!-- END END END END END END END END END END END END --><\/p>\n<tr>\n<td valign=\"top\" width=\"97\" height=\"50\">21.01.2024<\/td>\n<td align=\"center\" valign=\"top\" width=\"39\">LK<\/td>\n<td valign=\"top\" width=\"269\">Anne Staub<br \/>\nJotos von Mainikka Beana x Maaru von Mainikka Beana<\/td>\n<td valign=\"top\" width=\"126\">Mainikka Beana<\/td>\n<td align=\"center\" valign=\"top\" width=\"39\">3\/1<\/td>\n<td valign=\"top\" width=\"144\"><a href=\"mailto:jwh@sknh.ch\">Alessia Buchm\u00fcller<\/a><\/td>\n<\/tr>\n<tr>\n<td valign=\"top\" width=\"97\" height=\"50\">10.11.2023<\/td>\n<td align=\"center\" valign=\"top\" width=\"39\">SH<\/td>\n<td valign=\"top\" width=\"269\">Giuseppe Tersigni<br \/>\nKanoe du Pas de Cheville x Finnemarka Glitra<\/td>\n<td valign=\"top\" width=\"126\">av Taumasiberians<\/td>\n<td align=\"center\" valign=\"top\" width=\"39\">3\/1<\/td>\n<td valign=\"top\" width=\"144\"><a href=\"mailto:husky1@sknh.ch\">Brigitte Favre<\/a><\/td>\n<\/tr>\n<tr>\n<td valign=\"top\" width=\"97\" height=\"50\">01.10.2023<\/td>\n<td align=\"center\" valign=\"top\" width=\"39\">SH<\/td>\n<td valign=\"top\" width=\"269\">Dani\u00e8le Tock &amp; Thierry Maurer<br \/>\nInari d&#8217;Avanneq x Kadeya d&#8217;Avanneq<\/td>\n<td valign=\"top\" width=\"126\">d&#8217;Avanneq<\/td>\n<td align=\"center\" valign=\"top\" width=\"39\">5\/1<\/td>\n<td valign=\"top\" width=\"144\"><a href=\"mailto:husky1@sknh.ch\">Brigitte Favre<\/a><\/td>\n<\/tr>\n<tr>\n<td valign=\"top\" width=\"97\" height=\"50\">01.09.2023<\/td>\n<td align=\"center\" valign=\"top\" width=\"39\">SH<\/td>\n<td valign=\"top\" width=\"269\">Selina &amp; Andreas M\u00fclli<br \/>\nWinter Melody If I Only Had a Brain x Jokasta Sachems Dream<\/td>\n<td valign=\"top\" width=\"126\">Joiel`s Place<\/td>\n<td align=\"center\" valign=\"top\" width=\"39\">3\/2<\/td>\n<td valign=\"top\" width=\"144\"><a href=\"mailto:husky1@sknh.ch\">Brigitte Favre<\/a><\/td>\n<\/tr>\n<\/tbody>\n<\/table>\n<p>\t\t\t\t\t\t\t\t\tListe der Deckr\u00fcden<\/p>\n<h3>Sie planen einen Wurf und suchen Deckr\u00fcden?<\/h3>\n<p>Die aktuelle Deckr\u00fcdenliste kann nach wie vor bei der Zuchtwartin angefordert werden.<\/p>\n<p>\u201eDie Listen der\u00a0 Deckr\u00fcden sind neu wieder online auf unserer Website aufgeschaltet. Die Liste kann laufend aktualisiert werden, sehr gerne nehmen wir weiterhin Fotos und Einverst\u00e4ndniserkl\u00e4rungen f\u00fcr die restlichen R\u00fcden von weiteren Besitzern entgegen!\u00a0 Nichtmitglieder des SKNH haben ebenfalls die M\u00f6glichkeit, ihren angek\u00f6rten R\u00fcden auf die Deckr\u00fcdenliste setzen zu lassen. Bitte wenden Sie sich hierf\u00fcr an die zust\u00e4ndige Rassezuchtwartin. Herzlichen Dank.<\/p>\n<p>La liste des m\u00e2les reproducteurs sont de nouveau en ligne sur notre site web. Nous allons l\u2019actualiser fur \u00e0 mesure, nous continuons tr\u00e8s volontier de recevoir vos photos et la d\u00e9claration de consentement pour la publication. Les non-membres du CSCN ont \u00e9galement la possibilit\u00e9 de faire publier leur m\u00e2le approuv\u00e9 pour l&#8217;\u00e9levage sur la liste des m\u00e2les reproducteurs. Veuillez s\u2019il-vous pla\u00eet vous adresser \u00e0 la surveillante d\u2019\u00e9levage de votre race. Merci beaucoup.<\/p>\n<p><a href=\"https:\/\/www.sknh.ch\/wp-content\/uploads\/2024\/03\/2403-Siberian-Husky-Ruedenkatalog-aktuell-komprimiert.pdf\">&#8211;\u00a0Siberian Husky Ru\u0308denkatalog<\/a><\/p>\n<p><a href=\"https:\/\/www.sknh.ch\/wp-content\/uploads\/2023\/09\/Samojeden-Ru\u0308denkatalog.pdf\">&#8211; Samojeden Ru\u0308denkatalog<\/a><\/p>\n<p><a href=\"https:\/\/www.sknh.ch\/wp-content\/uploads\/2023\/01\/Lapinkoira-Ru\u0308denkatalog.pdf\">&#8211; Lapinkoira R\u00fcdenkatalog<\/a><\/p>\n<p><a href=\"https:\/\/www.sknh.ch\/wp-content\/uploads\/2023\/09\/Alaskan-Malamute-Deckru\u0308denkatalog.pdf\">&#8211; Alaskan Malamute Deckru\u0308denkatalog<\/a><\/p>\n<p>\t\t\t\t\t\t\t\t\tListe des \u00e9levages<\/p>\n<h3>Sie m\u00f6chten Ihre Zucht auf dieser Z\u00fcchtertafel vorstellen?<\/h3>\n<p>Richten Sie Ihre Anfrage bitte an\u00a0<a href=\"mailto:webmaster@sknh.ch\" target=\"_blank\" rel=\"noopener\">webmaster@sknh.ch<\/a>.<\/p>\n<p><strong style=\"font-size: 15px;\">Samoy\u00e8de<\/strong><\/p>\n<table style=\"font-size: 15px; height: 51px;\" border=\"1\" width=\"151\">\n<tbody>\n<tr>\n<td valign=\"top\"><strong>Arctic Aivik<\/strong>Andrea &amp; Bruno EicherPf\u00e4ffikonerstr. 49CH-8307 Effretikon<\/td>\n<td valign=\"top\" width=\"360\">T: +41 (0) 52 345 05 73E-Mail: <a href=\"mailto:andrea@samoyed.ch\">andrea@samoyed.ch<\/a>Web: <a href=\"http:\/\/www.samoyed.ch\/\">www.samoyed.ch<\/a><strong><a href=\"http:\/\/sknh.ch\/wp-content\/uploads\/2019\/09\/arctic_aivik.pdf\">\u203a vers le profil de l'\u00e9levage<\/a><a href=\"http:\/\/sknh.ch\/wp-content\/uploads\/2019\/09\/arctic_aivik.pdf\"> Z\u00fcc<\/a><a href=\"http:\/\/sknh.ch\/wp-content\/uploads\/2019\/09\/arctic_aivik.pdf\">hterprofil<\/a><\/strong><\/td>\n<\/tr>\n<tr>\n<td valign=\"top\"><strong>of S\u00e1pmi Spirit<\/strong>Gudrun WeisshauptPlattenberghausCH-8765 Engi<\/td>\n<td valign=\"top\">T: +41 (0) 55 642 55 42E-Mail: <a href=\"mailto:info@samojeden-kennel.ch\">info@samojeden-kennel.ch<\/a>Web: <a href=\"http:\/\/www.samojeden-kennel.ch\/\">www.samojeden-kennel.ch<\/a>\u203a vers le profil de l'\u00e9levage<\/td>\n<\/tr>\n<tr>\n<td valign=\"top\"><strong>Tein Matkan<\/strong>Christine DoerfelBl\u00fcemenen 2CH-8840 Einsiedeln<\/td>\n<td valign=\"top\">T: +41 (0) 55 412 32 29E-Mail: <a href=\"mailto:cdoerfel@sihlnet.ch\">cdoerfel@sihlnet.ch<\/a>\u203a vers le profil de l'\u00e9levage<\/td>\n<\/tr>\n<tr>\n<td valign=\"top\">\u00a0<\/td>\n<td valign=\"top\">\u00a0<\/td>\n<\/tr>\n<\/tbody>\n<\/table>\n<p><strong>Husky de Sib\u00e9rie<\/strong><\/p>\n<table style=\"font-size: 15px;\" border=\"1\" width=\"95%\">\n<tbody>\n<tr>\n<td valign=\"top\">\u00a0<\/td>\n<td valign=\"top\" width=\"360\">\u00a0<\/td>\n<\/tr>\n<tr>\n<td valign=\"top\"><strong>d\u2019Avanneq\u00a0<\/strong>Dani\u00e8le Tock &amp; Thierry MaurerLa Chaux 102722 Les Reussilles<\/td>\n<td valign=\"top\">T: +41 (0) 78 858 35 58E-Mail: <a href=\"mailto:info@ventdunord.ch\">info@ventdunord.ch<\/a>Web: <a href=\"http:\/\/www.avanneq.ch\/\">www.avanneq.ch<\/a><strong><a href=\"http:\/\/sknh.ch\/wp-content\/uploads\/2019\/09\/Avanneq-Profil.pdf\">\u203a vers le profil de l'\u00e9levage<\/a><\/strong><\/td>\n<\/tr>\n<tr>\n<td valign=\"top\"><strong>le Lichen bleu<\/strong>Myriam &amp; Maurice Jobinle Haut du B\u00e9montCH-2350 Saignel\u00e9gier<\/td>\n<td valign=\"top\">T: +41 (0) 32 951 17 74M: +41 (0) 78 812 71 07E-Mail: <a href=\"mailto:lichenbleu@hotmail.com\">lichenbleu@hotmail.com<\/a>Web: <a href=\"http:\/\/www.lichenbleu.ch\/\">www.lichenbleu.ch<\/a>\u203a vers le profil de l'\u00e9levage<\/td>\n<\/tr>\n<tr>\n<td valign=\"top\"><strong>Des loups du Val de They<\/strong>Violaine GrauRte du Corbeau 22CH \u2013 1875 Morgins<\/td>\n<td valign=\"top\">T: +41 (0) 78 664 61 61E-Mail: <a href=\"mailto:violaine@desloupsduvaldethey.ch\">violaine@desloupsduvaldethey.ch<\/a>Web: <a href=\"http:\/\/www.desloupsduvaldethey.ch\/\">www.desloupsduvaldethey.ch<\/a><a href=\"https:\/\/www.sknh.ch\/wp-content\/uploads\/2020\/04\/Grau-Violaine.pdf\"><strong>\u203a vers le profil de l'\u00e9levage<\/strong><\/a><\/td>\n<\/tr>\n<tr>\n<td valign=\"top\"><strong>of Olenjok<\/strong>Manuela WalterLandstrasse 34CH-5322 Koblenz<\/td>\n<td valign=\"top\">T: +41 (0) 56 246 00 38E-Mail: <a href=\"mailto:olenjok@hotmail.com\">olenjok@hotmail.com<\/a>Web: <a href=\"http:\/\/www.olenjok-husky.ch\/\">www.olenjok-husky.ch<\/a>\u203a vers le profil de l'\u00e9levage<\/td>\n<\/tr>\n<tr>\n<td valign=\"top\"><strong>Polar Wilderness<\/strong>Brigitte OberholzerM\u00e4ttliweg 18CH-9473 Gams<\/td>\n<td valign=\"top\">T: +41 (0) 81 771 49 24E-Mail:<a href=\"mailto:reinioberholzer@bluewin.ch\">reinioberholzer@bluewin.ch<\/a>Web: <a href=\"http:\/\/www.polar-wilderness.ch\/\">www.polar-wilderness.ch<\/a>\u203a vers le profil de l'\u00e9levage<\/td>\n<\/tr>\n<tr>\n<td valign=\"top\">\u00a0<\/td>\n<td valign=\"top\">\u00a0<\/td>\n<\/tr>\n<\/tbody>\n<\/table>\n<p><strong>Chiens nordiques de chasse, de garde et de berger<\/strong>\u00a0<strong>Chien d'ours de Car\u00e9lie<\/strong><\/p>\n<table style=\"font-size: 15px;\" border=\"1\" width=\"95%\">\n<tbody>\n<tr>\n<td valign=\"top\"><strong>Casa Igloo<\/strong>Fabio &amp; Sonja GiussaniVia per ArognoCH-6821 Rovio<\/td>\n<td valign=\"top\" width=\"360\">T: +41 (0) 91 649 31 48M: +41 (0) 79 699 34 78E-Mail: <a href=\"mailto:sonja.cevio@bluewin.ch\">sonja.cevio@bluewin.ch<\/a>\u203a vers le profil de l'\u00e9levage<\/td>\n<\/tr>\n<\/tbody>\n<\/table>\n<p>\u00a0\u00a0\u00a0<\/p>\n<h3>Abr\u00e9viation des races<\/h3>\n<p><strong><a href=\"https:\/\/www.sknh.ch\/fr\/alaskan_malamute.htm\/\">AM<\/a><\/strong>\u00a0Malamute d'Alaska |\u00a0<strong><a href=\"https:\/\/www.sknh.ch\/fr\/norwegischer_buhund.htm\/\">B<\/a><\/strong>\u00a0Buhund norv\u00e9gien |\u00a0<strong><a href=\"https:\/\/www.sknh.ch\/fr\/norwegischer_elchhund_grau.htm\/\">E<\/a><\/strong>\u00a0Chien d'\u00e9lan norv\u00e9gien |\u00a0<strong><a href=\"https:\/\/www.sknh.ch\/fr\/finnenspitz.htm\/\">F<\/a><\/strong>\u00a0Spitz finlandais |\u00a0<strong><a href=\"https:\/\/www.sknh.ch\/fr\/groenlandhund.htm\/\">G<\/a><\/strong>\u00a0Groenlandais<br \/><strong><a href=\"https:\/\/www.sknh.ch\/fr\/jaemthund.htm\/\">J<\/a><\/strong>\u00a0Chien d'\u00e9lan su\u00e9dois |\u00a0<strong><a href=\"https:\/\/www.sknh.ch\/fr\/karelischer_baerenhund.htm\/\">KB<\/a><\/strong>\u00a0Chien d'ours de Car\u00e9lie |\u00a0<strong><a href=\"https:\/\/www.sknh.ch\/fr\/lundehund.htm\/\">LU<\/a><\/strong>\u00a0Chien norv\u00e9gien de macareux |\u00a0<strong><a href=\"https:\/\/www.sknh.ch\/fr\/lapinkoira.htm\/\">LK<\/a><\/strong>\u00a0Lapinkoira |<a href=\"https:\/\/www.sknh.ch\/fr\/lapinporokoira.htm\/\">\u00a0<strong>LP<\/strong><\/a>\u00a0Lapinporokoira |\u00a0<br \/><strong><a href=\"https:\/\/www.sknh.ch\/fr\/samojede.htm\/\">S<\/a><\/strong>\u00a0Samoy\u00e8de |\u00a0<strong><a href=\"https:\/\/www.sknh.ch\/fr\/schwedischer_lapphund.htm\/\">SL<\/a><\/strong>\u00a0Lapphund su\u00e9dois |\u00a0<strong><a href=\"https:\/\/www.sknh.ch\/fr\/siberian_husky.htm\/\">SH<\/a><\/strong>\u00a0Husky de Sib\u00e9rie |\u00a0<strong><a href=\"https:\/\/www.sknh.ch\/fr\/westsibirische_laika.htm\/\">WSL<\/a><\/strong>\u00a0La\u00efka de Sib\u00e9rie occidentale |<\/p>","protected":false},"excerpt":{"rendered":"<p>Elevage et \u00e9leveurs du CSKN\nLes d\u00e9clarations de saillie et de port\u00e9e peuvent \u00eatre remplies directement en ligne et envoy\u00e9es \u00e0 la surveillante d'\u00e9levage de la race concern\u00e9e. Annonce de saillie en ligne Chien du Groenland | Chien canadien esquimau Samoy\u00e8de Alaskan Malamute Siberian Husky Chiens de chasse, de garde et de berger A envoyer au surveillant d'\u00e9levage de la race dans les 14 jours suivant la saillie...<\/p>","protected":false},"author":2,"featured_media":0,"parent":0,"menu_order":0,"comment_status":"closed","ping_status":"closed","template":"","meta":{"_kad_post_transparent":"","_kad_post_title":"","_kad_post_layout":"","_kad_post_sidebar_id":"","_kad_post_content_style":"","_kad_post_vertical_padding":"","_kad_post_feature":"","_kad_post_feature_position":"","_kad_post_header":false,"_kad_post_footer":false,"footnotes":""},"wf_page_folders":[12],"class_list":["post-2874","page","type-page","status-publish","hentry"],"_links":{"self":[{"href":"https:\/\/www.sknh.ch\/fr\/wp-json\/wp\/v2\/pages\/2874","targetHints":{"allow":["GET"]}}],"collection":[{"href":"https:\/\/www.sknh.ch\/fr\/wp-json\/wp\/v2\/pages"}],"about":[{"href":"https:\/\/www.sknh.ch\/fr\/wp-json\/wp\/v2\/types\/page"}],"author":[{"embeddable":true,"href":"https:\/\/www.sknh.ch\/fr\/wp-json\/wp\/v2\/users\/2"}],"replies":[{"embeddable":true,"href":"https:\/\/www.sknh.ch\/fr\/wp-json\/wp\/v2\/comments?post=2874"}],"version-history":[{"count":73,"href":"https:\/\/www.sknh.ch\/fr\/wp-json\/wp\/v2\/pages\/2874\/revisions"}],"predecessor-version":[{"id":3298,"href":"https:\/\/www.sknh.ch\/fr\/wp-json\/wp\/v2\/pages\/2874\/revisions\/3298"}],"wp:attachment":[{"href":"https:\/\/www.sknh.ch\/fr\/wp-json\/wp\/v2\/media?parent=2874"}],"wp:term":[{"taxonomy":"wf_page_folders","embeddable":true,"href":"https:\/\/www.sknh.ch\/fr\/wp-json\/wp\/v2\/wf_page_folders?post=2874"}],"curies":[{"name":"wp","href":"https:\/\/api.w.org\/{rel}","templated":true}]}}