{"id":4170,"date":"2024-06-17T12:10:27","date_gmt":"2024-06-17T12:10:27","guid":{"rendered":"https:\/\/www.sknh.ch\/?page_id=4170"},"modified":"2024-06-17T12:16:06","modified_gmt":"2024-06-17T12:16:06","slug":"zuchtplanung","status":"publish","type":"page","link":"https:\/\/www.sknh.ch\/de\/zuchtplanung\/","title":{"rendered":"Zuchtplanung"},"content":{"rendered":"<style>.kadence-column4170_bef418-95 > .kt-inside-inner-col,.kadence-column4170_bef418-95 > .kt-inside-inner-col:before{border-top-left-radius:0px;border-top-right-radius:0px;border-bottom-right-radius:0px;border-bottom-left-radius:0px;}.kadence-column4170_bef418-95 > .kt-inside-inner-col{column-gap:var(--global-kb-gap-sm, 1rem);}.kadence-column4170_bef418-95 > .kt-inside-inner-col{flex-direction:column;}.kadence-column4170_bef418-95 > .kt-inside-inner-col > .aligncenter{width:100%;}.kadence-column4170_bef418-95 > .kt-inside-inner-col{background-image:linear-gradient(135deg,rgb(6,147,227) 0%,rgb(20,39,109) 100%);}.kadence-column4170_bef418-95 > .kt-inside-inner-col:before{opacity:1;background-image:linear-gradient(135deg,rgb(48,118,190) 0%,var(--global-palette6,#718096) 53%,rgb(72,140,209) 100%);}.kadence-column4170_bef418-95{position:relative;}.kadence-column4170_bef418-95, .kt-inside-inner-col > .kadence-column4170_bef418-95:not(.specificity){margin-top:var(--global-kb-spacing-lg, 3rem);}@media all and (max-width: 1024px){.kadence-column4170_bef418-95 > .kt-inside-inner-col{flex-direction:column;justify-content:center;}}@media all and (max-width: 767px){.kadence-column4170_bef418-95 > .kt-inside-inner-col{flex-direction:column;justify-content:center;}}<\/style>\n<div class=\"wp-block-kadence-column kadence-column4170_bef418-95 kb-section-has-overlay\"><div class=\"kt-inside-inner-col\"><style>.wp-block-kadence-advancedheading.kt-adv-heading4170_97ebe9-8e, .wp-block-kadence-advancedheading.kt-adv-heading4170_97ebe9-8e[data-kb-block=\"kb-adv-heading4170_97ebe9-8e\"]{padding-top:var(--global-kb-spacing-xxs, 0.5rem);padding-bottom:var(--global-kb-spacing-xxs, 0.5rem);padding-left:var(--global-kb-spacing-xs, 1rem);font-style:normal;color:#ffffff;}.wp-block-kadence-advancedheading.kt-adv-heading4170_97ebe9-8e mark.kt-highlight, .wp-block-kadence-advancedheading.kt-adv-heading4170_97ebe9-8e[data-kb-block=\"kb-adv-heading4170_97ebe9-8e\"] mark.kt-highlight{font-style:normal;color:#f76a0c;-webkit-box-decoration-break:clone;box-decoration-break:clone;padding-top:0px;padding-right:0px;padding-bottom:0px;padding-left:0px;}.wp-block-kadence-advancedheading.kt-adv-heading4170_97ebe9-8e img.kb-inline-image, .wp-block-kadence-advancedheading.kt-adv-heading4170_97ebe9-8e[data-kb-block=\"kb-adv-heading4170_97ebe9-8e\"] img.kb-inline-image{width:150px;vertical-align:baseline;}<\/style>\n<h2 class=\"kt-adv-heading4170_97ebe9-8e wp-block-kadence-advancedheading\" data-kb-block=\"kb-adv-heading4170_97ebe9-8e\">Planst du eine Zucht?<\/h2>\n<\/div><\/div>\n\n\n\n<p><\/p>\n\n\n\n<p>Planst du einen Wurf oder m\u00f6chtest du deinen R\u00fcden \/ deine H\u00fcndin f\u00fcr die Zucht ank\u00f6ren? Diese Check-Liste soll helfen und aufzeigen, was es f\u00fcr dein Zuchtvorhaben alles zu beachten gilt. Bei Fragen und f\u00fcr weitere Ausk\u00fcnfte steht dir gerne die zust\u00e4ndige Rassezuchtwartin zur Verf\u00fcgung.<\/p>\n\n\n<style>.kb-row-layout-id4170_81980e-83 > .kt-row-column-wrap{align-content:start;}:where(.kb-row-layout-id4170_81980e-83 > .kt-row-column-wrap) > .wp-block-kadence-column{justify-content:start;}.kb-row-layout-id4170_81980e-83 > .kt-row-column-wrap{column-gap:var(--global-kb-gap-md, 2rem);row-gap:var(--global-kb-gap-md, 2rem);padding-top:var(--global-kb-spacing-sm, 1.5rem);padding-bottom:var(--global-kb-spacing-sm, 1.5rem);}.kb-row-layout-id4170_81980e-83 > .kt-row-column-wrap > div:not(.added-for-specificity){grid-column:initial;}.kb-row-layout-id4170_81980e-83 > .kt-row-column-wrap{grid-template-columns:repeat(3, minmax(0, 1fr));}.kb-row-layout-id4170_81980e-83 > .kt-row-layout-overlay{opacity:0.30;}@media all and (max-width: 1024px){.kb-row-layout-id4170_81980e-83 > .kt-row-column-wrap > div:not(.added-for-specificity){grid-column:initial;}}@media all and (max-width: 1024px){.kb-row-layout-id4170_81980e-83 > .kt-row-column-wrap{grid-template-columns:repeat(3, minmax(0, 1fr));}}@media all and (max-width: 767px){.kb-row-layout-id4170_81980e-83 > .kt-row-column-wrap > div:not(.added-for-specificity){grid-column:initial;}.kb-row-layout-id4170_81980e-83 > .kt-row-column-wrap{grid-template-columns:minmax(0, 1fr);}}<\/style><div class=\"kb-row-layout-wrap kb-row-layout-id4170_81980e-83 alignfull wp-block-kadence-rowlayout\"><div class=\"kt-row-column-wrap kt-has-3-columns kt-row-layout-equal kt-tab-layout-inherit kt-mobile-layout-row kt-row-valign-top\">\n<style>.kadence-column4170_e4690e-3a > .kt-inside-inner-col,.kadence-column4170_e4690e-3a > .kt-inside-inner-col:before{border-top-left-radius:0px;border-top-right-radius:0px;border-bottom-right-radius:0px;border-bottom-left-radius:0px;}.kadence-column4170_e4690e-3a > .kt-inside-inner-col{column-gap:var(--global-kb-gap-sm, 1rem);}.kadence-column4170_e4690e-3a > .kt-inside-inner-col{flex-direction:column;}.kadence-column4170_e4690e-3a > .kt-inside-inner-col > .aligncenter{width:100%;}.kadence-column4170_e4690e-3a > .kt-inside-inner-col:before{opacity:0.3;}.kadence-column4170_e4690e-3a{position:relative;}@media all and (max-width: 1024px){.kadence-column4170_e4690e-3a > .kt-inside-inner-col{flex-direction:column;justify-content:center;}}@media all and (max-width: 767px){.kadence-column4170_e4690e-3a > .kt-inside-inner-col{flex-direction:column;justify-content:center;}}<\/style>\n<div class=\"wp-block-kadence-column kadence-column4170_e4690e-3a\"><div class=\"kt-inside-inner-col\"><\/div><\/div>\n\n\n<style>.kadence-column4170_124554-42 > .kt-inside-inner-col,.kadence-column4170_124554-42 > .kt-inside-inner-col:before{border-top-left-radius:0px;border-top-right-radius:0px;border-bottom-right-radius:0px;border-bottom-left-radius:0px;}.kadence-column4170_124554-42 > .kt-inside-inner-col{column-gap:var(--global-kb-gap-sm, 1rem);}.kadence-column4170_124554-42 > .kt-inside-inner-col{flex-direction:column;}.kadence-column4170_124554-42 > .kt-inside-inner-col > .aligncenter{width:100%;}.kadence-column4170_124554-42 > .kt-inside-inner-col:before{opacity:0.3;}.kadence-column4170_124554-42{position:relative;}@media all and (max-width: 1024px){.kadence-column4170_124554-42 > .kt-inside-inner-col{flex-direction:column;justify-content:center;}}@media all and (max-width: 767px){.kadence-column4170_124554-42 > .kt-inside-inner-col{flex-direction:column;justify-content:center;}}<\/style>\n<div class=\"wp-block-kadence-column kadence-column4170_124554-42\"><div class=\"kt-inside-inner-col\"><style>.wp-block-kadence-advancedbtn.kb-btns4170_80e66e-da{gap:var(--global-kb-gap-xs, 0.5rem );justify-content:center;align-items:center;}.kt-btns4170_80e66e-da .kt-button{font-weight:normal;font-style:normal;}.kt-btns4170_80e66e-da .kt-btn-wrap-0{margin-right:5px;}.wp-block-kadence-advancedbtn.kt-btns4170_80e66e-da .kt-btn-wrap-0 .kt-button{color:#555555;border-color:#555555;}.wp-block-kadence-advancedbtn.kt-btns4170_80e66e-da .kt-btn-wrap-0 .kt-button:hover, .wp-block-kadence-advancedbtn.kt-btns4170_80e66e-da .kt-btn-wrap-0 .kt-button:focus{color:#ffffff;border-color:#444444;}.wp-block-kadence-advancedbtn.kt-btns4170_80e66e-da .kt-btn-wrap-0 .kt-button::before{display:none;}.wp-block-kadence-advancedbtn.kt-btns4170_80e66e-da .kt-btn-wrap-0 .kt-button:hover, .wp-block-kadence-advancedbtn.kt-btns4170_80e66e-da .kt-btn-wrap-0 .kt-button:focus{background:#444444;}<\/style>\n<div class=\"wp-block-kadence-advancedbtn kb-buttons-wrap kb-btns4170_80e66e-da\"><style>ul.menu .wp-block-kadence-advancedbtn .kb-btn4170_9a4273-c4.kb-button{width:initial;}<\/style><a class=\"kb-button kt-button button kb-btn4170_9a4273-c4 kt-btn-size-standard kt-btn-width-type-full kb-btn-global-inherit  kt-btn-has-text-true kt-btn-has-svg-false  wp-block-button__link wp-block-kadence-singlebtn\" href=\"https:\/\/www.sknh.ch\/wp-content\/uploads\/2024\/06\/Checkliste-Zucht-2024_d.pdf\" target=\"_blank\" rel=\"noreferrer noopener\"><span class=\"kt-btn-inner-text\">Zur Checkliste<\/span><\/a><\/div>\n<\/div><\/div>\n\n\n<style>.kadence-column4170_8c407a-00 > .kt-inside-inner-col,.kadence-column4170_8c407a-00 > .kt-inside-inner-col:before{border-top-left-radius:0px;border-top-right-radius:0px;border-bottom-right-radius:0px;border-bottom-left-radius:0px;}.kadence-column4170_8c407a-00 > .kt-inside-inner-col{column-gap:var(--global-kb-gap-sm, 1rem);}.kadence-column4170_8c407a-00 > .kt-inside-inner-col{flex-direction:column;}.kadence-column4170_8c407a-00 > .kt-inside-inner-col > .aligncenter{width:100%;}.kadence-column4170_8c407a-00 > .kt-inside-inner-col:before{opacity:0.3;}.kadence-column4170_8c407a-00{position:relative;}@media all and (max-width: 1024px){.kadence-column4170_8c407a-00 > .kt-inside-inner-col{flex-direction:column;justify-content:center;}}@media all and (max-width: 767px){.kadence-column4170_8c407a-00 > .kt-inside-inner-col{flex-direction:column;justify-content:center;}}<\/style>\n<div class=\"wp-block-kadence-column kadence-column4170_8c407a-00\"><div class=\"kt-inside-inner-col\"><\/div><\/div>\n\n<\/div><\/div>\n\n\n<h2 class=\"wp-block-heading\">Z\u00fcchtwartin kontaktieren<\/h2>\n\n\n<style>.kb-row-layout-id4170_7ce88c-97 > .kt-row-column-wrap{align-content:start;}:where(.kb-row-layout-id4170_7ce88c-97 > .kt-row-column-wrap) > .wp-block-kadence-column{justify-content:start;}.kb-row-layout-id4170_7ce88c-97 > .kt-row-column-wrap{column-gap:var(--global-kb-gap-md, 2rem);row-gap:var(--global-kb-gap-md, 2rem);padding-top:var(--global-kb-spacing-sm, 1.5rem);padding-bottom:var(--global-kb-spacing-sm, 1.5rem);grid-template-columns:minmax(0, 1fr) minmax(0, 2fr) minmax(0, 1fr);}.kb-row-layout-id4170_7ce88c-97 > .kt-row-layout-overlay{opacity:0.30;}@media all and (max-width: 1024px){.kb-row-layout-id4170_7ce88c-97 > .kt-row-column-wrap > div:not(.added-for-specificity){grid-column:initial;}}@media all and (max-width: 1024px){.kb-row-layout-id4170_7ce88c-97 > .kt-row-column-wrap{grid-template-columns:repeat(3, minmax(0, 1fr));}}@media all and (max-width: 767px){.kb-row-layout-id4170_7ce88c-97 > .kt-row-column-wrap > div:not(.added-for-specificity){grid-column:initial;}.kb-row-layout-id4170_7ce88c-97 > .kt-row-column-wrap{grid-template-columns:minmax(0, 1fr);}}<\/style><div class=\"kb-row-layout-wrap kb-row-layout-id4170_7ce88c-97 alignnone wp-block-kadence-rowlayout\"><div class=\"kt-row-column-wrap kt-has-3-columns kt-row-layout-equal kt-tab-layout-inherit kt-mobile-layout-row kt-row-valign-top\">\n<style>.kadence-column4170_9e993a-c3 > .kt-inside-inner-col,.kadence-column4170_9e993a-c3 > .kt-inside-inner-col:before{border-top-left-radius:0px;border-top-right-radius:0px;border-bottom-right-radius:0px;border-bottom-left-radius:0px;}.kadence-column4170_9e993a-c3 > .kt-inside-inner-col{column-gap:var(--global-kb-gap-sm, 1rem);}.kadence-column4170_9e993a-c3 > .kt-inside-inner-col{flex-direction:column;}.kadence-column4170_9e993a-c3 > .kt-inside-inner-col > .aligncenter{width:100%;}.kadence-column4170_9e993a-c3 > .kt-inside-inner-col:before{opacity:0.3;}.kadence-column4170_9e993a-c3{position:relative;}@media all and (max-width: 1024px){.kadence-column4170_9e993a-c3 > .kt-inside-inner-col{flex-direction:column;justify-content:center;}}@media all and (max-width: 767px){.kadence-column4170_9e993a-c3 > .kt-inside-inner-col{flex-direction:column;justify-content:center;}}<\/style>\n<div class=\"wp-block-kadence-column kadence-column4170_9e993a-c3\"><div class=\"kt-inside-inner-col\"><\/div><\/div>\n\n\n<style>.kadence-column4170_cd1c3a-4a > .kt-inside-inner-col,.kadence-column4170_cd1c3a-4a > .kt-inside-inner-col:before{border-top-left-radius:0px;border-top-right-radius:0px;border-bottom-right-radius:0px;border-bottom-left-radius:0px;}.kadence-column4170_cd1c3a-4a > .kt-inside-inner-col{column-gap:var(--global-kb-gap-sm, 1rem);}.kadence-column4170_cd1c3a-4a > .kt-inside-inner-col{flex-direction:column;}.kadence-column4170_cd1c3a-4a > .kt-inside-inner-col > .aligncenter{width:100%;}.kadence-column4170_cd1c3a-4a > .kt-inside-inner-col:before{opacity:0.3;}.kadence-column4170_cd1c3a-4a{position:relative;}@media all and (max-width: 1024px){.kadence-column4170_cd1c3a-4a > .kt-inside-inner-col{flex-direction:column;justify-content:center;}}@media all and (max-width: 767px){.kadence-column4170_cd1c3a-4a > .kt-inside-inner-col{flex-direction:column;justify-content:center;}}<\/style>\n<div class=\"wp-block-kadence-column kadence-column4170_cd1c3a-4a\"><div class=\"kt-inside-inner-col\"><style>.wp-block-kadence-advancedbtn.kb-btns4170_82fa25-77{gap:var(--global-kb-gap-xs, 0.5rem );justify-content:center;align-items:center;}.kt-btns4170_82fa25-77 .kt-button{font-weight:normal;font-style:normal;}.kt-btns4170_82fa25-77 .kt-btn-wrap-0{margin-right:5px;}.wp-block-kadence-advancedbtn.kt-btns4170_82fa25-77 .kt-btn-wrap-0 .kt-button{color:#555555;border-color:#555555;}.wp-block-kadence-advancedbtn.kt-btns4170_82fa25-77 .kt-btn-wrap-0 .kt-button:hover, .wp-block-kadence-advancedbtn.kt-btns4170_82fa25-77 .kt-btn-wrap-0 .kt-button:focus{color:#ffffff;border-color:#444444;}.wp-block-kadence-advancedbtn.kt-btns4170_82fa25-77 .kt-btn-wrap-0 .kt-button::before{display:none;}.wp-block-kadence-advancedbtn.kt-btns4170_82fa25-77 .kt-btn-wrap-0 .kt-button:hover, .wp-block-kadence-advancedbtn.kt-btns4170_82fa25-77 .kt-btn-wrap-0 .kt-button:focus{background:#444444;}<\/style>\n<div class=\"wp-block-kadence-advancedbtn kb-buttons-wrap kb-btns4170_82fa25-77\"><style>ul.menu .wp-block-kadence-advancedbtn .kb-btn4170_f9b2de-9e.kb-button{width:initial;}<\/style><a class=\"kb-button kt-button button kb-btn4170_f9b2de-9e kt-btn-size-standard kt-btn-width-type-full kb-btn-global-inherit  kt-btn-has-text-true kt-btn-has-svg-false  wp-block-button__link wp-block-kadence-singlebtn\" href=\"mailto:%20malamute@sknh.ch\"><span class=\"kt-btn-inner-text\">Alaskan Malamute &#8211; P. Cadenas<\/span><\/a><\/div>\n\n\n<style>.wp-block-kadence-advancedbtn.kb-btns4170_fc7932-70{gap:var(--global-kb-gap-xs, 0.5rem );justify-content:center;align-items:center;}.kt-btns4170_fc7932-70 .kt-button{font-weight:normal;font-style:normal;}.kt-btns4170_fc7932-70 .kt-btn-wrap-0{margin-right:5px;}.wp-block-kadence-advancedbtn.kt-btns4170_fc7932-70 .kt-btn-wrap-0 .kt-button{color:#555555;border-color:#555555;}.wp-block-kadence-advancedbtn.kt-btns4170_fc7932-70 .kt-btn-wrap-0 .kt-button:hover, .wp-block-kadence-advancedbtn.kt-btns4170_fc7932-70 .kt-btn-wrap-0 .kt-button:focus{color:#ffffff;border-color:#444444;}.wp-block-kadence-advancedbtn.kt-btns4170_fc7932-70 .kt-btn-wrap-0 .kt-button::before{display:none;}.wp-block-kadence-advancedbtn.kt-btns4170_fc7932-70 .kt-btn-wrap-0 .kt-button:hover, .wp-block-kadence-advancedbtn.kt-btns4170_fc7932-70 .kt-btn-wrap-0 .kt-button:focus{background:#444444;}<\/style>\n<div class=\"wp-block-kadence-advancedbtn kb-buttons-wrap kb-btns4170_fc7932-70\"><style>ul.menu .wp-block-kadence-advancedbtn .kb-btn4170_5c028b-d1.kb-button{width:initial;}<\/style><a class=\"kb-button kt-button button kb-btn4170_5c028b-d1 kt-btn-size-standard kt-btn-width-type-full kb-btn-global-inherit  kt-btn-has-text-true kt-btn-has-svg-false  wp-block-button__link wp-block-kadence-singlebtn\" href=\"mailto:greenlanddog@sknh.ch\"><span class=\"kt-btn-inner-text\">Gr\u00f6nlandhund | Canadian Eskimo Dog &#8211; B. Favre<\/span><\/a><\/div>\n\n\n<style>.wp-block-kadence-advancedbtn.kb-btns4170_58623f-59{gap:var(--global-kb-gap-xs, 0.5rem );justify-content:center;align-items:center;}.kt-btns4170_58623f-59 .kt-button{font-weight:normal;font-style:normal;}.kt-btns4170_58623f-59 .kt-btn-wrap-0{margin-right:5px;}.wp-block-kadence-advancedbtn.kt-btns4170_58623f-59 .kt-btn-wrap-0 .kt-button{color:#555555;border-color:#555555;}.wp-block-kadence-advancedbtn.kt-btns4170_58623f-59 .kt-btn-wrap-0 .kt-button:hover, .wp-block-kadence-advancedbtn.kt-btns4170_58623f-59 .kt-btn-wrap-0 .kt-button:focus{color:#ffffff;border-color:#444444;}.wp-block-kadence-advancedbtn.kt-btns4170_58623f-59 .kt-btn-wrap-0 .kt-button::before{display:none;}.wp-block-kadence-advancedbtn.kt-btns4170_58623f-59 .kt-btn-wrap-0 .kt-button:hover, .wp-block-kadence-advancedbtn.kt-btns4170_58623f-59 .kt-btn-wrap-0 .kt-button:focus{background:#444444;}<\/style>\n<div class=\"wp-block-kadence-advancedbtn kb-buttons-wrap kb-btns4170_58623f-59\"><style>ul.menu .wp-block-kadence-advancedbtn .kb-btn4170_ae7f22-1a.kb-button{width:initial;}<\/style><a class=\"kb-button kt-button button kb-btn4170_ae7f22-1a kt-btn-size-standard kt-btn-width-type-full kb-btn-global-inherit  kt-btn-has-text-true kt-btn-has-svg-false  wp-block-button__link wp-block-kadence-singlebtn\" href=\"mailto:%20jwh@sknh.ch\"><span class=\"kt-btn-inner-text\">Jagd-, Wach-, H\u00fctehunde &#8211; A. Buchm\u00fcller<\/span><\/a><\/div>\n\n\n<style>.wp-block-kadence-advancedbtn.kb-btns4170_fca637-c5{gap:var(--global-kb-gap-xs, 0.5rem );justify-content:center;align-items:center;}.kt-btns4170_fca637-c5 .kt-button{font-weight:normal;font-style:normal;}.kt-btns4170_fca637-c5 .kt-btn-wrap-0{margin-right:5px;}.wp-block-kadence-advancedbtn.kt-btns4170_fca637-c5 .kt-btn-wrap-0 .kt-button{color:#555555;border-color:#555555;}.wp-block-kadence-advancedbtn.kt-btns4170_fca637-c5 .kt-btn-wrap-0 .kt-button:hover, .wp-block-kadence-advancedbtn.kt-btns4170_fca637-c5 .kt-btn-wrap-0 .kt-button:focus{color:#ffffff;border-color:#444444;}.wp-block-kadence-advancedbtn.kt-btns4170_fca637-c5 .kt-btn-wrap-0 .kt-button::before{display:none;}.wp-block-kadence-advancedbtn.kt-btns4170_fca637-c5 .kt-btn-wrap-0 .kt-button:hover, .wp-block-kadence-advancedbtn.kt-btns4170_fca637-c5 .kt-btn-wrap-0 .kt-button:focus{background:#444444;}<\/style>\n<div class=\"wp-block-kadence-advancedbtn kb-buttons-wrap kb-btns4170_fca637-c5\"><style>ul.menu .wp-block-kadence-advancedbtn .kb-btn4170_386734-8b.kb-button{width:initial;}<\/style><a class=\"kb-button kt-button button kb-btn4170_386734-8b kt-btn-size-standard kt-btn-width-type-full kb-btn-global-inherit  kt-btn-has-text-true kt-btn-has-svg-false  wp-block-button__link wp-block-kadence-singlebtn\" href=\"mailto:samojede@sknh.ch\"><span class=\"kt-btn-inner-text\">Samojede<\/span><\/a><\/div>\n\n\n<style>.wp-block-kadence-advancedbtn.kb-btns4170_2bba41-a7{gap:var(--global-kb-gap-xs, 0.5rem );justify-content:center;align-items:center;}.kt-btns4170_2bba41-a7 .kt-button{font-weight:normal;font-style:normal;}.kt-btns4170_2bba41-a7 .kt-btn-wrap-0{margin-right:5px;}.wp-block-kadence-advancedbtn.kt-btns4170_2bba41-a7 .kt-btn-wrap-0 .kt-button{color:#555555;border-color:#555555;}.wp-block-kadence-advancedbtn.kt-btns4170_2bba41-a7 .kt-btn-wrap-0 .kt-button:hover, .wp-block-kadence-advancedbtn.kt-btns4170_2bba41-a7 .kt-btn-wrap-0 .kt-button:focus{color:#ffffff;border-color:#444444;}.wp-block-kadence-advancedbtn.kt-btns4170_2bba41-a7 .kt-btn-wrap-0 .kt-button::before{display:none;}.wp-block-kadence-advancedbtn.kt-btns4170_2bba41-a7 .kt-btn-wrap-0 .kt-button:hover, .wp-block-kadence-advancedbtn.kt-btns4170_2bba41-a7 .kt-btn-wrap-0 .kt-button:focus{background:#444444;}<\/style>\n<div class=\"wp-block-kadence-advancedbtn kb-buttons-wrap kb-btns4170_2bba41-a7\"><style>ul.menu .wp-block-kadence-advancedbtn .kb-btn4170_11eac6-dc.kb-button{width:initial;}<\/style><a class=\"kb-button kt-button button kb-btn4170_11eac6-dc kt-btn-size-standard kt-btn-width-type-full kb-btn-global-inherit  kt-btn-has-text-true kt-btn-has-svg-false  wp-block-button__link wp-block-kadence-singlebtn\" href=\"mailto:zuko@sknh.ch\"><span class=\"kt-btn-inner-text\">Siberian Husky &#8211; B. Favre<\/span><\/a><\/div>\n<\/div><\/div>\n\n\n<style>.kadence-column4170_421a9d-c3 > .kt-inside-inner-col,.kadence-column4170_421a9d-c3 > .kt-inside-inner-col:before{border-top-left-radius:0px;border-top-right-radius:0px;border-bottom-right-radius:0px;border-bottom-left-radius:0px;}.kadence-column4170_421a9d-c3 > .kt-inside-inner-col{column-gap:var(--global-kb-gap-sm, 1rem);}.kadence-column4170_421a9d-c3 > .kt-inside-inner-col{flex-direction:column;}.kadence-column4170_421a9d-c3 > .kt-inside-inner-col > .aligncenter{width:100%;}.kadence-column4170_421a9d-c3 > .kt-inside-inner-col:before{opacity:0.3;}.kadence-column4170_421a9d-c3{position:relative;}@media all and (max-width: 1024px){.kadence-column4170_421a9d-c3 > .kt-inside-inner-col{flex-direction:column;justify-content:center;}}@media all and (max-width: 767px){.kadence-column4170_421a9d-c3 > .kt-inside-inner-col{flex-direction:column;justify-content:center;}}<\/style>\n<div class=\"wp-block-kadence-column kadence-column4170_421a9d-c3\"><div class=\"kt-inside-inner-col\"><\/div><\/div>\n\n<\/div><\/div>","protected":false},"excerpt":{"rendered":"<p>Planst du eine Zucht? Planst du einen Wurf oder m\u00f6chtest du deinen R\u00fcden \/ deine H\u00fcndin f\u00fcr die Zucht ank\u00f6ren? Diese Check-Liste soll helfen und aufzeigen, was es f\u00fcr dein Zuchtvorhaben alles zu beachten gilt. Bei Fragen und f\u00fcr weitere Ausk\u00fcnfte steht dir gerne die zust\u00e4ndige Rassezuchtwartin zur Verf\u00fcgung. Z\u00fcchtwartin kontaktieren<\/p>\n","protected":false},"author":2,"featured_media":0,"parent":0,"menu_order":0,"comment_status":"closed","ping_status":"closed","template":"","meta":{"_kad_post_transparent":"default","_kad_post_title":"default","_kad_post_layout":"default","_kad_post_sidebar_id":"","_kad_post_content_style":"","_kad_post_vertical_padding":"","_kad_post_feature":"","_kad_post_feature_position":"","_kad_post_header":false,"_kad_post_footer":false,"footnotes":""},"wf_page_folders":[12],"class_list":["post-4170","page","type-page","status-publish","hentry"],"_links":{"self":[{"href":"https:\/\/www.sknh.ch\/de\/wp-json\/wp\/v2\/pages\/4170","targetHints":{"allow":["GET"]}}],"collection":[{"href":"https:\/\/www.sknh.ch\/de\/wp-json\/wp\/v2\/pages"}],"about":[{"href":"https:\/\/www.sknh.ch\/de\/wp-json\/wp\/v2\/types\/page"}],"author":[{"embeddable":true,"href":"https:\/\/www.sknh.ch\/de\/wp-json\/wp\/v2\/users\/2"}],"replies":[{"embeddable":true,"href":"https:\/\/www.sknh.ch\/de\/wp-json\/wp\/v2\/comments?post=4170"}],"version-history":[{"count":6,"href":"https:\/\/www.sknh.ch\/de\/wp-json\/wp\/v2\/pages\/4170\/revisions"}],"predecessor-version":[{"id":4178,"href":"https:\/\/www.sknh.ch\/de\/wp-json\/wp\/v2\/pages\/4170\/revisions\/4178"}],"wp:attachment":[{"href":"https:\/\/www.sknh.ch\/de\/wp-json\/wp\/v2\/media?parent=4170"}],"wp:term":[{"taxonomy":"wf_page_folders","embeddable":true,"href":"https:\/\/www.sknh.ch\/de\/wp-json\/wp\/v2\/wf_page_folders?post=4170"}],"curies":[{"name":"wp","href":"https:\/\/api.w.org\/{rel}","templated":true}]}}