{"id":3798,"date":"2024-04-28T15:12:32","date_gmt":"2024-04-28T15:12:32","guid":{"rendered":"https:\/\/www.sknh.ch\/?page_id=3798"},"modified":"2024-06-10T17:19:09","modified_gmt":"2024-06-10T17:19:09","slug":"jaemthund","status":"publish","type":"page","link":"https:\/\/www.sknh.ch\/de\/jaemthund\/","title":{"rendered":"J\u00e4mthund"},"content":{"rendered":"<div class=\"n2-section-smartslider fitvidsignore  n2_clear\" data-ssid=\"14\"><div id=\"n2-ss-14-align\" class=\"n2-ss-align\"><div class=\"n2-padding\"><div id=\"n2-ss-14\" data-creator=\"Smart Slider 3\" data-responsive=\"auto\" class=\"n2-ss-slider n2-ow n2-has-hover n2notransition  \">\n        <div class=\"n2-ss-slider-1 n2-ow\">\n            <div class=\"n2-ss-slider-2 n2-ow\">\n                <div class=\"n2-ss-slide-backgrounds n2-ow-all\"><div class=\"n2-ss-slide-background\" data-public-id=\"1\" data-mode=\"fill\"><div class=\"n2-ss-slide-background-image\" data-blur=\"0\" data-opacity=\"100\" data-x=\"64\" data-y=\"34\" data-alt=\"\" data-title=\"\" style=\"--ss-o-pos-x:64%;--ss-o-pos-y:34%\"><picture class=\"skip-lazy\" data-skip-lazy=\"1\"><img decoding=\"async\" src=\"\/\/www.sknh.ch\/wp-content\/uploads\/2019\/08\/jaemthund3.jpeg\" alt=\"\" title=\"\" loading=\"lazy\" class=\"skip-lazy\" data-skip-lazy=\"1\"><\/picture><\/div><div data-color=\"RGBA(255,255,255,0)\" style=\"background-color: RGBA(255,255,255,0);\" class=\"n2-ss-slide-background-color\"><\/div><\/div><\/div>                <div class=\"n2-ss-slider-3 n2-ow\">\n                    <svg xmlns=\"http:\/\/www.w3.org\/2000\/svg\" viewBox=\"0 0 1200 800\" data-related-device=\"desktopPortrait\" class=\"n2-ow n2-ss-preserve-size n2-ss-preserve-size--slider n2-ss-slide-limiter\"><\/svg><div data-first=\"1\" data-slide-duration=\"0\" data-id=\"25\" data-slide-public-id=\"1\" data-title=\"PeterMGruetter003\" class=\"n2-ss-slide n2-ow  n2-ss-slide-25\"><div role=\"note\" class=\"n2-ss-slide--focus\" tabindex=\"-1\">PeterMGruetter003<\/div><div class=\"n2-ss-layers-container n2-ss-slide-limiter n2-ow\"><div class=\"n2-ss-layer n2-ow n-uc-6l5bYSsP0mgW\" data-sstype=\"slide\" data-pm=\"default\"><div class=\"n2-ss-layer n2-ow n-uc-FbqBSfJMzQmc\" data-pm=\"default\" data-sstype=\"content\" data-hasbackground=\"0\"><div class=\"n2-ss-section-main-content n2-ss-layer-with-background n2-ss-layer-content n2-ow n-uc-FbqBSfJMzQmc-inner\"><div class=\"n2-ss-layer n2-ow n-uc-pQTnwdyXT4ga\" data-pm=\"normal\" data-sstype=\"layer\"><div id=\"n2-ss-14item1\" class=\"n2-font-b2dd48d5a988ac17e5c4887c3d873ee0-hover   n2-ss-item-content n2-ss-text n2-ow\" style=\"display:block;\">Der J\u00e4mthund<\/div><\/div><\/div><\/div><\/div><\/div><\/div>                <\/div>\n                            <\/div>\n        <\/div>\n        <\/div><ss3-loader><\/ss3-loader><\/div><\/div><div class=\"n2_clear\"><\/div><\/div>\n\n\n<h4 class=\"wp-block-heading\">FCI-Nr.: 42\u00a0<br>FCI-Gruppe 5: Spitze und Hunde vom Urtyp<br>Sektion 2: Nordische Jagdhunde<\/h4>\n\n\n<style>.wp-block-kadence-advancedbtn.kb-btns3798_0e989e-3b{gap:var(--global-kb-gap-xs, 0.5rem );justify-content:flex-start;align-items:center;}.kt-btns3798_0e989e-3b .kt-button{font-weight:normal;font-style:normal;}.kt-btns3798_0e989e-3b .kt-btn-wrap-0{margin-right:5px;}.wp-block-kadence-advancedbtn.kt-btns3798_0e989e-3b .kt-btn-wrap-0 .kt-button{color:#555555;border-color:#555555;}.wp-block-kadence-advancedbtn.kt-btns3798_0e989e-3b .kt-btn-wrap-0 .kt-button:hover, .wp-block-kadence-advancedbtn.kt-btns3798_0e989e-3b .kt-btn-wrap-0 .kt-button:focus{color:#ffffff;border-color:#444444;}.wp-block-kadence-advancedbtn.kt-btns3798_0e989e-3b .kt-btn-wrap-0 .kt-button::before{display:none;}.wp-block-kadence-advancedbtn.kt-btns3798_0e989e-3b .kt-btn-wrap-0 .kt-button:hover, .wp-block-kadence-advancedbtn.kt-btns3798_0e989e-3b .kt-btn-wrap-0 .kt-button:focus{background:#444444;}<\/style>\n<div class=\"wp-block-kadence-advancedbtn kb-buttons-wrap kb-btns3798_0e989e-3b\"><style>ul.menu .wp-block-kadence-advancedbtn .kb-btn3798_a86281-35.kb-button{width:initial;}<\/style><a class=\"kb-button kt-button button kb-btn3798_a86281-35 kt-btn-size-standard kt-btn-width-type-auto kb-btn-global-inherit  kt-btn-has-text-true kt-btn-has-svg-false  wp-block-button__link wp-block-kadence-singlebtn\" href=\"https:\/\/www.fci.be\/Nomenclature\/Standards\/042g05-de.pdf\"><span class=\"kt-btn-inner-text\">Rassenstandard der FCI<\/span><\/a><\/div>\n\n\n\n<p>Er ist der \u201egrosse Bruder\u201c des kleineren, flinkeren und wendigeren norwegischen Elchhundes. Er ist ebenfalls grau, wird jedoch vorwiegend auf gr\u00f6sseres Wild angesetzt. Seine Heimatregion ist S\u00fcdschweden. Die Z\u00fcchter sind darauf bedacht, ihn m\u00f6glichst in J\u00e4gerkreisen zu platzieren. Kein Wunder gibt es den kr\u00e4ftigen und imposanten nordischen Jagdhund nur in wenigen Exemplaren in Zentraleuropa.<\/p>\n\n\n\n<div class=\"wp-block-envira-envira-gallery\"><div id=\"envira-gallery-wrap-3816\" class=\"envira-gallery-wrap envira-lazy-loading-enabled envira-layout-mason envira-gallery-theme-base\" itemscope itemtype=\"https:\/\/schema.org\/ImageGallery\"><div class=\"envira-loader\"><div><\/div><div><\/div><div><\/div><div><\/div><\/div><div id=\"envira-gallery-3816\" class=\"envira-gallery-public envira-gallery-3-columns envira-clear enviratope\" data-envira-id=\"3816\" data-gallery-config='{\"type\":\"default\",\"layout\":\"mason\",\"columns\":\"3\",\"gallery_theme\":\"base\",\"justified_margins\":10,\"justified_last_row\":\"nojustify\",\"lazy_loading\":1,\"lazy_loading_delay\":500,\"gutter\":10,\"gutter_mobile\":0,\"margin\":10,\"image_size\":\"default\",\"square_size\":300,\"crop_width\":640,\"crop_height\":480,\"crop\":0,\"crop_position\":\"c\",\"show_more_text\":\"Click for more\",\"additional_copy_0\":0,\"additional_copy_title\":0,\"additional_copy_caption\":0,\"additional_copy_title_caption\":0,\"additional_copy_0_mobile\":0,\"additional_copy_title_mobile\":0,\"additional_copy_caption_mobile\":0,\"additional_copy_title_caption_mobile\":0,\"gallery_column_title_caption\":\"0\",\"gallery_column_title_caption_mobile\":\"0\",\"additional_copy_automatic_0\":0,\"additional_copy_automatic_title\":0,\"additional_copy_automatic_caption\":0,\"additional_copy_automatic_title_caption\":0,\"additional_copy_automatic_0_mobile\":0,\"additional_copy_automatic_title_mobile\":0,\"additional_copy_automatic_caption_mobile\":0,\"additional_copy_automatic_title_caption_mobile\":0,\"gallery_automatic_title_caption\":\"0\",\"gallery_automatic_title_caption_mobile\":\"0\",\"justified_row_height\":150,\"description_position\":\"0\",\"description\":\"\",\"random\":\"0\",\"sort_order\":\"0\",\"sorting_direction\":\"ASC\",\"image_sizes_random\":[],\"isotope\":true,\"lightbox_enabled\":1,\"gallery_link_enabled\":1,\"lightbox_theme\":\"base_dark\",\"lightbox_image_size\":\"default\",\"title_display\":\"float\",\"lightbox_title_caption\":\"title\",\"arrows\":1,\"arrows_position\":\"inside\",\"toolbar\":0,\"toolbar_title\":0,\"toolbar_position\":\"top\",\"loop\":1,\"lightbox_open_close_effect\":\"fade\",\"effect\":\"fade\",\"supersize\":0,\"thumbnails_toggle\":0,\"thumbnails_hide\":0,\"image_counter\":0,\"lightbox_html_caption\":0,\"thumbnails\":1,\"thumbnails_width\":\"auto\",\"thumbnails_height\":\"auto\",\"thumbnails_position\":\"bottom\",\"thumbnails_custom_size\":0,\"mobile\":1,\"mobile_width\":320,\"mobile_height\":240,\"mobile_lightbox\":1,\"mobile_gallery_link_enabled\":0,\"mobile_arrows\":1,\"mobile_toolbar\":1,\"mobile_thumbnails\":1,\"mobile_touchwipe_close\":0,\"mobile_thumbnails_width\":75,\"mobile_thumbnails_height\":50,\"mobile_justified_row_height\":80,\"keyboard\":true,\"standalone_template\":\"\",\"classes\":[\"\"],\"rtl\":0,\"slug\":\"jaemthund\",\"title\":\"\",\"gallery_id\":\"3816\"}' data-gallery-images='[{\"status\":\"active\",\"src\":\"https:\\\/\\\/www.sknh.ch\\\/wp-content\\\/uploads\\\/2019\\\/08\\\/jaemthund2.jpeg\",\"title\":\"Foto Christian\",\"link\":\"https:\\\/\\\/www.sknh.ch\\\/wp-content\\\/uploads\\\/2019\\\/08\\\/jaemthund2.jpeg\",\"alt\":\"\",\"caption\":\"Foto Christian\",\"thumb\":\"https:\\\/\\\/www.sknh.ch\\\/wp-content\\\/uploads\\\/2019\\\/08\\\/jaemthund2-75x50_c.jpeg\",\"meta\":{\"aperture\":null,\"credit\":null,\"camera\":null,\"caption\":\"\",\"created_timestamp\":null,\"copyright\":null,\"focal_length\":null,\"iso\":null,\"shutter_speed\":null,\"title\":\"\",\"orientation\":null,\"keywords\":null,\"resized_images\":null},\"thumbnail\":\"https:\\\/\\\/www.sknh.ch\\\/wp-content\\\/uploads\\\/2019\\\/08\\\/jaemthund2-150x150.jpeg\",\"medium\":\"https:\\\/\\\/www.sknh.ch\\\/wp-content\\\/uploads\\\/2019\\\/08\\\/jaemthund2-300x200.jpeg\",\"medium_large\":\"https:\\\/\\\/www.sknh.ch\\\/wp-content\\\/uploads\\\/2019\\\/08\\\/jaemthund2-768x512.jpeg\",\"large\":\"https:\\\/\\\/www.sknh.ch\\\/wp-content\\\/uploads\\\/2019\\\/08\\\/jaemthund2-1024x683.jpeg\",\"1536x1536\":\"https:\\\/\\\/www.sknh.ch\\\/wp-content\\\/uploads\\\/2019\\\/08\\\/jaemthund2.jpeg\",\"2048x2048\":\"https:\\\/\\\/www.sknh.ch\\\/wp-content\\\/uploads\\\/2019\\\/08\\\/jaemthund2.jpeg\",\"trp-custom-language-flag\":\"https:\\\/\\\/www.sknh.ch\\\/wp-content\\\/uploads\\\/2019\\\/08\\\/jaemthund2.jpeg\",\"mailpoet_newsletter_max\":\"https:\\\/\\\/www.sknh.ch\\\/wp-content\\\/uploads\\\/2019\\\/08\\\/jaemthund2.jpeg\",\"full\":\"https:\\\/\\\/www.sknh.ch\\\/wp-content\\\/uploads\\\/2019\\\/08\\\/jaemthund2.jpeg\",\"index\":0,\"id\":120,\"video\":false,\"opts\":{\"caption\":\"Foto Christian\",\"thumb\":\"https:\\\/\\\/www.sknh.ch\\\/wp-content\\\/uploads\\\/2019\\\/08\\\/jaemthund2-75x50_c.jpeg\",\"title\":\"Foto Christian\"},\"gallery_id\":\"3816\"},{\"status\":\"active\",\"src\":\"https:\\\/\\\/www.sknh.ch\\\/wp-content\\\/uploads\\\/2019\\\/08\\\/jaemthund1.jpeg\",\"title\":\"Foto Christian\",\"link\":\"https:\\\/\\\/www.sknh.ch\\\/wp-content\\\/uploads\\\/2019\\\/08\\\/jaemthund1.jpeg\",\"alt\":\"\",\"caption\":\"Foto Christian\",\"thumb\":\"https:\\\/\\\/www.sknh.ch\\\/wp-content\\\/uploads\\\/2019\\\/08\\\/jaemthund1-75x50_c.jpeg\",\"meta\":{\"aperture\":null,\"credit\":null,\"camera\":null,\"caption\":\"\",\"created_timestamp\":null,\"copyright\":null,\"focal_length\":null,\"iso\":null,\"shutter_speed\":null,\"title\":\"\",\"orientation\":null,\"keywords\":null,\"resized_images\":null},\"thumbnail\":\"https:\\\/\\\/www.sknh.ch\\\/wp-content\\\/uploads\\\/2019\\\/08\\\/jaemthund1-150x150.jpeg\",\"medium\":\"https:\\\/\\\/www.sknh.ch\\\/wp-content\\\/uploads\\\/2019\\\/08\\\/jaemthund1-200x300.jpeg\",\"medium_large\":\"https:\\\/\\\/www.sknh.ch\\\/wp-content\\\/uploads\\\/2019\\\/08\\\/jaemthund1-768x1152.jpeg\",\"large\":\"https:\\\/\\\/www.sknh.ch\\\/wp-content\\\/uploads\\\/2019\\\/08\\\/jaemthund1-683x1024.jpeg\",\"1536x1536\":\"https:\\\/\\\/www.sknh.ch\\\/wp-content\\\/uploads\\\/2019\\\/08\\\/jaemthund1.jpeg\",\"2048x2048\":\"https:\\\/\\\/www.sknh.ch\\\/wp-content\\\/uploads\\\/2019\\\/08\\\/jaemthund1.jpeg\",\"trp-custom-language-flag\":\"https:\\\/\\\/www.sknh.ch\\\/wp-content\\\/uploads\\\/2019\\\/08\\\/jaemthund1.jpeg\",\"mailpoet_newsletter_max\":\"https:\\\/\\\/www.sknh.ch\\\/wp-content\\\/uploads\\\/2019\\\/08\\\/jaemthund1.jpeg\",\"full\":\"https:\\\/\\\/www.sknh.ch\\\/wp-content\\\/uploads\\\/2019\\\/08\\\/jaemthund1.jpeg\",\"index\":1,\"id\":119,\"video\":false,\"opts\":{\"caption\":\"Foto Christian\",\"thumb\":\"https:\\\/\\\/www.sknh.ch\\\/wp-content\\\/uploads\\\/2019\\\/08\\\/jaemthund1-75x50_c.jpeg\",\"title\":\"Foto Christian\"},\"gallery_id\":\"3816\"},{\"status\":\"active\",\"src\":\"https:\\\/\\\/www.sknh.ch\\\/wp-content\\\/uploads\\\/2019\\\/08\\\/jaemthund3.jpeg\",\"title\":\"Foto Christian\",\"link\":\"https:\\\/\\\/www.sknh.ch\\\/wp-content\\\/uploads\\\/2019\\\/08\\\/jaemthund3.jpeg\",\"alt\":\"\",\"caption\":\"Foto Christian\",\"thumb\":\"https:\\\/\\\/www.sknh.ch\\\/wp-content\\\/uploads\\\/2019\\\/08\\\/jaemthund3-75x50_c.jpeg\",\"meta\":{\"aperture\":null,\"credit\":null,\"camera\":null,\"caption\":\"\",\"created_timestamp\":null,\"copyright\":null,\"focal_length\":null,\"iso\":null,\"shutter_speed\":null,\"title\":\"\",\"orientation\":null,\"keywords\":null,\"resized_images\":null},\"thumbnail\":\"https:\\\/\\\/www.sknh.ch\\\/wp-content\\\/uploads\\\/2019\\\/08\\\/jaemthund3-150x150.jpeg\",\"medium\":\"https:\\\/\\\/www.sknh.ch\\\/wp-content\\\/uploads\\\/2019\\\/08\\\/jaemthund3-300x200.jpeg\",\"medium_large\":\"https:\\\/\\\/www.sknh.ch\\\/wp-content\\\/uploads\\\/2019\\\/08\\\/jaemthund3-768x512.jpeg\",\"large\":\"https:\\\/\\\/www.sknh.ch\\\/wp-content\\\/uploads\\\/2019\\\/08\\\/jaemthund3-1024x683.jpeg\",\"1536x1536\":\"https:\\\/\\\/www.sknh.ch\\\/wp-content\\\/uploads\\\/2019\\\/08\\\/jaemthund3.jpeg\",\"2048x2048\":\"https:\\\/\\\/www.sknh.ch\\\/wp-content\\\/uploads\\\/2019\\\/08\\\/jaemthund3.jpeg\",\"trp-custom-language-flag\":\"https:\\\/\\\/www.sknh.ch\\\/wp-content\\\/uploads\\\/2019\\\/08\\\/jaemthund3.jpeg\",\"mailpoet_newsletter_max\":\"https:\\\/\\\/www.sknh.ch\\\/wp-content\\\/uploads\\\/2019\\\/08\\\/jaemthund3.jpeg\",\"full\":\"https:\\\/\\\/www.sknh.ch\\\/wp-content\\\/uploads\\\/2019\\\/08\\\/jaemthund3.jpeg\",\"index\":2,\"id\":118,\"video\":false,\"opts\":{\"caption\":\"Foto Christian\",\"thumb\":\"https:\\\/\\\/www.sknh.ch\\\/wp-content\\\/uploads\\\/2019\\\/08\\\/jaemthund3-75x50_c.jpeg\",\"title\":\"Foto Christian\"},\"gallery_id\":\"3816\"}]' data-lightbox-theme='{&quot;arrows&quot;:true,&quot;margins&quot;:[120,0],&quot;gutter&quot;:&quot;100&quot;,&quot;thumbs_position&quot;:&quot;bottom&quot;,&quot;base_template&quot;:&quot;&lt;div id=\\&quot;envirabox-3816\\&quot; data-envirabox-id=\\&quot;3816\\&quot; class=\\&quot;envirabox-container envirabox-theme-base_dark envirabox-wrap\\&quot; role=\\&quot;dialog\\&quot;&gt;&lt;div class=\\&quot;envirabox-bg\\&quot;&gt;&lt;\\\/div&gt;&lt;div class=\\&quot;envirabox-outer\\&quot;&gt;&lt;div class=\\&quot;envirabox-inner\\&quot;&gt;&lt;div class=\\&quot;envirabox-caption-wrap\\&quot;&gt;&lt;div class=\\&quot;envirabox-title\\&quot;&gt;&lt;\\\/div&gt;&lt;\\\/div&gt;&lt;div class=\\&quot;envirabox-toolbar\\&quot;&gt;&lt;div class=\\&quot;envira-close-button\\&quot;&gt;&lt;a data-envirabox-close class=\\&quot;envirabox-item envirabox-close envirabox-button--close\\&quot; title=\\&quot;<trp-gettext data-trpgettextoriginal=569>Close<\\\/trp-gettext>\\&quot; href=\\&quot;#\\&quot;&gt;&lt;\\\/a&gt;&lt;\\\/div&gt;&lt;\\\/div&gt;&lt;div class=\\&quot;envirabox-navigation\\&quot;&gt;&lt;a data-envirabox-prev title=\\&quot;<trp-gettext data-trpgettextoriginal=570>Prev<\\\/trp-gettext>\\&quot; class=\\&quot;envirabox-arrow envirabox-arrow--left envirabox-nav envirabox-prev\\&quot; href=\\&quot;#\\&quot;&gt;&lt;span&gt;&lt;\\\/span&gt;&lt;\\\/a&gt;&lt;a data-envirabox-next title=\\&quot;<trp-gettext data-trpgettextoriginal=571>Next<\\\/trp-gettext>\\&quot; class=\\&quot;envirabox-arrow envirabox-arrow--right envirabox-nav envirabox-next\\&quot; href=\\&quot;#\\&quot;&gt;&lt;span&gt;&lt;\\\/span&gt;&lt;\\\/a&gt;&lt;\\\/div&gt;&lt;div class=\\&quot;envirabox-stage\\&quot;&gt;&lt;\\\/div&gt;&lt;\\\/div&gt;&lt;\\\/div&gt;&lt;\\\/div&gt;&quot;,&quot;load_all&quot;:false,&quot;error_template&quot;:&quot;&lt;div class=\\&quot;envirabox-error\\&quot;&gt;&lt;p&gt;{{ERROR}}&lt;p&gt;&lt;\\\/div&gt;&quot;,&quot;inner_caption&quot;:false,&quot;caption_position&quot;:false,&quot;arrow_position&quot;:false,&quot;toolbar&quot;:true,&quot;infobar&quot;:false,&quot;show_smallbtn&quot;:false,&quot;idle_time&quot;:false,&quot;click_content&quot;:false,&quot;click_slide&quot;:false,&quot;click_outside&quot;:false,&quot;animation_duration&quot;:false,&quot;transition_duration&quot;:false,&quot;small_btn_template&quot;:&quot;&lt;a data-envirabox-close class=\\&quot;envirabox-item envirabox-close envirabox-button--close\\&quot; title=\\&quot;<trp-gettext data-trpgettextoriginal=569>Close<\\\/trp-gettext>\\&quot; href=\\&quot;#\\&quot;&gt;&lt;\\\/a&gt;&quot;}' data-parsed-attrs='{\"id\":\"3816\",\"cache\":true}'><div id=\"envira-gallery-item-120\" class=\"envira-gallery-item envira-gallery-item-1 envira-lazy-load enviratope-item\" style=\"padding-left: 5px; padding-bottom: 10px; padding-right: 5px;\"  itemscope itemtype=\"https:\/\/schema.org\/ImageObject\"><div class=\"envira-gallery-item-inner\"><div class=\"envira-gallery-position-overlay envira-gallery-top-left\"><\/div><div class=\"envira-gallery-position-overlay envira-gallery-top-right\"><\/div><div class=\"envira-gallery-position-overlay envira-gallery-bottom-left\"><\/div><div class=\"envira-gallery-position-overlay envira-gallery-bottom-right\"><\/div><a class=\"envira-gallery-3816 envira-gallery-link\" href=\"https:\/\/www.sknh.ch\/wp-content\/uploads\/2019\/08\/jaemthund2.jpeg\" title=\"Foto Christian\" data-caption=\"Foto Christian\" data-envira-item-id=\"120\" data-envira-retina=\"https:\/\/www.sknh.ch\/wp-content\/uploads\/2019\/08\/jaemthund2.jpeg\" data-thumb=\"https:\/\/www.sknh.ch\/wp-content\/uploads\/2019\/08\/jaemthund2-75x50_c.jpeg\" data-title=\"Foto Christian\" data-envirabox='3816' itemprop=\"contentUrl\"><div class=\"envira-lazy\" style=\"padding-bottom: 75%;\" data-envira-changed=\"false\" data-width=\"640\" data-height=\"480\"><img loading=\"lazy\" decoding=\"async\" src=\"https:\/\/www.sknh.ch\/wp-content\/uploads\/2019\/08\/jaemthund2-1024x683.jpeg\" alt=\"\" class=\"envira-gallery-image envira-gallery-image-1    envira-lazy\" height=\"480\" id=\"envira-gallery-image-120\" srcset=\"data:image\/gif;base64,R0lGODlhAQABAIAAAP\/\/\/\/\/\/\/yH5BAEKAAEALAAAAAABAAEAAAICTAEAOw==\" tabindex=\"-1\" title=\"Foto Christian\" width=\"640\" data-caption=\"Foto Christian\" data-envira-gallery-id=\"3816\" data-envira-index=\"0\" data-envira-item-id=\"120\" data-envira-src=\"https:\/\/www.sknh.ch\/wp-content\/uploads\/2019\/08\/jaemthund2-1024x683.jpeg\" data-envira-srcset=\"https:\/\/www.sknh.ch\/wp-content\/uploads\/2019\/08\/jaemthund2-1024x683.jpeg 400w, https:\/\/www.sknh.ch\/wp-content\/uploads\/2019\/08\/jaemthund2-1024x683.jpeg 2x\" data-title=\"Foto Christian\" itemprop=\"thumbnailUrl\"  data-envirabox=\"3816\" \/><\/div><\/a><div class=\"envira-gallery-captioned-data envira-gallery-captioned-data-base\"><\/div><\/div><\/div><div id=\"envira-gallery-item-119\" class=\"envira-gallery-item envira-gallery-item-2 envira-lazy-load enviratope-item\" style=\"padding-left: 5px; padding-bottom: 10px; padding-right: 5px;\"  itemscope itemtype=\"https:\/\/schema.org\/ImageObject\"><div class=\"envira-gallery-item-inner\"><div class=\"envira-gallery-position-overlay envira-gallery-top-left\"><\/div><div class=\"envira-gallery-position-overlay envira-gallery-top-right\"><\/div><div class=\"envira-gallery-position-overlay envira-gallery-bottom-left\"><\/div><div class=\"envira-gallery-position-overlay envira-gallery-bottom-right\"><\/div><a class=\"envira-gallery-3816 envira-gallery-link\" href=\"https:\/\/www.sknh.ch\/wp-content\/uploads\/2019\/08\/jaemthund1.jpeg\" title=\"Foto Christian\" data-caption=\"Foto Christian\" data-envira-item-id=\"119\" data-envira-retina=\"https:\/\/www.sknh.ch\/wp-content\/uploads\/2019\/08\/jaemthund1.jpeg\" data-thumb=\"https:\/\/www.sknh.ch\/wp-content\/uploads\/2019\/08\/jaemthund1-75x50_c.jpeg\" data-title=\"Foto Christian\" data-envirabox='3816' itemprop=\"contentUrl\"><div class=\"envira-lazy\" style=\"padding-bottom: 75%;\" data-envira-changed=\"false\" data-width=\"640\" data-height=\"480\"><img loading=\"lazy\" decoding=\"async\" src=\"https:\/\/www.sknh.ch\/wp-content\/uploads\/2019\/08\/jaemthund1-683x1024.jpeg\" alt=\"\" class=\"envira-gallery-image envira-gallery-image-2    envira-lazy\" height=\"480\" id=\"envira-gallery-image-119\" srcset=\"data:image\/gif;base64,R0lGODlhAQABAIAAAP\/\/\/\/\/\/\/yH5BAEKAAEALAAAAAABAAEAAAICTAEAOw==\" tabindex=\"-1\" title=\"Foto Christian\" width=\"640\" data-caption=\"Foto Christian\" data-envira-gallery-id=\"3816\" data-envira-index=\"1\" data-envira-item-id=\"119\" data-envira-src=\"https:\/\/www.sknh.ch\/wp-content\/uploads\/2019\/08\/jaemthund1-683x1024.jpeg\" data-envira-srcset=\"https:\/\/www.sknh.ch\/wp-content\/uploads\/2019\/08\/jaemthund1-683x1024.jpeg 400w, https:\/\/www.sknh.ch\/wp-content\/uploads\/2019\/08\/jaemthund1-683x1024.jpeg 2x\" data-title=\"Foto Christian\" itemprop=\"thumbnailUrl\"  data-envirabox=\"3816\" \/><\/div><\/a><div class=\"envira-gallery-captioned-data envira-gallery-captioned-data-base\"><\/div><\/div><\/div><div id=\"envira-gallery-item-118\" class=\"envira-gallery-item envira-gallery-item-3 envira-lazy-load enviratope-item\" style=\"padding-left: 5px; padding-bottom: 10px; padding-right: 5px;\"  itemscope itemtype=\"https:\/\/schema.org\/ImageObject\"><div class=\"envira-gallery-item-inner\"><div class=\"envira-gallery-position-overlay envira-gallery-top-left\"><\/div><div class=\"envira-gallery-position-overlay envira-gallery-top-right\"><\/div><div class=\"envira-gallery-position-overlay envira-gallery-bottom-left\"><\/div><div class=\"envira-gallery-position-overlay envira-gallery-bottom-right\"><\/div><a class=\"envira-gallery-3816 envira-gallery-link\" href=\"https:\/\/www.sknh.ch\/wp-content\/uploads\/2019\/08\/jaemthund3.jpeg\" title=\"Foto Christian\" data-caption=\"Foto Christian\" data-envira-item-id=\"118\" data-envira-retina=\"https:\/\/www.sknh.ch\/wp-content\/uploads\/2019\/08\/jaemthund3.jpeg\" data-thumb=\"https:\/\/www.sknh.ch\/wp-content\/uploads\/2019\/08\/jaemthund3-75x50_c.jpeg\" data-title=\"Foto Christian\" data-envirabox='3816' itemprop=\"contentUrl\"><div class=\"envira-lazy\" style=\"padding-bottom: 75%;\" data-envira-changed=\"false\" data-width=\"640\" data-height=\"480\"><img loading=\"lazy\" decoding=\"async\" src=\"https:\/\/www.sknh.ch\/wp-content\/uploads\/2019\/08\/jaemthund3-1024x683.jpeg\" alt=\"\" class=\"envira-gallery-image envira-gallery-image-3    envira-lazy\" height=\"480\" id=\"envira-gallery-image-118\" srcset=\"data:image\/gif;base64,R0lGODlhAQABAIAAAP\/\/\/\/\/\/\/yH5BAEKAAEALAAAAAABAAEAAAICTAEAOw==\" tabindex=\"-1\" title=\"Foto Christian\" width=\"640\" data-caption=\"Foto Christian\" data-envira-gallery-id=\"3816\" data-envira-index=\"2\" data-envira-item-id=\"118\" data-envira-src=\"https:\/\/www.sknh.ch\/wp-content\/uploads\/2019\/08\/jaemthund3-1024x683.jpeg\" data-envira-srcset=\"https:\/\/www.sknh.ch\/wp-content\/uploads\/2019\/08\/jaemthund3-1024x683.jpeg 400w, https:\/\/www.sknh.ch\/wp-content\/uploads\/2019\/08\/jaemthund3-1024x683.jpeg 2x\" data-title=\"Foto Christian\" itemprop=\"thumbnailUrl\"  data-envirabox=\"3816\" \/><\/div><\/a><div class=\"envira-gallery-captioned-data envira-gallery-captioned-data-base\"><\/div><\/div><\/div><\/div><\/div><noscript><img src='https:\/\/www.sknh.ch\/wp-content\/uploads\/2019\/08\/jaemthund2.jpeg' alt='' class='envira_noscript_images ' \/><img src='https:\/\/www.sknh.ch\/wp-content\/uploads\/2019\/08\/jaemthund1.jpeg' alt='' class='envira_noscript_images ' \/><img src='https:\/\/www.sknh.ch\/wp-content\/uploads\/2019\/08\/jaemthund3.jpeg' alt='' class='envira_noscript_images ' \/><\/noscript><\/div>\n\n\n\n<p>\u00a9 Foto: Siehe Bildbeschriftung<\/p>\n","protected":false},"excerpt":{"rendered":"<p>FCI-Nr.: 42\u00a0FCI-Gruppe 5: Spitze und Hunde vom UrtypSektion 2: Nordische Jagdhunde Er ist der \u201egrosse Bruder\u201c des kleineren, flinkeren und wendigeren norwegischen Elchhundes. Er ist ebenfalls grau, wird jedoch vorwiegend auf gr\u00f6sseres Wild angesetzt. Seine Heimatregion ist S\u00fcdschweden. Die Z\u00fcchter sind darauf bedacht, ihn m\u00f6glichst in J\u00e4gerkreisen zu platzieren. Kein Wunder gibt es den kr\u00e4ftigen&#8230;<\/p>\n","protected":false},"author":2,"featured_media":0,"parent":0,"menu_order":0,"comment_status":"closed","ping_status":"closed","template":"","meta":{"_kad_post_transparent":"disable","_kad_post_title":"hide","_kad_post_layout":"normal","_kad_post_sidebar_id":"","_kad_post_content_style":"","_kad_post_vertical_padding":"default","_kad_post_feature":"hide","_kad_post_feature_position":"","_kad_post_header":false,"_kad_post_footer":false,"footnotes":""},"wf_page_folders":[19],"class_list":["post-3798","page","type-page","status-publish","hentry"],"_links":{"self":[{"href":"https:\/\/www.sknh.ch\/de\/wp-json\/wp\/v2\/pages\/3798","targetHints":{"allow":["GET"]}}],"collection":[{"href":"https:\/\/www.sknh.ch\/de\/wp-json\/wp\/v2\/pages"}],"about":[{"href":"https:\/\/www.sknh.ch\/de\/wp-json\/wp\/v2\/types\/page"}],"author":[{"embeddable":true,"href":"https:\/\/www.sknh.ch\/de\/wp-json\/wp\/v2\/users\/2"}],"replies":[{"embeddable":true,"href":"https:\/\/www.sknh.ch\/de\/wp-json\/wp\/v2\/comments?post=3798"}],"version-history":[{"count":8,"href":"https:\/\/www.sknh.ch\/de\/wp-json\/wp\/v2\/pages\/3798\/revisions"}],"predecessor-version":[{"id":4151,"href":"https:\/\/www.sknh.ch\/de\/wp-json\/wp\/v2\/pages\/3798\/revisions\/4151"}],"wp:attachment":[{"href":"https:\/\/www.sknh.ch\/de\/wp-json\/wp\/v2\/media?parent=3798"}],"wp:term":[{"taxonomy":"wf_page_folders","embeddable":true,"href":"https:\/\/www.sknh.ch\/de\/wp-json\/wp\/v2\/wf_page_folders?post=3798"}],"curies":[{"name":"wp","href":"https:\/\/api.w.org\/{rel}","templated":true}]}}