{"id":3444,"date":"2024-04-25T09:22:37","date_gmt":"2024-04-25T09:22:37","guid":{"rendered":"https:\/\/www.sknh.ch\/?page_id=3444"},"modified":"2024-04-26T09:22:41","modified_gmt":"2024-04-26T09:22:41","slug":"interne-wurfmeldung-jwh-2","status":"publish","type":"page","link":"https:\/\/www.sknh.ch\/de\/interne-wurfmeldung-jwh-2\/","title":{"rendered":"Interne Wurfmeldung JWH"},"content":{"rendered":"<style>.kadence-column3444_06bf6c-9d > .kt-inside-inner-col,.kadence-column3444_06bf6c-9d > .kt-inside-inner-col:before{border-top-left-radius:0px;border-top-right-radius:0px;border-bottom-right-radius:0px;border-bottom-left-radius:0px;}.kadence-column3444_06bf6c-9d > .kt-inside-inner-col{column-gap:var(--global-kb-gap-sm, 1rem);}.kadence-column3444_06bf6c-9d > .kt-inside-inner-col{flex-direction:column;}.kadence-column3444_06bf6c-9d > .kt-inside-inner-col > .aligncenter{width:100%;}.kadence-column3444_06bf6c-9d > .kt-inside-inner-col{background-image:linear-gradient(135deg,rgb(6,147,227) 0%,rgb(20,39,109) 100%);}.kadence-column3444_06bf6c-9d > .kt-inside-inner-col:before{opacity:1;background-image:linear-gradient(135deg,rgb(48,118,190) 0%,var(--global-palette6,#718096) 53%,rgb(72,140,209) 100%);}.kadence-column3444_06bf6c-9d{position:relative;}.kadence-column3444_06bf6c-9d, .kt-inside-inner-col > .kadence-column3444_06bf6c-9d:not(.specificity){margin-top:var(--global-kb-spacing-lg, 3rem);margin-bottom:var(--global-kb-spacing-lg, 3rem);}@media all and (max-width: 1024px){.kadence-column3444_06bf6c-9d > .kt-inside-inner-col{flex-direction:column;justify-content:center;}}@media all and (max-width: 767px){.kadence-column3444_06bf6c-9d > .kt-inside-inner-col{flex-direction:column;justify-content:center;}}<\/style>\n<div class=\"wp-block-kadence-column kadence-column3444_06bf6c-9d kb-section-has-overlay\"><div class=\"kt-inside-inner-col\"><style>.wp-block-kadence-advancedheading.kt-adv-heading3444_a797f3-5a, .wp-block-kadence-advancedheading.kt-adv-heading3444_a797f3-5a[data-kb-block=\"kb-adv-heading3444_a797f3-5a\"]{padding-top:var(--global-kb-spacing-xxs, 0.5rem);padding-bottom:var(--global-kb-spacing-xxs, 0.5rem);padding-left:var(--global-kb-spacing-xs, 1rem);font-style:normal;color:#ffffff;}.wp-block-kadence-advancedheading.kt-adv-heading3444_a797f3-5a mark.kt-highlight, .wp-block-kadence-advancedheading.kt-adv-heading3444_a797f3-5a[data-kb-block=\"kb-adv-heading3444_a797f3-5a\"] mark.kt-highlight{font-style:normal;color:#f76a0c;-webkit-box-decoration-break:clone;box-decoration-break:clone;padding-top:0px;padding-right:0px;padding-bottom:0px;padding-left:0px;}.wp-block-kadence-advancedheading.kt-adv-heading3444_a797f3-5a img.kb-inline-image, .wp-block-kadence-advancedheading.kt-adv-heading3444_a797f3-5a[data-kb-block=\"kb-adv-heading3444_a797f3-5a\"] img.kb-inline-image{width:150px;vertical-align:baseline;}<\/style>\n<h2 class=\"kt-adv-heading3444_a797f3-5a wp-block-kadence-advancedheading\" data-kb-block=\"kb-adv-heading3444_a797f3-5a\">Interne Wurfmeldung Jagd-, Wach- und H\u00fctehunde<\/h2>\n<\/div><\/div>\n\n\n<style>.kadence-column3444_7565aa-fc > .kt-inside-inner-col{padding-top:var(--global-kb-spacing-lg, 3rem);padding-bottom:var(--global-kb-spacing-lg, 3rem);}.kadence-column3444_7565aa-fc > .kt-inside-inner-col,.kadence-column3444_7565aa-fc > .kt-inside-inner-col:before{border-top-left-radius:0px;border-top-right-radius:0px;border-bottom-right-radius:0px;border-bottom-left-radius:0px;}.kadence-column3444_7565aa-fc > .kt-inside-inner-col{column-gap:var(--global-kb-gap-sm, 1rem);}.kadence-column3444_7565aa-fc > .kt-inside-inner-col{flex-direction:column;}.kadence-column3444_7565aa-fc > .kt-inside-inner-col > .aligncenter{width:100%;}.kadence-column3444_7565aa-fc > .kt-inside-inner-col:before{opacity:0.3;}.kadence-column3444_7565aa-fc{position:relative;}.kadence-column3444_7565aa-fc, .kt-inside-inner-col > .kadence-column3444_7565aa-fc:not(.specificity){margin-top:0px;margin-bottom:0px;}@media all and (max-width: 1024px){.kadence-column3444_7565aa-fc > .kt-inside-inner-col{flex-direction:column;justify-content:center;}}@media all and (max-width: 767px){.kadence-column3444_7565aa-fc > .kt-inside-inner-col{flex-direction:column;justify-content:center;}}<\/style>\n<div class=\"wp-block-kadence-column kadence-column3444_7565aa-fc\"><div class=\"kt-inside-inner-col\">\n<h5 class=\"wp-block-heading\"><em>Falls die Aufzucht von mehr als 8 Welpen vorgesehen ist, innerhalb 48 Stunden nach der Geburt melden, ebenfalls zu melden sind leer gebliebene H\u00fcndinnen und unvorhergesehene Geburten<\/em><\/h5>\n\n\n\n<h5 class=\"wp-block-heading\"><em>Si plus de 8 chiots sont n\u00e9s, l\u2019avis doit \u00eatre envoge dans les 48h.&nbsp;Les femelles rest\u00e9es vides et les naissances impr\u00e9vues doivent \u00e9galement \u00eatre annonc\u00e9es.<\/em><\/h5>\n<\/div><\/div>\n\n\n\n<div class=\"wpcf7 no-js\" id=\"wpcf7-f2973-o1\" lang=\"de-DE\" dir=\"ltr\" data-wpcf7-id=\"2973\">\n<div class=\"screen-reader-response\"><p role=\"status\" aria-live=\"polite\" aria-atomic=\"true\"><\/p> <ul><\/ul><\/div>\n<form action=\"\/de\/wp-json\/wp\/v2\/pages\/3444#wpcf7-f2973-o1\" method=\"post\" class=\"wpcf7-form init\" aria-label=\"Kontaktformular\" novalidate=\"novalidate\" data-status=\"init\">\n<fieldset class=\"hidden-fields-container\"><input type=\"hidden\" name=\"_wpcf7\" value=\"2973\" \/><input type=\"hidden\" name=\"_wpcf7_version\" value=\"6.1.5\" \/><input type=\"hidden\" name=\"_wpcf7_locale\" value=\"de_DE\" \/><input type=\"hidden\" name=\"_wpcf7_unit_tag\" value=\"wpcf7-f2973-o1\" \/><input type=\"hidden\" name=\"_wpcf7_container_post\" value=\"0\" \/><input type=\"hidden\" name=\"_wpcf7_posted_data_hash\" value=\"\" \/><input type=\"hidden\" name=\"_wpcf7_recaptcha_response\" value=\"\" \/>\n<\/fieldset>\n<p><label> Rasse \/ race: (Pflichtfeld)<br \/>\n<span class=\"wpcf7-form-control-wrap\" data-name=\"menu-758\"><select class=\"wpcf7-form-control wpcf7-select\" aria-invalid=\"false\" name=\"menu-758\"><option value=\"Finnenspitz\">Finnenspitz<\/option><option value=\"J\u00e4mthund\">J\u00e4mthund<\/option><option value=\"Karelischer B\u00e4renhund\">Karelischer B\u00e4renhund<\/option><option value=\"Lundehund\">Lundehund<\/option><option value=\"Norrbotenspets\">Norrbotenspets<\/option><option value=\"Norwegischer Elchhund Grau\">Norwegischer Elchhund Grau<\/option><option value=\"Norwegischer Elchhund Schwarz\">Norwegischer Elchhund Schwarz<\/option><option value=\"Ostsibirische Laika\">Ostsibirische Laika<\/option><option value=\"Russisch Europ\u00e4ische Laika\">Russisch Europ\u00e4ische Laika<\/option><option value=\"Westsibirische Laika\">Westsibirische Laika<\/option><option value=\"Lapinkoira\">Lapinkoira<\/option><option value=\"Lapinporokoira\">Lapinporokoira<\/option><option value=\"Norwegischer Buhund\">Norwegischer Buhund<\/option><option value=\"Schwedischer Lapphund\">Schwedischer Lapphund<\/option><\/select><\/span> <\/label>\n<\/p>\n<p><label> Zuchtst\u00e4tte \/ affixe d`elevage: (Pflichtfeld)<br \/>\n<span class=\"wpcf7-form-control-wrap\" data-name=\"zuchtstaette\"><input size=\"40\" maxlength=\"400\" class=\"wpcf7-form-control wpcf7-text wpcf7-validates-as-required\" aria-required=\"true\" aria-invalid=\"false\" value=\"\" type=\"text\" name=\"zuchtstaette\" \/><\/span> <\/label>\n<\/p>\n<p><label> Vater der Welpen \/ p\u00e8re des chiots: (Pflichtfeld)<br \/>\n<span class=\"wpcf7-form-control-wrap\" data-name=\"vater\"><input size=\"40\" maxlength=\"400\" class=\"wpcf7-form-control wpcf7-text wpcf7-validates-as-required\" aria-required=\"true\" aria-invalid=\"false\" value=\"\" type=\"text\" name=\"vater\" \/><\/span> <\/label>\n<\/p>\n<p><label> SHSB\/ausl. ZB-Nr. des Vaters \/ LOS\/no. \u00e9tranger du p\u00e8re: (Pflichtfeld)<br \/>\n<span class=\"wpcf7-form-control-wrap\" data-name=\"shsb_ruede\"><input size=\"40\" maxlength=\"400\" class=\"wpcf7-form-control wpcf7-text wpcf7-validates-as-required\" aria-required=\"true\" aria-invalid=\"false\" value=\"\" type=\"text\" name=\"shsb_ruede\" \/><\/span> <\/label>\n<\/p>\n<p><label> Mutter der Welpen \/ m\u00e8re des chiots: (Pflichtfeld)<br \/>\n<span class=\"wpcf7-form-control-wrap\" data-name=\"mutter\"><input size=\"40\" maxlength=\"400\" class=\"wpcf7-form-control wpcf7-text wpcf7-validates-as-required\" aria-required=\"true\" aria-invalid=\"false\" value=\"\" type=\"text\" name=\"mutter\" \/><\/span> <\/label>\n<\/p>\n<p><label> SHSB \/ LOS der Mutter \/ du m\u00e8re: (Pflichtfeld)<br \/>\n<span class=\"wpcf7-form-control-wrap\" data-name=\"shsb_huendin\"><input size=\"40\" maxlength=\"400\" class=\"wpcf7-form-control wpcf7-text wpcf7-validates-as-required\" aria-required=\"true\" aria-invalid=\"false\" value=\"\" type=\"text\" name=\"shsb_huendin\" \/><\/span> <\/label>\n<\/p>\n<p>Wurfdatum \/ date de naissance (Pflichtfeld)<br \/>\n<span class=\"wpcf7-form-control-wrap\" data-name=\"date-wurf\"><input class=\"wpcf7-form-control wpcf7-date wpcf7-validates-as-required wpcf7-validates-as-date\" aria-required=\"true\" aria-invalid=\"false\" value=\"\" type=\"date\" name=\"date-wurf\" \/><\/span>\n<\/p>\n<p>Die H\u00fcndin ist leergeblieben \/ la chienne est rest\u00e9e vide: <span class=\"wpcf7-form-control-wrap\" data-name=\"acceptance-leergeblieben\"><span class=\"wpcf7-form-control wpcf7-acceptance optional\"><span class=\"wpcf7-list-item\"><input type=\"checkbox\" name=\"acceptance-leergeblieben\" value=\"1\" aria-invalid=\"false\" \/><\/span><\/span><\/span>\n<\/p>\n<p>Anzahl Welpen \/ nombre de chiots (Pflichtfelder)<br \/>\n- lebend geboren \/ n\u00e9s vivants<br \/>\n<span class=\"wpcf7-form-control-wrap\" data-name=\"number-lebend\"><input class=\"wpcf7-form-control wpcf7-number wpcf7-validates-as-required wpcf7-validates-as-number\" aria-required=\"true\" aria-invalid=\"false\" value=\"\" type=\"number\" name=\"number-lebend\" \/><\/span>\n<\/p>\n<p>- davon R\u00fcden \/ dont m\u00e2les<br \/>\n<span class=\"wpcf7-form-control-wrap\" data-name=\"number-rueden\"><input class=\"wpcf7-form-control wpcf7-number wpcf7-validates-as-required wpcf7-validates-as-number\" aria-required=\"true\" aria-invalid=\"false\" value=\"\" type=\"number\" name=\"number-rueden\" \/><\/span>\n<\/p>\n<p>- H\u00fcndinnen \/ femelles<br \/>\n<span class=\"wpcf7-form-control-wrap\" data-name=\"number-huendin\"><input class=\"wpcf7-form-control wpcf7-number wpcf7-validates-as-required wpcf7-validates-as-number\" aria-required=\"true\" aria-invalid=\"false\" value=\"\" type=\"number\" name=\"number-huendin\" \/><\/span>\n<\/p>\n<p>- tot geboren \/ n\u00e9s morts<br \/>\n<span class=\"wpcf7-form-control-wrap\" data-name=\"number-tot\"><input class=\"wpcf7-form-control wpcf7-number wpcf7-validates-as-required wpcf7-validates-as-number\" aria-required=\"true\" aria-invalid=\"false\" value=\"\" type=\"number\" name=\"number-tot\" \/><\/span>\n<\/p>\n<p>- davon R\u00fcden \/ dont m\u00e2les<br \/>\n<span class=\"wpcf7-form-control-wrap\" data-name=\"number-tot-rueden\"><input class=\"wpcf7-form-control wpcf7-number wpcf7-validates-as-required wpcf7-validates-as-number\" aria-required=\"true\" aria-invalid=\"false\" value=\"\" type=\"number\" name=\"number-tot-rueden\" \/><\/span>\n<\/p>\n<p>- H\u00fcndinnen \/ femelles<br \/>\n<span class=\"wpcf7-form-control-wrap\" data-name=\"number-tot-huendinnen\"><input class=\"wpcf7-form-control wpcf7-number wpcf7-validates-as-required wpcf7-validates-as-number\" aria-required=\"true\" aria-invalid=\"false\" value=\"\" type=\"number\" name=\"number-tot-huendinnen\" \/><\/span>\n<\/p>\n<p>Zur Zeit noch lebende Welpen \/ nombre actuel<br \/>\n<span class=\"wpcf7-form-control-wrap\" data-name=\"number-noch-lebende\"><input class=\"wpcf7-form-control wpcf7-number wpcf7-validates-as-required wpcf7-validates-as-number\" aria-required=\"true\" aria-invalid=\"false\" value=\"\" type=\"number\" name=\"number-noch-lebende\" \/><\/span>\n<\/p>\n<p>- davon R\u00fcden \/ dont m\u00e2les<br \/>\n<span class=\"wpcf7-form-control-wrap\" data-name=\"number-noch-lebende-rueden\"><input class=\"wpcf7-form-control wpcf7-number wpcf7-validates-as-required wpcf7-validates-as-number\" aria-required=\"true\" aria-invalid=\"false\" value=\"\" type=\"number\" name=\"number-noch-lebende-rueden\" \/><\/span>\n<\/p>\n<p>- H\u00fcndinnen \/ femelles<br \/>\n<span class=\"wpcf7-form-control-wrap\" data-name=\"number-noch-lebende-huendinnen\"><input class=\"wpcf7-form-control wpcf7-number wpcf7-validates-as-required wpcf7-validates-as-number\" aria-required=\"true\" aria-invalid=\"false\" value=\"\" type=\"number\" name=\"number-noch-lebende-huendinnen\" \/><\/span>\n<\/p>\n<p>Haben sie Anomalien oder k\u00f6rperliche Defekte festgestellt \/ Aves-vous constant\u00e9 des anomalies ou des d\u00e9fauts physiques?<br \/>\n<span class=\"wpcf7-form-control-wrap\" data-name=\"radio-anomalien\"><span class=\"wpcf7-form-control wpcf7-radio\"><span class=\"wpcf7-list-item first\"><span class=\"wpcf7-list-item-label\">Ja<\/span><input type=\"radio\" name=\"radio-anomalien\" value=\"Ja\" \/><\/span><span class=\"wpcf7-list-item last\"><span class=\"wpcf7-list-item-label\">Nein<\/span><input type=\"radio\" name=\"radio-anomalien\" value=\"Nein\" checked=\"checked\" \/><\/span><\/span><\/span>\n<\/p>\n<p>Wenn Ja, welche?<br \/>\n<span class=\"wpcf7-form-control-wrap\" data-name=\"text-anomalie-ja\"><input size=\"40\" maxlength=\"400\" class=\"wpcf7-form-control wpcf7-text\" aria-invalid=\"false\" value=\"\" type=\"text\" name=\"text-anomalie-ja\" \/><\/span>\n<\/p>\n<p>Bei wievielen Welpen mussten die Afterkrallen entfernt werden \/ Chez combien de chiots a-t-on d\u00fb enlever les ergots? (Pflichtfeld)<br \/>\n<span class=\"wpcf7-form-control-wrap\" data-name=\"number-afterkrallen\"><input class=\"wpcf7-form-control wpcf7-number wpcf7-validates-as-required wpcf7-validates-as-number\" aria-required=\"true\" aria-invalid=\"false\" value=\"\" type=\"number\" name=\"number-afterkrallen\" \/><\/span>\n<\/p>\n<p><label> Name des Z\u00fcchters \/ nom d`\u00e9leveur: (Pflichtfeld)<br \/>\n<span class=\"wpcf7-form-control-wrap\" data-name=\"name_zuechter\"><input size=\"40\" maxlength=\"400\" class=\"wpcf7-form-control wpcf7-text wpcf7-validates-as-required\" aria-required=\"true\" aria-invalid=\"false\" value=\"\" type=\"text\" name=\"name_zuechter\" \/><\/span> <\/label>\n<\/p>\n<p><label> Strasse, PLZ, Ort \/ rue, NPA, lieu: (Pflichtfeld)<br \/>\n<span class=\"wpcf7-form-control-wrap\" data-name=\"str-plz-ort-zuechter\"><input size=\"40\" maxlength=\"400\" class=\"wpcf7-form-control wpcf7-text wpcf7-validates-as-required\" aria-required=\"true\" aria-invalid=\"false\" value=\"\" type=\"text\" name=\"str-plz-ort-zuechter\" \/><\/span> <\/label>\n<\/p>\n<p><label> Tel privat \/ t\u00e9l. priv\u00e9: (Pflichtfeld)<br \/>\n<span class=\"wpcf7-form-control-wrap\" data-name=\"number-telpriv-zuechter\"><input class=\"wpcf7-form-control wpcf7-number wpcf7-validates-as-required wpcf7-validates-as-number\" aria-required=\"true\" aria-invalid=\"false\" value=\"\" type=\"number\" name=\"number-telpriv-zuechter\" \/><\/span> <\/label>\n<\/p>\n<p><label> Tel Gesch\u00e4ft \/ t\u00e9l. travail: (Pflichtfeld)<br \/>\n<span class=\"wpcf7-form-control-wrap\" data-name=\"number-telgesch-zuechter\"><input class=\"wpcf7-form-control wpcf7-number wpcf7-validates-as-required wpcf7-validates-as-number\" aria-required=\"true\" aria-invalid=\"false\" value=\"\" type=\"number\" name=\"number-telgesch-zuechter\" \/><\/span> <\/label>\n<\/p>\n<p><label> Datum und Ort \/ lieu et date (Pflichtfeld)<br \/>\n<span class=\"wpcf7-form-control-wrap\" data-name=\"datum_ort\"><input size=\"40\" maxlength=\"400\" class=\"wpcf7-form-control wpcf7-text wpcf7-validates-as-required\" aria-required=\"true\" aria-invalid=\"false\" value=\"\" type=\"text\" name=\"datum_ort\" \/><\/span> <\/label>\n<\/p>\n<p>Wurde\/Wird die gedeckte H\u00fcndin gegen das Herpesvirus geimpft? \/ La chienne couverte a-t-elle \u00e9t\u00e9\/sera vaccin\u00e9e contre le virus de l`herpes?<br \/>\n<span class=\"wpcf7-form-control-wrap\" data-name=\"radio-385\"><span class=\"wpcf7-form-control wpcf7-radio\"><span class=\"wpcf7-list-item first\"><span class=\"wpcf7-list-item-label\">Ja<\/span><input type=\"radio\" name=\"radio-385\" value=\"Ja\" \/><\/span><span class=\"wpcf7-list-item last\"><span class=\"wpcf7-list-item-label\">Nein<\/span><input type=\"radio\" name=\"radio-385\" value=\"Nein\" checked=\"checked\" \/><\/span><\/span><\/span>\n<\/p>\n<p><label> Deine E-Mail-Adresse (Pflichtfeld)<br \/>\n<span class=\"wpcf7-form-control-wrap\" data-name=\"your-email\"><input size=\"40\" maxlength=\"400\" class=\"wpcf7-form-control wpcf7-email wpcf7-validates-as-required wpcf7-text wpcf7-validates-as-email\" aria-required=\"true\" aria-invalid=\"false\" value=\"\" type=\"email\" name=\"your-email\" \/><\/span> <\/label>\n<\/p>\n<p><input class=\"wpcf7-form-control wpcf7-submit has-spinner\" type=\"submit\" value=\"Senden\" \/>\n<\/p><div class=\"wpcf7-response-output\" aria-hidden=\"true\"><\/div>\n<\/form>\n<\/div>\n\n","protected":false},"excerpt":{"rendered":"<p>Interne Wurfmeldung Jagd-, Wach- und H\u00fctehunde Falls die Aufzucht von mehr als 8 Welpen vorgesehen ist, innerhalb 48 Stunden nach der Geburt melden, ebenfalls zu melden sind leer gebliebene H\u00fcndinnen und unvorhergesehene Geburten Si plus de 8 chiots sont n\u00e9s, l\u2019avis doit \u00eatre envoge dans les 48h.&nbsp;Les femelles rest\u00e9es vides et les naissances impr\u00e9vues doivent&#8230;<\/p>\n","protected":false},"author":2,"featured_media":0,"parent":0,"menu_order":0,"comment_status":"closed","ping_status":"closed","template":"","meta":{"_kad_post_transparent":"disable","_kad_post_title":"hide","_kad_post_layout":"normal","_kad_post_sidebar_id":"","_kad_post_content_style":"","_kad_post_vertical_padding":"","_kad_post_feature":"","_kad_post_feature_position":"","_kad_post_header":false,"_kad_post_footer":false,"footnotes":""},"wf_page_folders":[14],"class_list":["post-3444","page","type-page","status-publish","hentry"],"_links":{"self":[{"href":"https:\/\/www.sknh.ch\/de\/wp-json\/wp\/v2\/pages\/3444","targetHints":{"allow":["GET"]}}],"collection":[{"href":"https:\/\/www.sknh.ch\/de\/wp-json\/wp\/v2\/pages"}],"about":[{"href":"https:\/\/www.sknh.ch\/de\/wp-json\/wp\/v2\/types\/page"}],"author":[{"embeddable":true,"href":"https:\/\/www.sknh.ch\/de\/wp-json\/wp\/v2\/users\/2"}],"replies":[{"embeddable":true,"href":"https:\/\/www.sknh.ch\/de\/wp-json\/wp\/v2\/comments?post=3444"}],"version-history":[{"count":4,"href":"https:\/\/www.sknh.ch\/de\/wp-json\/wp\/v2\/pages\/3444\/revisions"}],"predecessor-version":[{"id":3676,"href":"https:\/\/www.sknh.ch\/de\/wp-json\/wp\/v2\/pages\/3444\/revisions\/3676"}],"wp:attachment":[{"href":"https:\/\/www.sknh.ch\/de\/wp-json\/wp\/v2\/media?parent=3444"}],"wp:term":[{"taxonomy":"wf_page_folders","embeddable":true,"href":"https:\/\/www.sknh.ch\/de\/wp-json\/wp\/v2\/wf_page_folders?post=3444"}],"curies":[{"name":"wp","href":"https:\/\/api.w.org\/{rel}","templated":true}]}}