{"id":3435,"date":"2024-04-25T09:13:54","date_gmt":"2024-04-25T09:13:54","guid":{"rendered":"https:\/\/www.sknh.ch\/?page_id=3435"},"modified":"2024-04-26T09:16:05","modified_gmt":"2024-04-26T09:16:05","slug":"interne-deckmeldung-sh","status":"publish","type":"page","link":"https:\/\/www.sknh.ch\/de\/interne-deckmeldung-sh\/","title":{"rendered":"Interne Deckmeldung SH"},"content":{"rendered":"<style>.kadence-column3435_5d1402-39 > .kt-inside-inner-col,.kadence-column3435_5d1402-39 > .kt-inside-inner-col:before{border-top-left-radius:0px;border-top-right-radius:0px;border-bottom-right-radius:0px;border-bottom-left-radius:0px;}.kadence-column3435_5d1402-39 > .kt-inside-inner-col{column-gap:var(--global-kb-gap-sm, 1rem);}.kadence-column3435_5d1402-39 > .kt-inside-inner-col{flex-direction:column;}.kadence-column3435_5d1402-39 > .kt-inside-inner-col > .aligncenter{width:100%;}.kadence-column3435_5d1402-39 > .kt-inside-inner-col{background-image:linear-gradient(135deg,rgb(6,147,227) 0%,rgb(20,39,109) 100%);}.kadence-column3435_5d1402-39 > .kt-inside-inner-col:before{opacity:1;background-image:linear-gradient(135deg,rgb(48,118,190) 0%,var(--global-palette6,#718096) 53%,rgb(72,140,209) 100%);}.kadence-column3435_5d1402-39{position:relative;}.kadence-column3435_5d1402-39, .kt-inside-inner-col > .kadence-column3435_5d1402-39:not(.specificity){margin-top:var(--global-kb-spacing-lg, 3rem);margin-bottom:var(--global-kb-spacing-lg, 3rem);}@media all and (max-width: 1024px){.kadence-column3435_5d1402-39 > .kt-inside-inner-col{flex-direction:column;justify-content:center;}}@media all and (max-width: 767px){.kadence-column3435_5d1402-39 > .kt-inside-inner-col{flex-direction:column;justify-content:center;}}<\/style>\n<div class=\"wp-block-kadence-column kadence-column3435_5d1402-39 kb-section-has-overlay\"><div class=\"kt-inside-inner-col\"><style>.wp-block-kadence-advancedheading.kt-adv-heading3435_98bedf-c2, .wp-block-kadence-advancedheading.kt-adv-heading3435_98bedf-c2[data-kb-block=\"kb-adv-heading3435_98bedf-c2\"]{padding-top:var(--global-kb-spacing-xxs, 0.5rem);padding-bottom:var(--global-kb-spacing-xxs, 0.5rem);padding-left:var(--global-kb-spacing-xs, 1rem);font-style:normal;color:#ffffff;}.wp-block-kadence-advancedheading.kt-adv-heading3435_98bedf-c2 mark.kt-highlight, .wp-block-kadence-advancedheading.kt-adv-heading3435_98bedf-c2[data-kb-block=\"kb-adv-heading3435_98bedf-c2\"] mark.kt-highlight{font-style:normal;color:#f76a0c;-webkit-box-decoration-break:clone;box-decoration-break:clone;padding-top:0px;padding-right:0px;padding-bottom:0px;padding-left:0px;}.wp-block-kadence-advancedheading.kt-adv-heading3435_98bedf-c2 img.kb-inline-image, .wp-block-kadence-advancedheading.kt-adv-heading3435_98bedf-c2[data-kb-block=\"kb-adv-heading3435_98bedf-c2\"] img.kb-inline-image{width:150px;vertical-align:baseline;}<\/style>\n<h2 class=\"kt-adv-heading3435_98bedf-c2 wp-block-kadence-advancedheading\" data-kb-block=\"kb-adv-heading3435_98bedf-c2\">Interne Deckmeldung Siberian Husky<\/h2>\n<\/div><\/div>\n\n\n\n<div class=\"wpcf7 no-js\" id=\"wpcf7-f2889-o1\" lang=\"de-DE\" dir=\"ltr\" data-wpcf7-id=\"2889\">\n<div class=\"screen-reader-response\"><p role=\"status\" aria-live=\"polite\" aria-atomic=\"true\"><\/p> <ul><\/ul><\/div>\n<form action=\"\/de\/wp-json\/wp\/v2\/pages\/3435#wpcf7-f2889-o1\" method=\"post\" class=\"wpcf7-form init\" aria-label=\"Kontaktformular\" enctype=\"multipart\/form-data\" novalidate=\"novalidate\" data-status=\"init\">\n<fieldset class=\"hidden-fields-container\"><input type=\"hidden\" name=\"_wpcf7\" value=\"2889\" \/><input type=\"hidden\" name=\"_wpcf7_version\" value=\"6.1.5\" \/><input type=\"hidden\" name=\"_wpcf7_locale\" value=\"de_DE\" \/><input type=\"hidden\" name=\"_wpcf7_unit_tag\" value=\"wpcf7-f2889-o1\" \/><input type=\"hidden\" name=\"_wpcf7_container_post\" value=\"0\" \/><input type=\"hidden\" name=\"_wpcf7_posted_data_hash\" value=\"\" \/><input type=\"hidden\" name=\"_wpcf7_recaptcha_response\" value=\"\" \/>\n<\/fieldset>\n<p>Innerhalb von 14 Tagen nach dem Deckakt dem Rassezuchtwart einzusenden<br \/>\n\u00e0 retourner au surveillant d\u2019\u00e9levage dans les quinze jours suivant la saillie\n<\/p>\n<p><label> Zuchtst\u00e4tte \/ affixe d'\u00e9levage: (Pflichtfeld)<br \/>\n<span class=\"wpcf7-form-control-wrap\" data-name=\"zuchtstaette\"><input size=\"40\" maxlength=\"400\" class=\"wpcf7-form-control wpcf7-text wpcf7-validates-as-required\" aria-required=\"true\" aria-invalid=\"false\" value=\"\" type=\"text\" name=\"zuchtstaette\" \/><\/span> <\/label>\n<\/p>\n<p>Am\/le <span class=\"wpcf7-form-control-wrap\" data-name=\"date-229\"><input class=\"wpcf7-form-control wpcf7-date wpcf7-validates-as-date\" aria-invalid=\"false\" value=\"\" type=\"date\" name=\"date-229\" \/><\/span> wurde gedeckt \/ a \u00e9t\u00e9 saillie:\n<\/p>\n<p><label> mit dem R\u00fcden \/ par le m\u00e2le: (Pflichtfeld)<br \/>\n<span class=\"wpcf7-form-control-wrap\" data-name=\"ruede\"><input size=\"40\" maxlength=\"400\" class=\"wpcf7-form-control wpcf7-text wpcf7-validates-as-required\" aria-required=\"true\" aria-invalid=\"false\" value=\"\" type=\"text\" name=\"ruede\" \/><\/span> <\/label>\n<\/p>\n<p><label> SHSB\/ausl. ZB-Nr. \/ LOS\/N\u00ba \u00e9tranger: (Pflichtfeld)<br \/>\n<span class=\"wpcf7-form-control-wrap\" data-name=\"shsb_ruede\"><input size=\"40\" maxlength=\"400\" class=\"wpcf7-form-control wpcf7-text wpcf7-validates-as-required\" aria-required=\"true\" aria-invalid=\"false\" value=\"\" type=\"text\" name=\"shsb_ruede\" \/><\/span> <\/label>\n<\/p>\n<p><label> und der H\u00fcndin \/ et la chienne: (Pflichtfeld)<br \/>\n<span class=\"wpcf7-form-control-wrap\" data-name=\"huendin\"><input size=\"40\" maxlength=\"400\" class=\"wpcf7-form-control wpcf7-text wpcf7-validates-as-required\" aria-required=\"true\" aria-invalid=\"false\" value=\"\" type=\"text\" name=\"huendin\" \/><\/span> <\/label>\n<\/p>\n<p><label> SHSB \/ LOS: (Pflichtfeld)<br \/>\n<span class=\"wpcf7-form-control-wrap\" data-name=\"shsb_huendin\"><input size=\"40\" maxlength=\"400\" class=\"wpcf7-form-control wpcf7-text wpcf7-validates-as-required\" aria-required=\"true\" aria-invalid=\"false\" value=\"\" type=\"text\" name=\"shsb_huendin\" \/><\/span> <\/label>\n<\/p>\n<p><label> Name des R\u00fcdenbesitzers \/ propri\u00e9taire du m\u00e2le: (Pflichtfeld)<br \/>\n<span class=\"wpcf7-form-control-wrap\" data-name=\"name_besitzer\"><input size=\"40\" maxlength=\"400\" class=\"wpcf7-form-control wpcf7-text wpcf7-validates-as-required\" aria-required=\"true\" aria-invalid=\"false\" value=\"\" type=\"text\" name=\"name_besitzer\" \/><\/span> <\/label>\n<\/p>\n<p>Wurde\/Wird die gedeckte H\u00fcndin gegen das Herpesvirus geimpft? \/ La chienne saillie a-t-elle \u00e9t\u00e9\/sera vaccin\u00e9e contre le virus de l`herpes?<br \/>\n<span class=\"wpcf7-form-control-wrap\" data-name=\"radio-385\"><span class=\"wpcf7-form-control wpcf7-radio\"><span class=\"wpcf7-list-item first\"><span class=\"wpcf7-list-item-label\">Ja<\/span><input type=\"radio\" name=\"radio-385\" value=\"Ja\" \/><\/span><span class=\"wpcf7-list-item last\"><span class=\"wpcf7-list-item-label\">Nein<\/span><input type=\"radio\" name=\"radio-385\" value=\"Nein\" checked=\"checked\" \/><\/span><\/span><\/span>\n<\/p>\n<p><label> Datum, Ort, Name\/Adresse und Tel. des Zu\u0308chters \/ date, lieu, nom\/adress et Tel. de l`eleveur<br \/>\n<span class=\"wpcf7-form-control-wrap\" data-name=\"datum_ort_name_adresse_tel\"><input size=\"40\" maxlength=\"400\" class=\"wpcf7-form-control wpcf7-text wpcf7-validates-as-required\" aria-required=\"true\" aria-invalid=\"false\" value=\"\" type=\"text\" name=\"datum_ort_name_adresse_tel\" \/><\/span> <\/label>\n<\/p>\n<p>Beigelegt sind \/ Annex\u00e9s<br \/>\n<span class=\"wpcf7-form-control-wrap\" data-name=\"acceptance-896\"><span class=\"wpcf7-form-control wpcf7-acceptance optional\"><span class=\"wpcf7-list-item\"><label><input type=\"checkbox\" name=\"acceptance-896\" value=\"1\" aria-invalid=\"false\" \/><span class=\"wpcf7-list-item-label\">Augenattest Ru\u0308de\/examen ophtalmologique du ma\u0302le<\/span><\/label><\/span><\/span><\/span><span class=\"wpcf7-form-control-wrap\" data-name=\"file-720\"><input size=\"40\" class=\"wpcf7-form-control wpcf7-file\" accept=\".pdf,.jpg,.jpeg\" aria-invalid=\"false\" type=\"file\" name=\"file-720\" \/><\/span><br \/>\n<span class=\"wpcf7-form-control-wrap\" data-name=\"acceptance-376\"><span class=\"wpcf7-form-control wpcf7-acceptance optional\"><span class=\"wpcf7-list-item\"><label><input type=\"checkbox\" name=\"acceptance-376\" value=\"1\" aria-invalid=\"false\" \/><span class=\"wpcf7-list-item-label\">Augenattest Hu\u0308ndin\/examen ophtalmologique de la chienne<\/span><\/label><\/span><\/span><\/span><span class=\"wpcf7-form-control-wrap\" data-name=\"file-338\"><input size=\"40\" class=\"wpcf7-form-control wpcf7-file\" accept=\".pdf,.jpg,.jpeg\" aria-invalid=\"false\" type=\"file\" name=\"file-338\" \/><\/span><br \/>\n<span class=\"wpcf7-form-control-wrap\" data-name=\"acceptance-381\"><span class=\"wpcf7-form-control wpcf7-acceptance optional\"><span class=\"wpcf7-list-item\"><label><input type=\"checkbox\" name=\"acceptance-381\" value=\"1\" aria-invalid=\"false\" \/><span class=\"wpcf7-list-item-label\">HD Attest f\u00fcr ausl\u00e4ndische Deckr\u00fcden \/ attestation de dysplasie des hanches si le m\u00e2le est \u00e9tranger<\/span><\/label><\/span><\/span><\/span><span class=\"wpcf7-form-control-wrap\" data-name=\"file-470\"><input size=\"40\" class=\"wpcf7-form-control wpcf7-file\" accept=\".pdf,.jpg,.jpeg,.png\" aria-invalid=\"false\" type=\"file\" name=\"file-470\" \/><\/span>\n<\/p>\n<p><label> Bemerkungen \/ remarques:<br \/>\n<span class=\"wpcf7-form-control-wrap\" data-name=\"textarea-260\"><textarea cols=\"40\" rows=\"10\" maxlength=\"2000\" class=\"wpcf7-form-control wpcf7-textarea\" aria-invalid=\"false\" name=\"textarea-260\"><\/textarea><\/span> <\/label>\n<\/p>\n<p><label> Deine E-Mail-Adresse (Pflichtfeld)<br \/>\n<span class=\"wpcf7-form-control-wrap\" data-name=\"your-email\"><input size=\"40\" maxlength=\"400\" class=\"wpcf7-form-control wpcf7-email wpcf7-validates-as-required wpcf7-text wpcf7-validates-as-email\" aria-required=\"true\" aria-invalid=\"false\" value=\"\" type=\"email\" name=\"your-email\" \/><\/span> <\/label>\n<\/p>\n<p><input class=\"wpcf7-form-control wpcf7-submit has-spinner\" type=\"submit\" value=\"Senden\" \/>\n<\/p><div class=\"wpcf7-response-output\" aria-hidden=\"true\"><\/div>\n<\/form>\n<\/div>\n\n","protected":false},"excerpt":{"rendered":"<p>Interne Deckmeldung Siberian Husky<\/p>\n","protected":false},"author":2,"featured_media":0,"parent":0,"menu_order":0,"comment_status":"closed","ping_status":"closed","template":"","meta":{"_kad_post_transparent":"disable","_kad_post_title":"hide","_kad_post_layout":"normal","_kad_post_sidebar_id":"","_kad_post_content_style":"","_kad_post_vertical_padding":"","_kad_post_feature":"","_kad_post_feature_position":"","_kad_post_header":false,"_kad_post_footer":false,"footnotes":""},"wf_page_folders":[13],"class_list":["post-3435","page","type-page","status-publish","hentry"],"_links":{"self":[{"href":"https:\/\/www.sknh.ch\/de\/wp-json\/wp\/v2\/pages\/3435","targetHints":{"allow":["GET"]}}],"collection":[{"href":"https:\/\/www.sknh.ch\/de\/wp-json\/wp\/v2\/pages"}],"about":[{"href":"https:\/\/www.sknh.ch\/de\/wp-json\/wp\/v2\/types\/page"}],"author":[{"embeddable":true,"href":"https:\/\/www.sknh.ch\/de\/wp-json\/wp\/v2\/users\/2"}],"replies":[{"embeddable":true,"href":"https:\/\/www.sknh.ch\/de\/wp-json\/wp\/v2\/comments?post=3435"}],"version-history":[{"count":5,"href":"https:\/\/www.sknh.ch\/de\/wp-json\/wp\/v2\/pages\/3435\/revisions"}],"predecessor-version":[{"id":3667,"href":"https:\/\/www.sknh.ch\/de\/wp-json\/wp\/v2\/pages\/3435\/revisions\/3667"}],"wp:attachment":[{"href":"https:\/\/www.sknh.ch\/de\/wp-json\/wp\/v2\/media?parent=3435"}],"wp:term":[{"taxonomy":"wf_page_folders","embeddable":true,"href":"https:\/\/www.sknh.ch\/de\/wp-json\/wp\/v2\/wf_page_folders?post=3435"}],"curies":[{"name":"wp","href":"https:\/\/api.w.org\/{rel}","templated":true}]}}