{"id":3411,"date":"2024-04-25T07:56:07","date_gmt":"2024-04-25T07:56:07","guid":{"rendered":"https:\/\/www.sknh.ch\/?page_id=3411"},"modified":"2025-10-30T07:34:53","modified_gmt":"2025-10-30T07:34:53","slug":"deckruedenliste","status":"publish","type":"page","link":"https:\/\/www.sknh.ch\/de\/deckruedenliste\/","title":{"rendered":"Deckruedenliste"},"content":{"rendered":"<style>.kadence-column3411_5560d6-39 > .kt-inside-inner-col,.kadence-column3411_5560d6-39 > .kt-inside-inner-col:before{border-top-left-radius:0px;border-top-right-radius:0px;border-bottom-right-radius:0px;border-bottom-left-radius:0px;}.kadence-column3411_5560d6-39 > .kt-inside-inner-col{column-gap:var(--global-kb-gap-sm, 1rem);}.kadence-column3411_5560d6-39 > .kt-inside-inner-col{flex-direction:column;}.kadence-column3411_5560d6-39 > .kt-inside-inner-col > .aligncenter{width:100%;}.kadence-column3411_5560d6-39 > .kt-inside-inner-col{background-image:linear-gradient(135deg,rgb(6,147,227) 0%,rgb(20,39,109) 100%);}.kadence-column3411_5560d6-39 > .kt-inside-inner-col:before{opacity:1;background-image:linear-gradient(135deg,rgb(48,118,190) 0%,var(--global-palette6,#718096) 53%,rgb(72,140,209) 100%);}.kadence-column3411_5560d6-39{position:relative;}.kadence-column3411_5560d6-39, .kt-inside-inner-col > .kadence-column3411_5560d6-39:not(.specificity){margin-top:var(--global-kb-spacing-lg, 3rem);}@media all and (max-width: 1024px){.kadence-column3411_5560d6-39 > .kt-inside-inner-col{flex-direction:column;justify-content:center;}}@media all and (max-width: 767px){.kadence-column3411_5560d6-39 > .kt-inside-inner-col{flex-direction:column;justify-content:center;}}<\/style>\n<div class=\"wp-block-kadence-column kadence-column3411_5560d6-39 kb-section-has-overlay\"><div class=\"kt-inside-inner-col\"><style>.wp-block-kadence-advancedheading.kt-adv-heading3411_59f138-31, .wp-block-kadence-advancedheading.kt-adv-heading3411_59f138-31[data-kb-block=\"kb-adv-heading3411_59f138-31\"]{padding-top:var(--global-kb-spacing-xxs, 0.5rem);padding-bottom:var(--global-kb-spacing-xxs, 0.5rem);padding-left:var(--global-kb-spacing-xs, 1rem);font-style:normal;color:#ffffff;}.wp-block-kadence-advancedheading.kt-adv-heading3411_59f138-31 mark.kt-highlight, .wp-block-kadence-advancedheading.kt-adv-heading3411_59f138-31[data-kb-block=\"kb-adv-heading3411_59f138-31\"] mark.kt-highlight{font-style:normal;color:#f76a0c;-webkit-box-decoration-break:clone;box-decoration-break:clone;padding-top:0px;padding-right:0px;padding-bottom:0px;padding-left:0px;}.wp-block-kadence-advancedheading.kt-adv-heading3411_59f138-31 img.kb-inline-image, .wp-block-kadence-advancedheading.kt-adv-heading3411_59f138-31[data-kb-block=\"kb-adv-heading3411_59f138-31\"] img.kb-inline-image{width:150px;vertical-align:baseline;}<\/style>\n<h2 class=\"kt-adv-heading3411_59f138-31 wp-block-kadence-advancedheading\" data-kb-block=\"kb-adv-heading3411_59f138-31\">Deckr\u00fcden<\/h2>\n<\/div><\/div>\n\n\n\n<h2 class=\"wp-block-heading\">Du planst einen Wurf und suchst Deckr\u00fcden?<\/h2>\n\n\n\n<p>Die aktuelle Deckr\u00fcdenliste kann bei der Zuchtwartin angefordert werden.<\/p>\n\n\n\n<p>Die Listen der&nbsp; Deckr\u00fcden sind online auf unserer Website aufgeschaltet. Die Liste kann laufend aktualisiert werden, sehr gerne nehmen wir weiterhin Fotos und Einverst\u00e4ndniserkl\u00e4rungen f\u00fcr die restlichen R\u00fcden von weiteren Besitzern entgegen!&nbsp; Nichtmitglieder des SKNH haben ebenfalls die M\u00f6glichkeit, ihren angek\u00f6rten R\u00fcden auf die Deckr\u00fcdenliste setzen zu lassen. Bitte wenden Sie sich hierf\u00fcr an die zust\u00e4ndige Rassezuchtwartin. Herzlichen Dank.<\/p>\n\n\n\n<p>La liste des m\u00e2les reproducteurs sont de nouveau en ligne sur notre site web. Nous allons l\u2019actualiser fur \u00e0 mesure, nous continuons tr\u00e8s volontier de recevoir vos photos et la d\u00e9claration de consentement pour la publication. Les non-membres du CSCN ont \u00e9galement la possibilit\u00e9 de faire publier leur m\u00e2le approuv\u00e9 pour l\u2019\u00e9levage sur la liste des m\u00e2les reproducteurs. Veuillez s\u2019il-vous pla\u00eet vous adresser \u00e0 la surveillante d\u2019\u00e9levage de votre race. Merci beaucoup.<\/p>\n\n\n\n<p><a href=\"https:\/\/www.sknh.ch\/wp-content\/uploads\/2025\/10\/2510-Siberian-Husky-Ruedenkatalog.pdf\" target=\"_blank\" rel=\"noreferrer noopener\">Siberian Husky R\u00fcdenkatalog<\/a><\/p>\n\n\n\n<p><a href=\"https:\/\/www.sknh.ch\/wp-content\/uploads\/2023\/09\/Samojeden-Ru%CC%88denkatalog.pdf\" target=\"_blank\" rel=\"noreferrer noopener\">Samojeden R\u00fcdenkatalog<\/a><\/p>\n\n\n\n<p><a href=\"https:\/\/www.sknh.ch\/wp-content\/uploads\/2023\/01\/Lapinkoira-Ru%CC%88denkatalog.pdf\" target=\"_blank\" rel=\"noreferrer noopener\">Lapinkoira R\u00fcdenkatalog<\/a><\/p>\n\n\n\n<p><a href=\"https:\/\/www.sknh.ch\/wp-content\/uploads\/2023\/09\/Alaskan-Malamute-Deckru%CC%88denkatalog.pdf\" target=\"_blank\" rel=\"noreferrer noopener\">Alaskan Malamute Deckr\u00fcdenkatalog<\/a><\/p>\n\n\n\n<h3 class=\"wp-block-heading\">Abk\u00fcrzung der Rassen<\/h3>\n\n\n\n<p><strong><a href=\"http:\/\/sknh.ch\/de\/alaskan_malamute.htm\">AM<\/a><\/strong>&nbsp;Alaskan Malamute |&nbsp;<strong><a href=\"http:\/\/sknh.ch\/de\/norwegischer_buhund.htm\">B<\/a><\/strong>&nbsp;Norwegischer Buhund |&nbsp;<strong><a href=\"http:\/\/sknh.ch\/de\/norwegischer_elchhund_grau.htm\">E<\/a><\/strong>&nbsp;Norwegischer Elchhund |&nbsp;<strong><a href=\"http:\/\/sknh.ch\/de\/finnenspitz.htm\">F<\/a><\/strong>&nbsp;Finnenspitz |&nbsp;<strong><a href=\"http:\/\/sknh.ch\/de\/groenlandhund.htm\">G<\/a><\/strong>&nbsp;Gr\u00f6nlandhund |<br><strong><a href=\"http:\/\/sknh.ch\/de\/jaemthund.htm\">J<\/a><\/strong>&nbsp;J\u00e4mthund |&nbsp;<strong><a href=\"http:\/\/sknh.ch\/de\/karelischer_baerenhund.htm\">KB<\/a><\/strong>&nbsp;Karelischer B\u00e4renhund |&nbsp;<strong><a href=\"http:\/\/sknh.ch\/de\/lundehund.htm\">LU<\/a><\/strong>&nbsp;Norsk Lundehund |&nbsp;<strong><a href=\"http:\/\/sknh.ch\/de\/lapinkoira.htm\">LK<\/a><\/strong>&nbsp;Lapinkoira |<a href=\"http:\/\/sknh.ch\/de\/lapinporokoira.htm\">&nbsp;<strong>LP<\/strong><\/a>&nbsp;Lapinporokoira |&nbsp;<br><strong><a href=\"http:\/\/sknh.ch\/de\/samojede.htm\">S<\/a><\/strong>&nbsp;Samojede |&nbsp;<strong><a href=\"http:\/\/sknh.ch\/de\/schwedischer_lapphund.htm\">SL<\/a><\/strong>&nbsp;Schwedischer Lapphund |&nbsp;<strong><a href=\"http:\/\/sknh.ch\/de\/siberian_husky.htm\">SH<\/a><\/strong>&nbsp;Siberian Husky |&nbsp;<strong><a href=\"http:\/\/sknh.ch\/de\/westsibirische_laika.htm\">WSL<\/a><\/strong>&nbsp;Westsibirische Laika |<\/p>\n","protected":false},"excerpt":{"rendered":"<p>Deckr\u00fcden Du planst einen Wurf und suchst Deckr\u00fcden? Die aktuelle Deckr\u00fcdenliste kann bei der Zuchtwartin angefordert werden. Die Listen der&nbsp; Deckr\u00fcden sind online auf unserer Website aufgeschaltet. Die Liste kann laufend aktualisiert werden, sehr gerne nehmen wir weiterhin Fotos und Einverst\u00e4ndniserkl\u00e4rungen f\u00fcr die restlichen R\u00fcden von weiteren Besitzern entgegen!&nbsp; Nichtmitglieder des SKNH haben ebenfalls die&#8230;<\/p>\n","protected":false},"author":2,"featured_media":0,"parent":0,"menu_order":0,"comment_status":"closed","ping_status":"closed","template":"","meta":{"_kad_post_transparent":"default","_kad_post_title":"default","_kad_post_layout":"default","_kad_post_sidebar_id":"","_kad_post_content_style":"","_kad_post_vertical_padding":"","_kad_post_feature":"","_kad_post_feature_position":"","_kad_post_header":false,"_kad_post_footer":false,"footnotes":""},"wf_page_folders":[12],"class_list":["post-3411","page","type-page","status-publish","hentry"],"_links":{"self":[{"href":"https:\/\/www.sknh.ch\/de\/wp-json\/wp\/v2\/pages\/3411","targetHints":{"allow":["GET"]}}],"collection":[{"href":"https:\/\/www.sknh.ch\/de\/wp-json\/wp\/v2\/pages"}],"about":[{"href":"https:\/\/www.sknh.ch\/de\/wp-json\/wp\/v2\/types\/page"}],"author":[{"embeddable":true,"href":"https:\/\/www.sknh.ch\/de\/wp-json\/wp\/v2\/users\/2"}],"replies":[{"embeddable":true,"href":"https:\/\/www.sknh.ch\/de\/wp-json\/wp\/v2\/comments?post=3411"}],"version-history":[{"count":11,"href":"https:\/\/www.sknh.ch\/de\/wp-json\/wp\/v2\/pages\/3411\/revisions"}],"predecessor-version":[{"id":4336,"href":"https:\/\/www.sknh.ch\/de\/wp-json\/wp\/v2\/pages\/3411\/revisions\/4336"}],"wp:attachment":[{"href":"https:\/\/www.sknh.ch\/de\/wp-json\/wp\/v2\/media?parent=3411"}],"wp:term":[{"taxonomy":"wf_page_folders","embeddable":true,"href":"https:\/\/www.sknh.ch\/de\/wp-json\/wp\/v2\/wf_page_folders?post=3411"}],"curies":[{"name":"wp","href":"https:\/\/api.w.org\/{rel}","templated":true}]}}