{"id":3402,"date":"2024-04-25T07:27:02","date_gmt":"2024-04-25T07:27:02","guid":{"rendered":"https:\/\/www.sknh.ch\/?page_id=3402"},"modified":"2024-09-27T13:08:52","modified_gmt":"2024-09-27T13:08:52","slug":"formulare","status":"publish","type":"page","link":"https:\/\/www.sknh.ch\/de\/formulare\/","title":{"rendered":"Formulare"},"content":{"rendered":"<style>.kadence-column3402_ea9e50-2e > .kt-inside-inner-col,.kadence-column3402_ea9e50-2e > .kt-inside-inner-col:before{border-top-left-radius:0px;border-top-right-radius:0px;border-bottom-right-radius:0px;border-bottom-left-radius:0px;}.kadence-column3402_ea9e50-2e > .kt-inside-inner-col{column-gap:var(--global-kb-gap-sm, 1rem);}.kadence-column3402_ea9e50-2e > .kt-inside-inner-col{flex-direction:column;}.kadence-column3402_ea9e50-2e > .kt-inside-inner-col > .aligncenter{width:100%;}.kadence-column3402_ea9e50-2e > .kt-inside-inner-col{background-image:linear-gradient(135deg,rgb(6,147,227) 0%,rgb(20,39,109) 100%);}.kadence-column3402_ea9e50-2e > .kt-inside-inner-col:before{opacity:1;background-image:linear-gradient(135deg,rgb(48,118,190) 0%,var(--global-palette6,#718096) 53%,rgb(72,140,209) 100%);}.kadence-column3402_ea9e50-2e{position:relative;}.kadence-column3402_ea9e50-2e, .kt-inside-inner-col > .kadence-column3402_ea9e50-2e:not(.specificity){margin-top:var(--global-kb-spacing-lg, 3rem);margin-bottom:var(--global-kb-spacing-lg, 3rem);}@media all and (max-width: 1024px){.kadence-column3402_ea9e50-2e > .kt-inside-inner-col{flex-direction:column;justify-content:center;}}@media all and (max-width: 767px){.kadence-column3402_ea9e50-2e > .kt-inside-inner-col{flex-direction:column;justify-content:center;}}<\/style>\n<div class=\"wp-block-kadence-column kadence-column3402_ea9e50-2e kb-section-has-overlay\"><div class=\"kt-inside-inner-col\"><style>.wp-block-kadence-advancedheading.kt-adv-heading3402_5324bc-09, .wp-block-kadence-advancedheading.kt-adv-heading3402_5324bc-09[data-kb-block=\"kb-adv-heading3402_5324bc-09\"]{padding-top:var(--global-kb-spacing-xxs, 0.5rem);padding-bottom:var(--global-kb-spacing-xxs, 0.5rem);padding-left:var(--global-kb-spacing-xs, 1rem);font-style:normal;color:#ffffff;}.wp-block-kadence-advancedheading.kt-adv-heading3402_5324bc-09 mark.kt-highlight, .wp-block-kadence-advancedheading.kt-adv-heading3402_5324bc-09[data-kb-block=\"kb-adv-heading3402_5324bc-09\"] mark.kt-highlight{font-style:normal;color:#f76a0c;-webkit-box-decoration-break:clone;box-decoration-break:clone;padding-top:0px;padding-right:0px;padding-bottom:0px;padding-left:0px;}.wp-block-kadence-advancedheading.kt-adv-heading3402_5324bc-09 img.kb-inline-image, .wp-block-kadence-advancedheading.kt-adv-heading3402_5324bc-09[data-kb-block=\"kb-adv-heading3402_5324bc-09\"] img.kb-inline-image{width:150px;vertical-align:baseline;}<\/style>\n<h2 class=\"kt-adv-heading3402_5324bc-09 wp-block-kadence-advancedheading\" data-kb-block=\"kb-adv-heading3402_5324bc-09\">Formulare<\/h2>\n<\/div><\/div>\n\n\n\n<p>Hier findest du den direkten Zugriff auf die wichtigsten Formulare.<\/p>\n\n\n\n<figure class=\"wp-block-table\"><table><tbody><tr><td>M\u00f6chtest du Mitglied in unserem Klub werden?<\/td><td><a href=\"https:\/\/www.sknh.ch\/wp-content\/uploads\/2021\/10\/Anmeldeformular-SKNH.pdf\" target=\"_blank\" rel=\"noreferrer noopener\">Antragsformular<\/a><\/td><\/tr><tr><td>Hast du eine neue Adresse?<\/td><td><a href=\"https:\/\/www.sknh.ch\/wp-content\/uploads\/2021\/10\/Anmeldeformular-SKNH.pdf\" target=\"_blank\" rel=\"noreferrer noopener\">Adress\u00e4nderungsformular<\/a><br><a href=\"http:\/\/sknh.ch\/adressaenderung-2\/\" target=\"_blank\" rel=\"noreferrer noopener\">Adress\u00e4nderung Online ausf\u00fcllen<\/a><\/td><\/tr><tr><td>Zugriff zur SKG Mitgliederdatenbank<\/td><td><a href=\"https:\/\/mein.fairgate.ch\/skg-scs\/internal\/signin\" target=\"_blank\" rel=\"noreferrer noopener\">Fairgate<\/a><\/td><\/tr><tr><td>Ank\u00f6rung KVB und Exterieurbeurteilung<\/td><td><a href=\"https:\/\/www.sknh.ch\/wp-content\/uploads\/2024\/07\/Anmeldung-KVB-Ext-de.pdf\" target=\"_blank\" rel=\"noreferrer noopener\">Anmeldung<\/a> (pdf zum Drucken)<br><a href=\"https:\/\/www.sknh.ch\/anmeldung-zur-ankoerung-kvb-exterieur\/\" target=\"_blank\" rel=\"noreferrer noopener\">Anmeldeformular Online ausf\u00fcllen<\/a><br><a href=\"https:\/\/www.sknh.ch\/anmeldung-zur-ankoerung-exterieurbeurteilung-und-kvb-fr\/\" data-type=\"page\" data-id=\"1444\" target=\"_blank\" rel=\"noreferrer noopener\">Inscription en ligne (FR)<\/a><\/td><\/tr><tr><td>Formular Augenuntersuchung (im Rahmen der Zuchtuntersuchung)<\/td><td><a href=\"http:\/\/sknh.ch\/wp-content\/uploads\/2019\/09\/Datenblatt-Zuchtuntersuchung.pdf\" target=\"_blank\" rel=\"noreferrer noopener\">Formular<\/a><\/td><\/tr><tr><td>Gebissbeurteilung<\/td><td><a href=\"http:\/\/sknh.ch\/wp-content\/uploads\/2019\/09\/Gewichtundzahnatteste.pdf\" target=\"_blank\" rel=\"noreferrer noopener\">Formular<\/a><\/td><\/tr><tr><td>M\u00f6chtest du deine Hunde in der Gebrauchshundeklasse ausstellen?<\/td><td><a href=\"http:\/\/sknh.ch\/wp-content\/uploads\/2019\/10\/Arbeitshefte-fu%CC%88r-reinrassige-Schlittenhunde.pdf\" target=\"_blank\" rel=\"noreferrer noopener\">Bestellung Arbeitshefte f\u00fcr reinrassige Schlittenhunde (.pdf)<\/a><\/td><\/tr><tr><td>&nbsp;<\/td><td>&nbsp;<\/td><\/tr><tr><td>SKNH Checkliste Zucht \u2013 Administrative Schritte<\/td><td><a href=\"https:\/\/www.sknh.ch\/wp-content\/uploads\/2024\/06\/Checkliste-Zucht-2024_d.pdf\" target=\"_blank\" rel=\"noreferrer noopener\">Checkliste<\/a><\/td><\/tr><tr><td>Antrag zum internationalen Schutz eines Zuchtnamens<\/td><td><a href=\"http:\/\/sknh.ch\/wp-content\/uploads\/2019\/09\/Zuchtnamenantrag.pdf\" target=\"_blank\" rel=\"noreferrer noopener\">Antrag f\u00fcr einen Zuchtnamen<\/a><\/td><\/tr><tr><td>SKNH Deckanzeige<\/td><td><a href=\"https:\/\/www.sknh.ch\/wp-content\/uploads\/2020\/06\/SKNH-interne-Deckmeldung.pdf\" target=\"_blank\" rel=\"noreferrer noopener\">Deckanzeigeformular (.pdf)<\/a><br><a href=\"https:\/\/www.sknh.ch\/deckmeldungen\/\" data-type=\"page\" data-id=\"3404\">Deckanzeigeformular online ausf\u00fcllen<\/a><\/td><\/tr><tr><td>SKNH Wurfmeldung<\/td><td><a href=\"https:\/\/www.sknh.ch\/wp-content\/uploads\/2020\/06\/SKNH-Wurfmeldung.pdf\" target=\"_blank\" rel=\"noreferrer noopener\">Wurfmeldeformular (.pdf)<\/a><br><a href=\"https:\/\/www.sknh.ch\/wurfmeldungen\/\" data-type=\"page\" data-id=\"3408\">Wurfmeldeformular Online ausf\u00fcllen<\/a><\/td><\/tr><tr><td>SKNH Mustervertrag<\/td><td><a href=\"http:\/\/sknh.ch\/wp-content\/uploads\/2019\/09\/SKNH-Mustervertrag.doc\" target=\"_blank\" rel=\"noreferrer noopener\">Mustervertrag (.doc)<\/a><\/td><\/tr><tr><td>&nbsp;<\/td><td>&nbsp;<\/td><\/tr><tr><td>Kollektive Rechtsschutzversicherung<\/td><td><a href=\"http:\/\/sknh.ch\/wp-content\/uploads\/2019\/09\/Rechtsschutzinfo.pdf\" target=\"_blank\" rel=\"noreferrer noopener\">Kostenloser Rechtschutz f\u00fcr die SKG Mitglieder<\/a><\/td><\/tr><tr><td>Rechtsfallanzeige<\/td><td><a href=\"http:\/\/sknh.ch\/wp-content\/uploads\/2019\/09\/Rechtsfallanzeige.pdf\" target=\"_blank\" rel=\"noreferrer noopener\">Formular zur Rechtsfallanzeige<\/a><\/td><\/tr><\/tbody><\/table><\/figure>\n","protected":false},"excerpt":{"rendered":"<p>Formulare Hier findest du den direkten Zugriff auf die wichtigsten Formulare. M\u00f6chtest du Mitglied in unserem Klub werden? Antragsformular Hast du eine neue Adresse? Adress\u00e4nderungsformularAdress\u00e4nderung Online ausf\u00fcllen Zugriff zur SKG Mitgliederdatenbank Fairgate Ank\u00f6rung KVB und Exterieurbeurteilung Anmeldung (pdf zum Drucken)Anmeldeformular Online ausf\u00fcllenInscription en ligne (FR) Formular Augenuntersuchung (im Rahmen der Zuchtuntersuchung) Formular Gebissbeurteilung Formular M\u00f6chtest&#8230;<\/p>\n","protected":false},"author":2,"featured_media":0,"parent":0,"menu_order":0,"comment_status":"closed","ping_status":"closed","template":"","meta":{"_kad_post_transparent":"","_kad_post_title":"","_kad_post_layout":"","_kad_post_sidebar_id":"","_kad_post_content_style":"","_kad_post_vertical_padding":"","_kad_post_feature":"","_kad_post_feature_position":"","_kad_post_header":false,"_kad_post_footer":false,"footnotes":""},"wf_page_folders":[10],"class_list":["post-3402","page","type-page","status-publish","hentry"],"_links":{"self":[{"href":"https:\/\/www.sknh.ch\/de\/wp-json\/wp\/v2\/pages\/3402","targetHints":{"allow":["GET"]}}],"collection":[{"href":"https:\/\/www.sknh.ch\/de\/wp-json\/wp\/v2\/pages"}],"about":[{"href":"https:\/\/www.sknh.ch\/de\/wp-json\/wp\/v2\/types\/page"}],"author":[{"embeddable":true,"href":"https:\/\/www.sknh.ch\/de\/wp-json\/wp\/v2\/users\/2"}],"replies":[{"embeddable":true,"href":"https:\/\/www.sknh.ch\/de\/wp-json\/wp\/v2\/comments?post=3402"}],"version-history":[{"count":16,"href":"https:\/\/www.sknh.ch\/de\/wp-json\/wp\/v2\/pages\/3402\/revisions"}],"predecessor-version":[{"id":4243,"href":"https:\/\/www.sknh.ch\/de\/wp-json\/wp\/v2\/pages\/3402\/revisions\/4243"}],"wp:attachment":[{"href":"https:\/\/www.sknh.ch\/de\/wp-json\/wp\/v2\/media?parent=3402"}],"wp:term":[{"taxonomy":"wf_page_folders","embeddable":true,"href":"https:\/\/www.sknh.ch\/de\/wp-json\/wp\/v2\/wf_page_folders?post=3402"}],"curies":[{"name":"wp","href":"https:\/\/api.w.org\/{rel}","templated":true}]}}