{"id":3400,"date":"2024-04-25T07:25:16","date_gmt":"2024-04-25T07:25:16","guid":{"rendered":"https:\/\/www.sknh.ch\/?page_id=3400"},"modified":"2026-01-13T13:33:53","modified_gmt":"2026-01-13T13:33:53","slug":"statuten-und-reglemente","status":"publish","type":"page","link":"https:\/\/www.sknh.ch\/de\/statuten-und-reglemente\/","title":{"rendered":"Statuten und Reglemente"},"content":{"rendered":"<style>.kadence-column3400_b576dc-a9 > .kt-inside-inner-col,.kadence-column3400_b576dc-a9 > .kt-inside-inner-col:before{border-top-left-radius:0px;border-top-right-radius:0px;border-bottom-right-radius:0px;border-bottom-left-radius:0px;}.kadence-column3400_b576dc-a9 > .kt-inside-inner-col{column-gap:var(--global-kb-gap-sm, 1rem);}.kadence-column3400_b576dc-a9 > .kt-inside-inner-col{flex-direction:column;}.kadence-column3400_b576dc-a9 > .kt-inside-inner-col > .aligncenter{width:100%;}.kadence-column3400_b576dc-a9 > .kt-inside-inner-col{background-image:linear-gradient(135deg,rgb(6,147,227) 0%,rgb(20,39,109) 100%);}.kadence-column3400_b576dc-a9 > .kt-inside-inner-col:before{opacity:1;background-image:linear-gradient(135deg,rgb(48,118,190) 0%,var(--global-palette6,#718096) 53%,rgb(72,140,209) 100%);}.kadence-column3400_b576dc-a9{position:relative;}.kadence-column3400_b576dc-a9, .kt-inside-inner-col > .kadence-column3400_b576dc-a9:not(.specificity){margin-top:var(--global-kb-spacing-lg, 3rem);margin-bottom:var(--global-kb-spacing-lg, 3rem);}@media all and (max-width: 1024px){.kadence-column3400_b576dc-a9 > .kt-inside-inner-col{flex-direction:column;justify-content:center;}}@media all and (max-width: 767px){.kadence-column3400_b576dc-a9 > .kt-inside-inner-col{flex-direction:column;justify-content:center;}}<\/style>\n<div class=\"wp-block-kadence-column kadence-column3400_b576dc-a9 kb-section-has-overlay\"><div class=\"kt-inside-inner-col\"><style>.wp-block-kadence-advancedheading.kt-adv-heading3400_0a3faa-b6, .wp-block-kadence-advancedheading.kt-adv-heading3400_0a3faa-b6[data-kb-block=\"kb-adv-heading3400_0a3faa-b6\"]{padding-top:var(--global-kb-spacing-xxs, 0.5rem);padding-bottom:var(--global-kb-spacing-xxs, 0.5rem);padding-left:var(--global-kb-spacing-xs, 1rem);font-style:normal;color:#ffffff;}.wp-block-kadence-advancedheading.kt-adv-heading3400_0a3faa-b6 mark.kt-highlight, .wp-block-kadence-advancedheading.kt-adv-heading3400_0a3faa-b6[data-kb-block=\"kb-adv-heading3400_0a3faa-b6\"] mark.kt-highlight{font-style:normal;color:#f76a0c;-webkit-box-decoration-break:clone;box-decoration-break:clone;padding-top:0px;padding-right:0px;padding-bottom:0px;padding-left:0px;}.wp-block-kadence-advancedheading.kt-adv-heading3400_0a3faa-b6 img.kb-inline-image, .wp-block-kadence-advancedheading.kt-adv-heading3400_0a3faa-b6[data-kb-block=\"kb-adv-heading3400_0a3faa-b6\"] img.kb-inline-image{width:150px;vertical-align:baseline;}<\/style>\n<h2 class=\"kt-adv-heading3400_0a3faa-b6 wp-block-kadence-advancedheading\" data-kb-block=\"kb-adv-heading3400_0a3faa-b6\">Statuten und Reglemente<\/h2>\n<\/div><\/div>\n\n\n\n<p><strong>Statuten des SKNH<\/strong><br>Der Schweizerischer Klub f\u00fcr Nordische Hunde ist ein Verein gem\u00e4ss Art. 60ff des Schweizerischen Zivilgesetzbuches mit Sitz am Wohnort des Pr\u00e4sidenten, sowie eine Sektion der Schweizerischen Kynologischen Gesellschaft (SKG) [im Sinne von Art. 5 der SKG-Statuten], die der FCI angeh\u00f6rt.<\/p>\n\n\n\n<p><a href=\"https:\/\/www.sknh.ch\/wp-content\/uploads\/2025\/12\/2510SKNH-Statuten.pdf\" target=\"_blank\" rel=\"noreferrer noopener\">\u2013 Statuten<\/a><\/p>\n\n\n\n<p><strong>Zuchtreglement des SKNH<br><\/strong>Die Z\u00fcchter Nordischer Rassen sowie die Klubfunktion\u00e4re bem\u00fchen sich um die Zucht von gesunden, exterieur- und verhaltensm\u00e4ssig standard-konformen, ihrem urspr\u00fcnglich zugedachten Einsatzgebiet entsprechenden, leistungsf\u00e4higen Hunden. Als Grundlage dienen die offiziellen, in den Ursprungsl\u00e4ndern der Rassen erarbeiteten<br>und bei der F\u00e9d\u00e9ration Cynologique Internationale (FCI) hinterlegten Rasse-Standards.<\/p>\n\n\n\n<p>Die von der GV des SKNH genehmigte Zuchtreglements \u00c4nderung wurde von der SKG genehmigt und ist 20 Tage nach Publikation g\u00fcltig. In dem Fall gilt das ge\u00e4nderte Zuchtreglement ab 26.09.2022 als g\u00fcltig.<\/p>\n\n\n\n<p><a href=\"https:\/\/www.sknh.ch\/wp-content\/uploads\/2022\/09\/Zuchtreglement_D.pdf\">\u2013 <\/a><a href=\"https:\/\/www.sknh.ch\/wp-content\/uploads\/2025\/11\/ZuchtReglement_2024_d.pdf\" target=\"_blank\" rel=\"noreferrer noopener\">Zuchtreglement (D)<\/a><a><br><\/a><a href=\"http:\/\/sknh.ch\/wp-content\/uploads\/2019\/09\/Zuchreglement-Franz.pdf\"><\/a><\/p>\n\n\n\n<p><strong><br>Weisungen f\u00fcr Zuchtst\u00e4tten \u2013 und Wurfkontrollen des SKNH<\/strong><\/p>\n\n\n\n<p><a href=\"https:\/\/www.sknh.ch\/wp-content\/uploads\/2023\/11\/Weisungen-Zuchtstaetten-und-Wurfkontrolleure-de-2023.pdf\" target=\"_blank\" rel=\"noreferrer noopener\">\u2013&nbsp;Weisungen (D)<\/a><\/p>\n\n\n\n<p><strong><br>Checkliste \u2013 Zucht f\u00fcr Z\u00fcchter:&nbsp;<\/strong><\/p>\n\n\n\n<p><a href=\"https:\/\/www.sknh.ch\/wp-content\/uploads\/2024\/06\/Checkliste-Zucht-2024_d.pdf\" target=\"_blank\" rel=\"noreferrer noopener\">\u2013 Checkliste<\/a><\/p>\n\n\n\n<p><strong>Information Plattform Augenuntersuchung<\/strong><\/p>\n\n\n\n<p><a href=\"https:\/\/www.sknh.ch\/wp-content\/uploads\/2023\/12\/Augenuntersuchung-Plattform.pdf\" target=\"_blank\" rel=\"noreferrer noopener\">\u2013 Information Augenuntersuchung Plattform<\/a>&nbsp; &nbsp; &nbsp; &nbsp; &nbsp;<\/p>\n\n\n\n<p><strong>Geb\u00fchrentabelle des SKNH<\/strong><\/p>\n\n\n\n<p><a href=\"https:\/\/www.sknh.ch\/wp-content\/uploads\/2025\/12\/2503SKNH-Gebuehren_neu_ab_GV_Maerz.pdf\" target=\"_blank\" rel=\"noreferrer noopener\">\u2013 Mitgliederbeitr\u00e4ge, Taxen und Geb\u00fchren (D)<\/a><\/p>\n\n\n\n<p><strong>Ausf\u00fchrungsbestimmungen (AB) zur K\u00f6rverhaltensbeurteilung (KVB<\/strong>)<\/p>\n\n\n\n<p><a href=\"http:\/\/sknh.ch\/wp-content\/uploads\/2019\/09\/AB-KVB-Bestimmungen.pdf\" target=\"_blank\" rel=\"noreferrer noopener\">\u2013 AV \/ KVB<\/a><\/p>\n\n\n\n<p><strong>Kontaktadressen f\u00fcr Arbeitshefte und ALP:&nbsp;<a href=\"mailto:husky1@sknh.ch\">Brigitte Favre<\/a>,&nbsp;<a href=\"mailto:jwh@sknh.ch\">Alessia Buchm\u00fcller<\/a><\/strong><\/p>\n\n\n\n<p>\u2013&nbsp;<a href=\"https:\/\/www.sknh.ch\/wp-content\/uploads\/2023\/09\/Neues-Bestimmungen-ALP-1-ALP-2-2023.pdf\" target=\"_blank\" rel=\"noreferrer noopener\">Neue Bestimmungen ALP 1 &amp; ALP 2 2023<\/a><\/p>\n\n\n\n<p><a href=\"https:\/\/www.sknh.ch\/wp-content\/uploads\/2023\/09\/Formular-Anmeldung-Leistungsnachweis-ALP_Formulaire-avertissement-ALP-2.pdf\" target=\"_blank\" rel=\"noreferrer noopener\">\u2013 Anmeldung Leistungsnachweis ALP\/Formulaire avertissement ALP<\/a>&nbsp; &nbsp; &nbsp; &nbsp; &nbsp; &nbsp; &nbsp; &nbsp; &nbsp; &nbsp; &nbsp; &nbsp; &nbsp; &nbsp; &nbsp; &nbsp; &nbsp; &nbsp; &nbsp; &nbsp; &nbsp; &nbsp; &nbsp; &nbsp; &nbsp; &nbsp; &nbsp; &nbsp; &nbsp; &nbsp; &nbsp; &nbsp; &nbsp; &nbsp; &nbsp; &nbsp; &nbsp; &nbsp; &nbsp; &nbsp; &nbsp; &nbsp; &nbsp; &nbsp; &nbsp; &nbsp;<\/p>\n\n\n\n<p><strong>Pflichtenhefte der SKNH Funktion\u00e4re<\/strong><\/p>\n\n\n\n<figure class=\"wp-block-table\"><table><tbody><tr><td>&nbsp;<a href=\"http:\/\/sknh.ch\/wp-content\/uploads\/2019\/09\/Profil-SKNH-Funktionaere-2011.pdf\" target=\"_blank\" rel=\"noreferrer noopener\">Profil SKNH Funktion\u00e4re<\/a><\/td><td><a href=\"http:\/\/sknh.ch\/wp-content\/uploads\/2019\/09\/Pflichtenheft-Ankoerungen.pdf\" target=\"_blank\" rel=\"noreferrer noopener\">Pflichtenheft Ank\u00f6rungen<\/a><\/td><\/tr><tr><td><a href=\"http:\/\/sknh.ch\/wp-content\/uploads\/2019\/09\/Pflichtenheft-Arbeitsnachweis.pdf\" target=\"_blank\" rel=\"noreferrer noopener\">Pflichtenheft Arbeitsnachweis<\/a><\/td><td><a href=\"http:\/\/sknh.ch\/wp-content\/uploads\/2019\/09\/Pflichtenheft-Ausstellungen.pdf\" target=\"_blank\" rel=\"noreferrer noopener\">Pflichtenheft Aussellungen<\/a><\/td><\/tr><tr><td><a href=\"http:\/\/sknh.ch\/wp-content\/uploads\/2019\/09\/Pflichtenheft-EDV.pdf\" target=\"_blank\" rel=\"noreferrer noopener\">Pflichtenheft EDV<\/a><a href=\"http:\/\/sknh.ch\/documents\/Pflichtenheft%20EDV%20SKNH%202011.pdf\" target=\"_blank\" rel=\"noreferrer noopener\"><\/a><\/td><td><a href=\"http:\/\/sknh.ch\/wp-content\/uploads\/2019\/09\/Pflichtenheft-Kasse.pdf\" target=\"_blank\" rel=\"noreferrer noopener\">Pflichtenheft Kasse<\/a><\/td><\/tr><tr><td><a href=\"http:\/\/sknh.ch\/wp-content\/uploads\/2019\/09\/Pflichtenheft-Klubpraesident.pdf\" target=\"_blank\" rel=\"noreferrer noopener\">Pflichtenheft Klubpr\u00e4sident<\/a><\/td><td><a href=\"http:\/\/sknh.ch\/wp-content\/uploads\/2019\/09\/Pflichtenheft-Rassezuchtwart.pdf\" target=\"_blank\" rel=\"noreferrer noopener\">Pflichtenheft Rassezuchtwart<\/a><\/td><\/tr><tr><td><a href=\"http:\/\/sknh.ch\/wp-content\/uploads\/2019\/09\/Pflichtenheft-Redaktion.pdf\" target=\"_blank\" rel=\"noreferrer noopener\">Pflichtenheft Redaktion<\/a><\/td><td><a href=\"http:\/\/sknh.ch\/wp-content\/uploads\/2019\/09\/Pflichtenheft-Sekretariat.pdf\" target=\"_blank\" rel=\"noreferrer noopener\">Pflichtenheft Sekretariat<\/a><\/td><\/tr><tr><td><a href=\"http:\/\/sknh.ch\/wp-content\/uploads\/2019\/09\/Pflichtenheft-Shop.pdf\" target=\"_blank\" rel=\"noreferrer noopener\">Pflichtenheft Shop<\/a><\/td><td><a href=\"http:\/\/sknh.ch\/wp-content\/uploads\/2019\/09\/Pflichtenheft-Vizepraesident.pdf\" target=\"_blank\" rel=\"noreferrer noopener\">Pflichtenheft Vizepr\u00e4sident<\/a><\/td><\/tr><tr><td><a href=\"https:\/\/www.sknh.ch\/wp-content\/uploads\/2021\/09\/Pflichtenheft-Zukopr.pdf\" target=\"_blank\" rel=\"noreferrer noopener\">Pflichtenheft ZuKo Pr\u00e4sident<\/a><\/td><td><a href=\"http:\/\/sknh.ch\/wp-content\/uploads\/2019\/09\/Pflichtenheft-ZuKo-Sek.pdf\" target=\"_blank\" rel=\"noreferrer noopener\">Pflichtenheft ZuKo Sekretariat<\/a><\/td><\/tr><\/tbody><\/table><\/figure>\n\n\n\n<h4 class=\"wp-block-heading\">&nbsp;<\/h4>\n\n\n\n<p><strong><a href=\"http:\/\/sknh.ch\/wp-content\/uploads\/2019\/09\/Datenschutzreglement.pdf\" target=\"_blank\" rel=\"noreferrer noopener\">Datenschutzreglement<\/a><\/strong><\/p>\n","protected":false},"excerpt":{"rendered":"<p>Statuten und Reglemente Statuten des SKNHDer Schweizerischer Klub f\u00fcr Nordische Hunde ist ein Verein gem\u00e4ss Art. 60ff des Schweizerischen Zivilgesetzbuches mit Sitz am Wohnort des Pr\u00e4sidenten, sowie eine Sektion der Schweizerischen Kynologischen Gesellschaft (SKG) [im Sinne von Art. 5 der SKG-Statuten], die der FCI angeh\u00f6rt. \u2013 Statuten Zuchtreglement des SKNHDie Z\u00fcchter Nordischer Rassen sowie die&#8230;<\/p>\n","protected":false},"author":2,"featured_media":0,"parent":0,"menu_order":0,"comment_status":"closed","ping_status":"closed","template":"","meta":{"_kad_post_transparent":"","_kad_post_title":"","_kad_post_layout":"","_kad_post_sidebar_id":"","_kad_post_content_style":"","_kad_post_vertical_padding":"","_kad_post_feature":"","_kad_post_feature_position":"","_kad_post_header":false,"_kad_post_footer":false,"footnotes":""},"wf_page_folders":[10],"class_list":["post-3400","page","type-page","status-publish","hentry"],"_links":{"self":[{"href":"https:\/\/www.sknh.ch\/de\/wp-json\/wp\/v2\/pages\/3400","targetHints":{"allow":["GET"]}}],"collection":[{"href":"https:\/\/www.sknh.ch\/de\/wp-json\/wp\/v2\/pages"}],"about":[{"href":"https:\/\/www.sknh.ch\/de\/wp-json\/wp\/v2\/types\/page"}],"author":[{"embeddable":true,"href":"https:\/\/www.sknh.ch\/de\/wp-json\/wp\/v2\/users\/2"}],"replies":[{"embeddable":true,"href":"https:\/\/www.sknh.ch\/de\/wp-json\/wp\/v2\/comments?post=3400"}],"version-history":[{"count":17,"href":"https:\/\/www.sknh.ch\/de\/wp-json\/wp\/v2\/pages\/3400\/revisions"}],"predecessor-version":[{"id":4390,"href":"https:\/\/www.sknh.ch\/de\/wp-json\/wp\/v2\/pages\/3400\/revisions\/4390"}],"wp:attachment":[{"href":"https:\/\/www.sknh.ch\/de\/wp-json\/wp\/v2\/media?parent=3400"}],"wp:term":[{"taxonomy":"wf_page_folders","embeddable":true,"href":"https:\/\/www.sknh.ch\/de\/wp-json\/wp\/v2\/wf_page_folders?post=3400"}],"curies":[{"name":"wp","href":"https:\/\/api.w.org\/{rel}","templated":true}]}}