{"id":3392,"date":"2024-04-25T07:15:38","date_gmt":"2024-04-25T07:15:38","guid":{"rendered":"https:\/\/www.sknh.ch\/?page_id=3392"},"modified":"2024-05-15T12:36:51","modified_gmt":"2024-05-15T12:36:51","slug":"derklub","status":"publish","type":"page","link":"https:\/\/www.sknh.ch\/de\/derklub\/","title":{"rendered":"Der Klub"},"content":{"rendered":"<style>.kadence-column3392_6e9b37-35 > .kt-inside-inner-col,.kadence-column3392_6e9b37-35 > .kt-inside-inner-col:before{border-top-left-radius:0px;border-top-right-radius:0px;border-bottom-right-radius:0px;border-bottom-left-radius:0px;}.kadence-column3392_6e9b37-35 > .kt-inside-inner-col{column-gap:var(--global-kb-gap-sm, 1rem);}.kadence-column3392_6e9b37-35 > .kt-inside-inner-col{flex-direction:column;}.kadence-column3392_6e9b37-35 > .kt-inside-inner-col > .aligncenter{width:100%;}.kadence-column3392_6e9b37-35 > .kt-inside-inner-col{background-image:linear-gradient(135deg,rgb(6,147,227) 0%,rgb(20,39,109) 100%);}.kadence-column3392_6e9b37-35 > .kt-inside-inner-col:before{opacity:1;background-image:linear-gradient(135deg,rgb(48,118,190) 0%,var(--global-palette6,#718096) 53%,rgb(72,140,209) 100%);}.kadence-column3392_6e9b37-35{position:relative;}.kadence-column3392_6e9b37-35, .kt-inside-inner-col > .kadence-column3392_6e9b37-35:not(.specificity){margin-top:var(--global-kb-spacing-lg, 3rem);margin-bottom:var(--global-kb-spacing-lg, 3rem);}@media all and (max-width: 1024px){.kadence-column3392_6e9b37-35 > .kt-inside-inner-col{flex-direction:column;justify-content:center;}}@media all and (max-width: 767px){.kadence-column3392_6e9b37-35 > .kt-inside-inner-col{flex-direction:column;justify-content:center;}}<\/style>\n<div class=\"wp-block-kadence-column kadence-column3392_6e9b37-35 kb-section-has-overlay\"><div class=\"kt-inside-inner-col\"><style>.wp-block-kadence-advancedheading.kt-adv-heading3392_1e7162-00, .wp-block-kadence-advancedheading.kt-adv-heading3392_1e7162-00[data-kb-block=\"kb-adv-heading3392_1e7162-00\"]{padding-top:var(--global-kb-spacing-xxs, 0.5rem);padding-bottom:var(--global-kb-spacing-xxs, 0.5rem);padding-left:var(--global-kb-spacing-xs, 1rem);font-style:normal;color:#ffffff;}.wp-block-kadence-advancedheading.kt-adv-heading3392_1e7162-00 mark.kt-highlight, .wp-block-kadence-advancedheading.kt-adv-heading3392_1e7162-00[data-kb-block=\"kb-adv-heading3392_1e7162-00\"] mark.kt-highlight{font-style:normal;color:#f76a0c;-webkit-box-decoration-break:clone;box-decoration-break:clone;padding-top:0px;padding-right:0px;padding-bottom:0px;padding-left:0px;}.wp-block-kadence-advancedheading.kt-adv-heading3392_1e7162-00 img.kb-inline-image, .wp-block-kadence-advancedheading.kt-adv-heading3392_1e7162-00[data-kb-block=\"kb-adv-heading3392_1e7162-00\"] img.kb-inline-image{width:150px;vertical-align:baseline;}<\/style>\n<h2 class=\"kt-adv-heading3392_1e7162-00 wp-block-kadence-advancedheading\" data-kb-block=\"kb-adv-heading3392_1e7162-00\">Der Klub<\/h2>\n<\/div><\/div>\n\n\n\n<p>Der Schweizerische Klub f\u00fcr Nordische Hunde (SKNH) wurde 1959 gegr\u00fcndet. Er hat zum statutarischen Ziel, die Haltung und Reinzucht der von ihm betreuten Rassen zu pflegen und zu f\u00f6rdern. Er ist eine Sektion der Schweizerischen Kynologischen Gesellschaft (SKG). Diese untersteht der F\u00e9d\u00e9ration Cynologique Internationale (FCI), der Dachorganisation aller L\u00e4nderverb\u00e4nde und-gesellschaften.<\/p>\n\n\n\n<p>Als Grundlage der z\u00fcchterischen T\u00e4tigkeiten gelten die durch die Stamml\u00e4nder erstellten und von der FCI anerkannten offiziellen Rassestandards.<\/p>\n\n\n\n<p><strong>Der SKNH betreut aktuell 19 Hunderassen aus der FCI-Gruppe 5 (Spitze und Hunde vom Urtyp), die sich in die Untergruppen Schlittenhunde, Nordische Jagdhunde und Nordische Wach- und H\u00fctehunde aufteilen.<\/strong><\/p>\n\n\n\n<p>Der SKNH organisiert Ank\u00f6rungen (Zuchttauglichkeitspr\u00fcfungen), Klubschauen (mit Vergabe des CAC) mit internationaler Beteiligung, Sonderschauen im Rahmen von internationalen Hundeausstellungen der SKG, sowie Seminare zu ausgesuchten Themen.<\/p>\n\n\n\n<p>Der SKNH agiert als Auskunfts- und Vermittlungsstelle mit Beratung von Interessenten beim Kauf von nordischen Hunden. Er bietet Unterst\u00fctzung im Zuchtwesen und \u00fcberwacht die Einhaltung der g\u00fcltigen Vorschriften und Reglemente. Er registriert angek\u00f6rte Zuchttiere, f\u00fchrt Buch \u00fcber das Zuchtgeschehen und dient als Informationsstelle f\u00fcr rassebezogene und allgemeine kynologische Fragen. Neben dem Vorstand bildet die Zuchtkommission ein wichtiges Gremium. In ihr arbeiten die, f\u00fcr die verschiedenen Rassen zust\u00e4ndigen Personen sowie die verantwortlichen f\u00fcr Ausstellungen und Ank\u00f6rungen.&nbsp;&nbsp;&nbsp;<\/p>\n\n\n\n<p>Seit dem Jahre 1965 hat sich der SKNH an vorderster Front im europ\u00e4ischen Schlittenhundesport engagiert. Er f\u00fchrte damals als Pionier diese Sportart in Mitteleuropa ein. In der Folge verbreitete sich von der Schweiz aus der Schlittenhundesport ins n\u00e4here und fernere Ausland. Die heutige Klubarbeit ist haupts\u00e4chlich der Rassezucht und weniger dem Rennsport gewidmet. Ebenfalls bezieht der SKNH Stellung bei z.B. Vernehmlassungen zu neuen Tierschutzgesetzen und Auflagen.<\/p>\n\n\n\n<p><strong>Textteile entnommen aus:<\/strong><br>\u201eUnsere nordischen Hunderassen in Wort und Bild\u201c von Dr. T. Althaus<br>(red. E. Aegerter)<\/p>\n","protected":false},"excerpt":{"rendered":"<p>Der Klub Der Schweizerische Klub f\u00fcr Nordische Hunde (SKNH) wurde 1959 gegr\u00fcndet. Er hat zum statutarischen Ziel, die Haltung und Reinzucht der von ihm betreuten Rassen zu pflegen und zu f\u00f6rdern. Er ist eine Sektion der Schweizerischen Kynologischen Gesellschaft (SKG). Diese untersteht der F\u00e9d\u00e9ration Cynologique Internationale (FCI), der Dachorganisation aller L\u00e4nderverb\u00e4nde und-gesellschaften. Als Grundlage der&#8230;<\/p>\n","protected":false},"author":2,"featured_media":0,"parent":0,"menu_order":0,"comment_status":"closed","ping_status":"closed","template":"","meta":{"_kad_post_transparent":"default","_kad_post_title":"default","_kad_post_layout":"default","_kad_post_sidebar_id":"","_kad_post_content_style":"","_kad_post_vertical_padding":"","_kad_post_feature":"","_kad_post_feature_position":"","_kad_post_header":false,"_kad_post_footer":false,"footnotes":""},"wf_page_folders":[10],"class_list":["post-3392","page","type-page","status-publish","hentry"],"_links":{"self":[{"href":"https:\/\/www.sknh.ch\/de\/wp-json\/wp\/v2\/pages\/3392","targetHints":{"allow":["GET"]}}],"collection":[{"href":"https:\/\/www.sknh.ch\/de\/wp-json\/wp\/v2\/pages"}],"about":[{"href":"https:\/\/www.sknh.ch\/de\/wp-json\/wp\/v2\/types\/page"}],"author":[{"embeddable":true,"href":"https:\/\/www.sknh.ch\/de\/wp-json\/wp\/v2\/users\/2"}],"replies":[{"embeddable":true,"href":"https:\/\/www.sknh.ch\/de\/wp-json\/wp\/v2\/comments?post=3392"}],"version-history":[{"count":3,"href":"https:\/\/www.sknh.ch\/de\/wp-json\/wp\/v2\/pages\/3392\/revisions"}],"predecessor-version":[{"id":3700,"href":"https:\/\/www.sknh.ch\/de\/wp-json\/wp\/v2\/pages\/3392\/revisions\/3700"}],"wp:attachment":[{"href":"https:\/\/www.sknh.ch\/de\/wp-json\/wp\/v2\/media?parent=3392"}],"wp:term":[{"taxonomy":"wf_page_folders","embeddable":true,"href":"https:\/\/www.sknh.ch\/de\/wp-json\/wp\/v2\/wf_page_folders?post=3392"}],"curies":[{"name":"wp","href":"https:\/\/api.w.org\/{rel}","templated":true}]}}