{"id":1444,"date":"2020-01-20T10:44:44","date_gmt":"2020-01-20T10:44:44","guid":{"rendered":"https:\/\/www.sknh.ch\/?page_id=1444"},"modified":"2024-07-20T06:21:16","modified_gmt":"2024-07-20T06:21:16","slug":"anmeldung-zur-ankoerung-exterieurbeurteilung-und-kvb-fr","status":"publish","type":"page","link":"https:\/\/www.sknh.ch\/de\/anmeldung-zur-ankoerung-exterieurbeurteilung-und-kvb-fr\/","title":{"rendered":"Bulletin D\u2019inscription S\u00e9lection de l\u2019ext\u00e9rieur et du comportement"},"content":{"rendered":"<p><em><strong>Important!<\/strong><\/em><\/p>\n<p><strong>&#8211; Les chiens ne doivent en aucun cas avoir \u00e9t\u00e9 trait\u00e9s avec des m\u00e9dicaments qui influencent les hormones et le comportement, y compris l&#8217;hom\u00e9opathie et d&#8217;autres rem\u00e8des alternatifs.<\/strong><\/p>\n\n\n<div class=\"wpcf7 no-js\" id=\"wpcf7-f1443-o1\" lang=\"de-DE\" dir=\"ltr\" data-wpcf7-id=\"1443\">\n<div class=\"screen-reader-response\"><p role=\"status\" aria-live=\"polite\" aria-atomic=\"true\"><\/p> <ul><\/ul><\/div>\n<form action=\"\/de\/wp-json\/wp\/v2\/pages\/1444#wpcf7-f1443-o1\" method=\"post\" class=\"wpcf7-form init\" aria-label=\"Kontaktformular\" enctype=\"multipart\/form-data\" novalidate=\"novalidate\" data-status=\"init\">\n<fieldset class=\"hidden-fields-container\"><input type=\"hidden\" name=\"_wpcf7\" value=\"1443\" \/><input type=\"hidden\" name=\"_wpcf7_version\" value=\"6.1.5\" \/><input type=\"hidden\" name=\"_wpcf7_locale\" value=\"de_DE\" \/><input type=\"hidden\" name=\"_wpcf7_unit_tag\" value=\"wpcf7-f1443-o1\" \/><input type=\"hidden\" name=\"_wpcf7_container_post\" value=\"0\" \/><input type=\"hidden\" name=\"_wpcf7_posted_data_hash\" value=\"\" \/><input type=\"hidden\" name=\"_wpcf7_recaptcha_response\" value=\"\" \/>\n<\/fieldset>\n<p>Bulletin D\u2019Inscription S\u00e9lection de l\u2019ext\u00e9rieur et du comportement du <span class=\"wpcf7-form-control-wrap\" data-name=\"date-379\"><input class=\"wpcf7-form-control wpcf7-date wpcf7-validates-as-required wpcf7-validates-as-date\" aria-required=\"true\" aria-invalid=\"false\" value=\"\" type=\"date\" name=\"date-379\" \/><\/span> \u00e0 Rothenburg\n<\/p>\n<p>--------------------------------------------------------------------------------------------------------\n<\/p>\n<p>Chien 1<br \/>\n<label> race: (champ obligatoire)<br \/>\n<span class=\"wpcf7-form-control-wrap\" data-name=\"menu-701\"><select class=\"wpcf7-form-control wpcf7-select\" aria-invalid=\"false\" name=\"menu-701\"><option value=\"\"><\/option><option value=\"Alaskan Malamute\">Alaskan Malamute<\/option><option value=\"Canadian Eskimo Dog\">Canadian Eskimo Dog<\/option><option value=\"Gr\u00f6nlandhund\">Gr\u00f6nlandhund<\/option><option value=\"Samojede\">Samojede<\/option><option value=\"Siberian Husky\">Siberian Husky<\/option><option value=\"Finnenspitz\">Finnenspitz<\/option><option value=\"J\u00e4mthund\">J\u00e4mthund<\/option><option value=\"Karelischer B\u00e4renhund\">Karelischer B\u00e4renhund<\/option><option value=\"Lundehund\">Lundehund<\/option><option value=\"Norrbotenspets\">Norrbotenspets<\/option><option value=\"Norwegischer Elchhund Grau\">Norwegischer Elchhund Grau<\/option><option value=\"Norwegischer Elchhund Schwarz\">Norwegischer Elchhund Schwarz<\/option><option value=\"Ostsibirische Laika\">Ostsibirische Laika<\/option><option value=\"Russisch Europ\u00e4ische Laika\">Russisch Europ\u00e4ische Laika<\/option><option value=\"Westsibirische Laika\">Westsibirische Laika<\/option><option value=\"Lapinkoira\">Lapinkoira<\/option><option value=\"Lapinporokoira\">Lapinporokoira<\/option><option value=\"Norwegischer Buhund\">Norwegischer Buhund<\/option><option value=\"Schwedischer Lapphund\">Schwedischer Lapphund<\/option><\/select><\/span> <\/label>\n<\/p>\n<p><label> nom du chien (selon pedigree): (champ obligatoire)<br \/>\n<span class=\"wpcf7-form-control-wrap\" data-name=\"name_des_hundes\"><input size=\"40\" maxlength=\"400\" class=\"wpcf7-form-control wpcf7-text wpcf7-validates-as-required\" aria-required=\"true\" aria-invalid=\"false\" value=\"\" type=\"text\" name=\"name_des_hundes\" \/><\/span> <\/label>\n<\/p>\n<p>N\u00b0 CHIP: (champ obligatoire)<br \/>\n<span class=\"wpcf7-form-control-wrap\" data-name=\"number-528\"><input class=\"wpcf7-form-control wpcf7-number wpcf7-validates-as-number\" aria-invalid=\"false\" value=\"\" type=\"number\" name=\"number-528\" \/><\/span>\n<\/p>\n<p>LOS \/obligatoire (champ obligatoire)<br \/>\n<span class=\"wpcf7-form-control-wrap\" data-name=\"number-172\"><input class=\"wpcf7-form-control wpcf7-number wpcf7-validates-as-number\" aria-invalid=\"false\" value=\"\" type=\"number\" name=\"number-172\" \/><\/span>\n<\/p>\n<p>m\u00e2le \/ femelle (champ obligatoire)<br \/>\n<span class=\"wpcf7-form-control-wrap\" data-name=\"checkbox-610\"><span class=\"wpcf7-form-control wpcf7-checkbox wpcf7-validates-as-required\"><span class=\"wpcf7-list-item first\"><input type=\"checkbox\" name=\"checkbox-610[]\" value=\"m\u00e2le\" \/><span class=\"wpcf7-list-item-label\">m\u00e2le<\/span><\/span><span class=\"wpcf7-list-item last\"><input type=\"checkbox\" name=\"checkbox-610[]\" value=\"femelle\" \/><span class=\"wpcf7-list-item-label\">femelle<\/span><\/span><\/span><\/span>\n<\/p>\n<p>Exterieur \/ comport. (champ obligatoire)<br \/>\n<span class=\"wpcf7-form-control-wrap\" data-name=\"checkbox-762\"><span class=\"wpcf7-form-control wpcf7-checkbox\"><span class=\"wpcf7-list-item first\"><input type=\"checkbox\" name=\"checkbox-762[]\" value=\"Exterieur\" \/><span class=\"wpcf7-list-item-label\">Exterieur<\/span><\/span><span class=\"wpcf7-list-item last\"><input type=\"checkbox\" name=\"checkbox-762[]\" value=\"comport\" \/><span class=\"wpcf7-list-item-label\">comport<\/span><\/span><\/span><\/span>\n<\/p>\n<p>--------------------------------------------------------------------------------------------------------\n<\/p>\n<p>Chien 2<br \/>\n<label> race:<br \/>\n<span class=\"wpcf7-form-control-wrap\" data-name=\"menu-702\"><select class=\"wpcf7-form-control wpcf7-select\" aria-invalid=\"false\" name=\"menu-702\"><option value=\"\"><\/option><option value=\"Alaskan Malamute\">Alaskan Malamute<\/option><option value=\"Canadian Eskimo Dog\">Canadian Eskimo Dog<\/option><option value=\"Gr\u00f6nlandhund\">Gr\u00f6nlandhund<\/option><option value=\"Samojede\">Samojede<\/option><option value=\"Siberian Husky\">Siberian Husky<\/option><option value=\"Finnenspitz\">Finnenspitz<\/option><option value=\"J\u00e4mthund\">J\u00e4mthund<\/option><option value=\"Karelischer B\u00e4renhund\">Karelischer B\u00e4renhund<\/option><option value=\"Lundehund\">Lundehund<\/option><option value=\"Norrbotenspets\">Norrbotenspets<\/option><option value=\"Norwegischer Elchhund Grau\">Norwegischer Elchhund Grau<\/option><option value=\"Norwegischer Elchhund Schwarz\">Norwegischer Elchhund Schwarz<\/option><option value=\"Ostsibirische Laika\">Ostsibirische Laika<\/option><option value=\"Russisch Europ\u00e4ische Laika\">Russisch Europ\u00e4ische Laika<\/option><option value=\"Westsibirische Laika\">Westsibirische Laika<\/option><option value=\"Lapinkoira\">Lapinkoira<\/option><option value=\"Lapinporokoira\">Lapinporokoira<\/option><option value=\"Norwegischer Buhund\">Norwegischer Buhund<\/option><option value=\"Schwedischer Lapphund\">Schwedischer Lapphund<\/option><\/select><\/span> <\/label>\n<\/p>\n<p><label> nom du chien (selon pedigree):<br \/>\n<span class=\"wpcf7-form-control-wrap\" data-name=\"name_des_hundes2\"><input size=\"40\" maxlength=\"400\" class=\"wpcf7-form-control wpcf7-text\" aria-invalid=\"false\" value=\"\" type=\"text\" name=\"name_des_hundes2\" \/><\/span> <\/label>\n<\/p>\n<p>N\u00b0 CHIP:<br \/>\n<span class=\"wpcf7-form-control-wrap\" data-name=\"number-529\"><input class=\"wpcf7-form-control wpcf7-number wpcf7-validates-as-number\" aria-invalid=\"false\" value=\"\" type=\"number\" name=\"number-529\" \/><\/span>\n<\/p>\n<p>LOS \/obligatoire<br \/>\n<span class=\"wpcf7-form-control-wrap\" data-name=\"number-173\"><input class=\"wpcf7-form-control wpcf7-number wpcf7-validates-as-number\" aria-invalid=\"false\" value=\"\" type=\"number\" name=\"number-173\" \/><\/span>\n<\/p>\n<p>m\u00e2le \/ femelle<br \/>\n<span class=\"wpcf7-form-control-wrap\" data-name=\"checkbox-611\"><span class=\"wpcf7-form-control wpcf7-checkbox\"><span class=\"wpcf7-list-item first\"><input type=\"checkbox\" name=\"checkbox-611[]\" value=\"m\u00e2le\" \/><span class=\"wpcf7-list-item-label\">m\u00e2le<\/span><\/span><span class=\"wpcf7-list-item last\"><input type=\"checkbox\" name=\"checkbox-611[]\" value=\"femelle\" \/><span class=\"wpcf7-list-item-label\">femelle<\/span><\/span><\/span><\/span>\n<\/p>\n<p>Exterieur \/ comport.<br \/>\n<span class=\"wpcf7-form-control-wrap\" data-name=\"checkbox-763\"><span class=\"wpcf7-form-control wpcf7-checkbox\"><span class=\"wpcf7-list-item first\"><input type=\"checkbox\" name=\"checkbox-763[]\" value=\"Exterieur\" \/><span class=\"wpcf7-list-item-label\">Exterieur<\/span><\/span><span class=\"wpcf7-list-item last\"><input type=\"checkbox\" name=\"checkbox-763[]\" value=\"comport\" \/><span class=\"wpcf7-list-item-label\">comport<\/span><\/span><\/span><\/span>\n<\/p>\n<p>--------------------------------------------------------------------------------------------------------\n<\/p>\n<p>Chien 3<br \/>\n<label> race:<br \/>\n<span class=\"wpcf7-form-control-wrap\" data-name=\"menu-703\"><select class=\"wpcf7-form-control wpcf7-select\" aria-invalid=\"false\" name=\"menu-703\"><option value=\"\"><\/option><option value=\"Alaskan Malamute\">Alaskan Malamute<\/option><option value=\"Canadian Eskimo Dog\">Canadian Eskimo Dog<\/option><option value=\"Gr\u00f6nlandhund\">Gr\u00f6nlandhund<\/option><option value=\"Samojede\">Samojede<\/option><option value=\"Siberian Husky\">Siberian Husky<\/option><option value=\"Finnenspitz\">Finnenspitz<\/option><option value=\"J\u00e4mthund\">J\u00e4mthund<\/option><option value=\"Karelischer B\u00e4renhund\">Karelischer B\u00e4renhund<\/option><option value=\"Lundehund\">Lundehund<\/option><option value=\"Norrbotenspets\">Norrbotenspets<\/option><option value=\"Norwegischer Elchhund Grau\">Norwegischer Elchhund Grau<\/option><option value=\"Norwegischer Elchhund Schwarz\">Norwegischer Elchhund Schwarz<\/option><option value=\"Ostsibirische Laika\">Ostsibirische Laika<\/option><option value=\"Russisch Europ\u00e4ische Laika\">Russisch Europ\u00e4ische Laika<\/option><option value=\"Westsibirische Laika\">Westsibirische Laika<\/option><option value=\"Lapinkoira\">Lapinkoira<\/option><option value=\"Lapinporokoira\">Lapinporokoira<\/option><option value=\"Norwegischer Buhund\">Norwegischer Buhund<\/option><option value=\"Schwedischer Lapphund\">Schwedischer Lapphund<\/option><\/select><\/span> <\/label>\n<\/p>\n<p><label> nom du chien (selon pedigree):<br \/>\n<span class=\"wpcf7-form-control-wrap\" data-name=\"name_des_hundes3\"><input size=\"40\" maxlength=\"400\" class=\"wpcf7-form-control wpcf7-text\" aria-invalid=\"false\" value=\"\" type=\"text\" name=\"name_des_hundes3\" \/><\/span> <\/label>\n<\/p>\n<p>N\u00b0 CHIP:<br \/>\n<span class=\"wpcf7-form-control-wrap\" data-name=\"number-530\"><input class=\"wpcf7-form-control wpcf7-number wpcf7-validates-as-number\" aria-invalid=\"false\" value=\"\" type=\"number\" name=\"number-530\" \/><\/span><br \/>\nLOS \/obligatoire<br \/>\n<span class=\"wpcf7-form-control-wrap\" data-name=\"number-174\"><input class=\"wpcf7-form-control wpcf7-number wpcf7-validates-as-number\" aria-invalid=\"false\" value=\"\" type=\"number\" name=\"number-174\" \/><\/span>\n<\/p>\n<p>m\u00e2le \/ femelle<br \/>\n<span class=\"wpcf7-form-control-wrap\" data-name=\"checkbox-612\"><span class=\"wpcf7-form-control wpcf7-checkbox\"><span class=\"wpcf7-list-item first\"><input type=\"checkbox\" name=\"checkbox-612[]\" value=\"m\u00e2le\" \/><span class=\"wpcf7-list-item-label\">m\u00e2le<\/span><\/span><span class=\"wpcf7-list-item last\"><input type=\"checkbox\" name=\"checkbox-612[]\" value=\"femelle\" \/><span class=\"wpcf7-list-item-label\">femelle<\/span><\/span><\/span><\/span>\n<\/p>\n<p>Exterieur \/ comport.<br \/>\n<span class=\"wpcf7-form-control-wrap\" data-name=\"checkbox-764\"><span class=\"wpcf7-form-control wpcf7-checkbox\"><span class=\"wpcf7-list-item first\"><input type=\"checkbox\" name=\"checkbox-764[]\" value=\"Exterieur\" \/><span class=\"wpcf7-list-item-label\">Exterieur<\/span><\/span><span class=\"wpcf7-list-item last\"><input type=\"checkbox\" name=\"checkbox-764[]\" value=\"comport\" \/><span class=\"wpcf7-list-item-label\">comport<\/span><\/span><\/span><\/span>\n<\/p>\n<p>--------------------------------------------------------------------------------------------------------\n<\/p>\n<p>Chien 4<br \/>\n<label> race:<br \/>\n<span class=\"wpcf7-form-control-wrap\" data-name=\"menu-704\"><select class=\"wpcf7-form-control wpcf7-select\" aria-invalid=\"false\" name=\"menu-704\"><option value=\"\"><\/option><option value=\"Alaskan Malamute\">Alaskan Malamute<\/option><option value=\"Canadian Eskimo Dog\">Canadian Eskimo Dog<\/option><option value=\"Gr\u00f6nlandhund\">Gr\u00f6nlandhund<\/option><option value=\"Samojede\">Samojede<\/option><option value=\"Siberian Husky\">Siberian Husky<\/option><option value=\"Finnenspitz\">Finnenspitz<\/option><option value=\"J\u00e4mthund\">J\u00e4mthund<\/option><option value=\"Karelischer B\u00e4renhund\">Karelischer B\u00e4renhund<\/option><option value=\"Lundehund\">Lundehund<\/option><option value=\"Norrbotenspets\">Norrbotenspets<\/option><option value=\"Norwegischer Elchhund Grau\">Norwegischer Elchhund Grau<\/option><option value=\"Norwegischer Elchhund Schwarz\">Norwegischer Elchhund Schwarz<\/option><option value=\"Ostsibirische Laika\">Ostsibirische Laika<\/option><option value=\"Russisch Europ\u00e4ische Laika\">Russisch Europ\u00e4ische Laika<\/option><option value=\"Westsibirische Laika\">Westsibirische Laika<\/option><option value=\"Lapinkoira\">Lapinkoira<\/option><option value=\"Lapinporokoira\">Lapinporokoira<\/option><option value=\"Norwegischer Buhund\">Norwegischer Buhund<\/option><option value=\"Schwedischer Lapphund\">Schwedischer Lapphund<\/option><\/select><\/span> <\/label>\n<\/p>\n<p><label> nom du chien (selon pedigree):<br \/>\n<span class=\"wpcf7-form-control-wrap\" data-name=\"name_des_hundes4\"><input size=\"40\" maxlength=\"400\" class=\"wpcf7-form-control wpcf7-text\" aria-invalid=\"false\" value=\"\" type=\"text\" name=\"name_des_hundes4\" \/><\/span> <\/label>\n<\/p>\n<p>N\u00b0 CHIP:<br \/>\n<span class=\"wpcf7-form-control-wrap\" data-name=\"number-531\"><input class=\"wpcf7-form-control wpcf7-number wpcf7-validates-as-number\" aria-invalid=\"false\" value=\"\" type=\"number\" name=\"number-531\" \/><\/span>\n<\/p>\n<p>LOS \/obligatoire<br \/>\n<span class=\"wpcf7-form-control-wrap\" data-name=\"number-175\"><input class=\"wpcf7-form-control wpcf7-number wpcf7-validates-as-number\" aria-invalid=\"false\" value=\"\" type=\"number\" name=\"number-175\" \/><\/span>\n<\/p>\n<p>m\u00e2le \/ femelle<br \/>\n<span class=\"wpcf7-form-control-wrap\" data-name=\"checkbox-613\"><span class=\"wpcf7-form-control wpcf7-checkbox\"><span class=\"wpcf7-list-item first\"><input type=\"checkbox\" name=\"checkbox-613[]\" value=\"m\u00e2le\" \/><span class=\"wpcf7-list-item-label\">m\u00e2le<\/span><\/span><span class=\"wpcf7-list-item last\"><input type=\"checkbox\" name=\"checkbox-613[]\" value=\"femelle\" \/><span class=\"wpcf7-list-item-label\">femelle<\/span><\/span><\/span><\/span>\n<\/p>\n<p>Exterieur \/ comport.<br \/>\n<span class=\"wpcf7-form-control-wrap\" data-name=\"checkbox-765\"><span class=\"wpcf7-form-control wpcf7-checkbox\"><span class=\"wpcf7-list-item first\"><input type=\"checkbox\" name=\"checkbox-765[]\" value=\"Exterieur\" \/><span class=\"wpcf7-list-item-label\">Exterieur<\/span><\/span><span class=\"wpcf7-list-item last\"><input type=\"checkbox\" name=\"checkbox-765[]\" value=\"comport\" \/><span class=\"wpcf7-list-item-label\">comport<\/span><\/span><\/span><\/span>\n<\/p>\n<p>--------------------------------------------------------------------------------------------------------\n<\/p>\n<p>Nom du propri\u00e9taire: (champ obligatoire)<br \/>\n<span class=\"wpcf7-form-control-wrap\" data-name=\"text-360\"><input size=\"40\" maxlength=\"400\" class=\"wpcf7-form-control wpcf7-text wpcf7-validates-as-required\" aria-required=\"true\" aria-invalid=\"false\" placeholder=\"Nom du propri\u00e9taire:\" value=\"\" type=\"text\" name=\"text-360\" \/><\/span>\n<\/p>\n<p>rue et No.: (champ obligatoire)<br \/>\n<span class=\"wpcf7-form-control-wrap\" data-name=\"text-361\"><input size=\"40\" maxlength=\"400\" class=\"wpcf7-form-control wpcf7-text wpcf7-validates-as-required\" aria-required=\"true\" aria-invalid=\"false\" placeholder=\"rue et No.:\" value=\"\" type=\"text\" name=\"text-361\" \/><\/span>\n<\/p>\n<p>NPA Lieu: (champ obligatoire)<br \/>\n<span class=\"wpcf7-form-control-wrap\" data-name=\"text-362\"><input size=\"40\" maxlength=\"400\" class=\"wpcf7-form-control wpcf7-text wpcf7-validates-as-required\" aria-required=\"true\" aria-invalid=\"false\" placeholder=\"NPS Lieu:\" value=\"\" type=\"text\" name=\"text-362\" \/><\/span>\n<\/p>\n<p>T\u00e9l: (champ obligatoire)<br \/>\n<span class=\"wpcf7-form-control-wrap\" data-name=\"number-176\"><input class=\"wpcf7-form-control wpcf7-number wpcf7-validates-as-required wpcf7-validates-as-number\" aria-required=\"true\" aria-invalid=\"false\" value=\"\" type=\"number\" name=\"number-176\" \/><\/span>\n<\/p>\n<p><label> Votre Email (champ obligatoire)<br \/>\n<span class=\"wpcf7-form-control-wrap\" data-name=\"your-email\"><input size=\"40\" maxlength=\"400\" class=\"wpcf7-form-control wpcf7-email wpcf7-validates-as-required wpcf7-text wpcf7-validates-as-email\" aria-required=\"true\" aria-invalid=\"false\" value=\"\" type=\"email\" name=\"your-email\" \/><\/span> <\/label>\n<\/p>\n<p>membre CSCN? (champ obligatoire)<br \/>\n<span class=\"wpcf7-form-control-wrap\" data-name=\"radio-819\"><span class=\"wpcf7-form-control wpcf7-radio\"><span class=\"wpcf7-list-item first\"><input type=\"radio\" name=\"radio-819\" value=\"oui\" \/><span class=\"wpcf7-list-item-label\">oui<\/span><\/span><span class=\"wpcf7-list-item last\"><input type=\"radio\" name=\"radio-819\" value=\"non\" \/><span class=\"wpcf7-list-item-label\">non<\/span><\/span><\/span><\/span>\n<\/p>\n<p>D\u00eener \u00e0 la cabane: (champ obligatoire)<br \/>\n<span class=\"wpcf7-form-control-wrap\" data-name=\"radio-820\"><span class=\"wpcf7-form-control wpcf7-radio\"><span class=\"wpcf7-list-item first\"><input type=\"radio\" name=\"radio-820\" value=\"oui\" \/><span class=\"wpcf7-list-item-label\">oui<\/span><\/span><span class=\"wpcf7-list-item last\"><input type=\"radio\" name=\"radio-820\" value=\"non\" \/><span class=\"wpcf7-list-item-label\">non<\/span><\/span><\/span><\/span>\n<\/p>\n<p>Nombres? (Si non, veuillez \u00e9crire 0) (champ obligatoire)<br \/>\n<span class=\"wpcf7-form-control-wrap\" data-name=\"number-177\"><input class=\"wpcf7-form-control wpcf7-number wpcf7-validates-as-required wpcf7-validates-as-number\" aria-required=\"true\" aria-invalid=\"false\" value=\"\" type=\"number\" name=\"number-177\" \/><\/span>\n<\/p>\n<p><label> lieu et date<br \/>\n<span class=\"wpcf7-form-control-wrap\" data-name=\"datum_ort\"><input size=\"40\" maxlength=\"400\" class=\"wpcf7-form-control wpcf7-text wpcf7-validates-as-required\" aria-required=\"true\" aria-invalid=\"false\" value=\"\" type=\"text\" name=\"datum_ort\" \/><\/span> <\/label>\n<\/p>\n<p>--------------------------------------------------------------------------------------------------------\n<\/p>\n<p>ANNEXES: R\u00e8gl d'\u00e9levage.3.2.1a\n<\/p>\n<p>Annex\u00e9s<br \/>\n<span class=\"wpcf7-form-control-wrap\" data-name=\"acceptance-897\"><span class=\"wpcf7-form-control wpcf7-acceptance optional\"><span class=\"wpcf7-list-item\"><label><input type=\"checkbox\" name=\"acceptance-897\" value=\"1\" aria-invalid=\"false\" \/><span class=\"wpcf7-list-item-label\">copie du certificat de dysplasie<\/span><\/label><\/span><\/span><\/span><span class=\"wpcf7-form-control-wrap\" data-name=\"file-721\"><input size=\"40\" class=\"wpcf7-form-control wpcf7-file\" accept=\".pdf,.jpg,.jpeg,.png,.zip\" aria-invalid=\"false\" type=\"file\" name=\"file-721\" \/><\/span><br \/>\n<span class=\"wpcf7-form-control-wrap\" data-name=\"acceptance-377\"><span class=\"wpcf7-form-control wpcf7-acceptance optional\"><span class=\"wpcf7-list-item\"><label><input type=\"checkbox\" name=\"acceptance-377\" value=\"1\" aria-invalid=\"false\" \/><span class=\"wpcf7-list-item-label\">copie de l\u2019attestation examen ophtalmologique<\/span><\/label><\/span><\/span><\/span><span class=\"wpcf7-form-control-wrap\" data-name=\"file-339\"><input size=\"40\" class=\"wpcf7-form-control wpcf7-file\" accept=\".pdf,.jpg,.jpeg\" aria-invalid=\"false\" type=\"file\" name=\"file-339\" \/><\/span><br \/>\n<span class=\"wpcf7-form-control-wrap\" data-name=\"acceptance-382\"><span class=\"wpcf7-form-control wpcf7-acceptance optional\"><span class=\"wpcf7-list-item\"><label><input type=\"checkbox\" name=\"acceptance-382\" value=\"1\" aria-invalid=\"false\" \/><span class=\"wpcf7-list-item-label\">copie du p\u00e9digr\u00e9e<\/span><\/label><\/span><\/span><\/span><span class=\"wpcf7-form-control-wrap\" data-name=\"file-471\"><input size=\"40\" class=\"wpcf7-form-control wpcf7-file\" accept=\".pdf,.jpg,.jpeg,.png,.zip\" aria-invalid=\"false\" type=\"file\" name=\"file-471\" \/><\/span><br \/>\nCopie Profil ADN <span class=\"wpcf7-form-control-wrap\" data-name=\"file-147\"><input size=\"40\" class=\"wpcf7-form-control wpcf7-file\" accept=\".pdf,.jpg,.jpeg,.png,.zip\" aria-invalid=\"false\" type=\"file\" name=\"file-147\" \/><\/span>\n<\/p>\n<p><input class=\"wpcf7-form-control wpcf7-submit has-spinner\" type=\"submit\" value=\"Envoyer\" \/>\n<\/p><div class=\"wpcf7-response-output\" aria-hidden=\"true\"><\/div>\n<\/form>\n<\/div>\n\n\n\n\n<p><\/p>\n\n\n\n<p><\/p>\n\n\n<p><b>Attention, les taxes de s\u00e9lection ( comportement et ext\u00e9rieur ) sont \u00e0 payer en esp\u00e8ces sur place. Merci d\u2019en prendre acte.<\/b><\/p>\n<p><\/p>\n<p><b>Tarifs pour les membres du club:&nbsp;<\/b><\/p>\n<p>&#8211; Jugement de l\u2019ext\u00e9rieur selon annonce Fr. 90.00<\/p>\n<p>&#8211; Jugement du comportement selon annonce Fr. 120.00<\/p>\n<p>&#8211; Jugement individuel&nbsp; &nbsp; Fr. 200.00<\/p>\n<p>&nbsp;<b style=\"font-style: inherit;\">Tarifs pour les non membres du club:<\/b>&nbsp;<\/p>\n<p>&#8211; Jugement de l\u2019ext\u00e9rieur selon annonce Fr. 180.00<\/p>\n<p>&#8211; Ju Jugement du comportement selon annonce Fr. 240.00<\/p>\n<p>&#8211; Jugement individuel&nbsp; &nbsp;Fr. 400.00<\/p>","protected":false},"excerpt":{"rendered":"<p>Important! &#8211; Les chiens ne doivent en aucun cas avoir \u00e9t\u00e9 trait\u00e9s avec des m\u00e9dicaments qui influencent les hormones et le comportement, y compris l&#8217;hom\u00e9opathie et d&#8217;autres rem\u00e8des alternatifs. Attention, les taxes de s\u00e9lection ( comportement et ext\u00e9rieur ) sont \u00e0 payer en esp\u00e8ces sur place. Merci d\u2019en prendre acte. Tarifs pour les membres du&#8230;<\/p>\n","protected":false},"author":2,"featured_media":0,"parent":0,"menu_order":0,"comment_status":"closed","ping_status":"closed","template":"","meta":{"_kad_post_transparent":"","_kad_post_title":"","_kad_post_layout":"","_kad_post_sidebar_id":"","_kad_post_content_style":"","_kad_post_vertical_padding":"","_kad_post_feature":"","_kad_post_feature_position":"","_kad_post_header":false,"_kad_post_footer":false,"footnotes":""},"wf_page_folders":[10],"class_list":["post-1444","page","type-page","status-publish","hentry"],"_links":{"self":[{"href":"https:\/\/www.sknh.ch\/de\/wp-json\/wp\/v2\/pages\/1444","targetHints":{"allow":["GET"]}}],"collection":[{"href":"https:\/\/www.sknh.ch\/de\/wp-json\/wp\/v2\/pages"}],"about":[{"href":"https:\/\/www.sknh.ch\/de\/wp-json\/wp\/v2\/types\/page"}],"author":[{"embeddable":true,"href":"https:\/\/www.sknh.ch\/de\/wp-json\/wp\/v2\/users\/2"}],"replies":[{"embeddable":true,"href":"https:\/\/www.sknh.ch\/de\/wp-json\/wp\/v2\/comments?post=1444"}],"version-history":[{"count":16,"href":"https:\/\/www.sknh.ch\/de\/wp-json\/wp\/v2\/pages\/1444\/revisions"}],"predecessor-version":[{"id":2614,"href":"https:\/\/www.sknh.ch\/de\/wp-json\/wp\/v2\/pages\/1444\/revisions\/2614"}],"wp:attachment":[{"href":"https:\/\/www.sknh.ch\/de\/wp-json\/wp\/v2\/media?parent=1444"}],"wp:term":[{"taxonomy":"wf_page_folders","embeddable":true,"href":"https:\/\/www.sknh.ch\/de\/wp-json\/wp\/v2\/wf_page_folders?post=1444"}],"curies":[{"name":"wp","href":"https:\/\/api.w.org\/{rel}","templated":true}]}}